{"id":10730,"date":"2025-07-22T18:27:37","date_gmt":"2025-07-22T18:27:37","guid":{"rendered":"https:\/\/positronpower.com\/declaracion-de-privacidad-de-positron-power-division\/"},"modified":"2025-11-24T19:17:58","modified_gmt":"2025-11-24T19:17:58","slug":"declaracion-de-privacidad-de-positron-power-division","status":"publish","type":"page","link":"https:\/\/positronpower.com\/es\/declaracion-de-privacidad-de-positron-power-division\/","title":{"rendered":"Declaraci\u00f3n de privacidad <br>de Positron Power Division"},"content":{"rendered":"\t\t<div data-elementor-type=\"wp-page\" data-elementor-id=\"10730\" class=\"elementor elementor-10730 elementor-10637\" data-elementor-post-type=\"page\">\n\t\t\t\t<div class=\"elementor-element elementor-element-f451310 e-flex e-con-boxed e-con e-parent\" data-id=\"f451310\" data-element_type=\"container\" data-e-type=\"container\">\n\t\t\t\t\t<div class=\"e-con-inner\">\n\t\t\t\t<div class=\"elementor-element elementor-element-79bc621 elementor-widget elementor-widget-heading\" data-id=\"79bc621\" data-element_type=\"widget\" data-e-type=\"widget\" data-widget_type=\"heading.default\">\n\t\t\t\t<div class=\"elementor-widget-container\">\n\t\t\t\t\t<h2 class=\"elementor-heading-title elementor-size-default\">Declaraci\u00f3n de privacidad de Positron Power Division<\/h2>\t\t\t\t<\/div>\n\t\t\t\t<\/div>\n\t\t\t\t<div class=\"elementor-element elementor-element-e389ad8 elementor-widget elementor-widget-text-editor\" data-id=\"e389ad8\" data-element_type=\"widget\" data-e-type=\"widget\" data-widget_type=\"text-editor.default\">\n\t\t\t\t<div class=\"elementor-widget-container\">\n\t\t\t\t\t\t\t\t\t<p>\u00daltima actualizaci\u00f3n: 21 de julio de 2025<\/p><p>Su privacidad es importante para nosotros. Esta declaraci\u00f3n de privacidad explica los datos personales que Positron Power Division procesa, c\u00f3mo los procesa y con qu\u00e9 fines.<\/p><p>Positron Power Division ofrece una amplia gama de productos, incluidos productos de servidor utilizados para ayudar a operar empresas en todo el mundo. Las referencias a los productos de Positron Power Division en esta declaraci\u00f3n incluyen los servicios, sitios web, aplicaciones, software, servidores y dispositivos de Positron Power Division.<\/p><p>Lea los detalles espec\u00edficos del producto en esta declaraci\u00f3n de privacidad, que proporciona informaci\u00f3n relevante adicional. Esta declaraci\u00f3n se aplica a las interacciones que Positron Power Division tiene con usted y a los productos de Positron Power Division que se enumeran a continuaci\u00f3n, as\u00ed como a otros productos de Positron Power Division que muestran esta declaraci\u00f3n.<\/p><p><strong>Datos personales que recopilamos<\/strong><\/p><p>Positron Power Division recopila datos de usted a trav\u00e9s de nuestras interacciones con usted y a trav\u00e9s de nuestros productos. Usted proporciona algunos de estos datos directamente y nosotros obtenemos algunos de ellos recopilando datos sobre sus interacciones, uso y experiencias con nuestros productos. Los datos que recopilamos dependen del contexto de sus interacciones con Positron Power Division y de las elecciones que realice, incluida su configuraci\u00f3n de privacidad y los productos y funciones que utilice. Tambi\u00e9n obtenemos datos sobre usted de afiliados, subsidiarias y terceros de Positron Power Division.<\/p><p>C\u00f3mo utilizamos los datos personales<\/p><p>Positron Power Division utiliza los datos que recopilamos para brindarle experiencias enriquecedoras e interactivas. En particular, utilizamos los datos para:<\/p><ul><li>Proporcionar nuestros productos, lo que incluye la actualizaci\u00f3n, la seguridad y la resoluci\u00f3n de problemas, as\u00ed como la prestaci\u00f3n de soporte. Tambi\u00e9n incluye el intercambio de datos, cuando es necesario para proporcionar el servicio o llevar a cabo las transacciones que solicite.<\/li><li>Mejorar y desarrollar nuestros productos.<\/li><li>Personalizar nuestros productos y hacer recomendaciones.<\/li><li>Anunciarle y comercializarle, lo que incluye el env\u00edo de comunicaciones promocionales, la publicidad dirigida y la presentaci\u00f3n de ofertas relevantes.<\/li><\/ul><p>Tambi\u00e9n utilizamos los datos para operar nuestro negocio, lo que incluye el an\u00e1lisis de nuestro rendimiento, el cumplimiento de nuestras obligaciones legales, el desarrollo de nuestra fuerza laboral y la realizaci\u00f3n de investigaciones.<\/p><p>Al llevar a cabo estos prop\u00f3sitos, combinamos los datos que recopilamos de diferentes contextos (por ejemplo, de su uso de dos productos de Positron Power Division) u obtenemos de terceros para brindarle una experiencia m\u00e1s fluida, consistente y personalizada, para tomar decisiones comerciales informadas y para otros prop\u00f3sitos leg\u00edtimos.<\/p><p><strong>Razones por las que compartimos datos personales<\/strong><\/p><p>Compartimos sus datos personales con su consentimiento o para completar cualquier transacci\u00f3n o proporcionar cualquier producto que haya solicitado o autorizado. Tambi\u00e9n compartimos datos con afiliados y subsidiarias controladas por Positron Access Solutions Corp.; con proveedores que trabajan en nuestro nombre; cuando lo exige la ley o para responder a un proceso legal; para proteger a nuestros clientes; para proteger vidas; para mantener la seguridad de nuestros productos, y para proteger los derechos y la propiedad de Positron Power Division y sus clientes.<\/p><p><strong>C\u00f3mo acceder y controlar sus datos personales<\/strong><\/p><p>Tambi\u00e9n puede tomar decisiones sobre la recopilaci\u00f3n y el uso de sus datos por parte de Positron Power Division. Puede controlar sus datos personales que Positron Power Division ha obtenido y ejercer sus derechos de protecci\u00f3n de datos poni\u00e9ndose en contacto con Positron Power Division o utilizando las diversas herramientas que proporcionamos. En algunos casos, su capacidad para acceder o controlar sus datos personales ser\u00e1 limitada, seg\u00fan lo requiera o permita la ley aplicable. La forma en que puede acceder o controlar sus datos personales tambi\u00e9n depender\u00e1 de los productos que utilice. Por ejemplo, puede:<\/p><ul><li>Controlar el uso de sus datos para publicidad personalizada de Positron Access Solutions Corp.<\/li><li>Elegir si desea recibir correos electr\u00f3nicos promocionales, mensajes SMS, llamadas telef\u00f3nicas y correo postal de Positron Access Solutions Corp.<\/li><\/ul><p><strong>Cookies y tecnolog\u00edas similares<\/strong><\/p><p>Las cookies son peque\u00f1os archivos de texto que se colocan en su dispositivo para almacenar datos que pueden ser recuperados por un servidor web en el dominio que coloc\u00f3 la cookie. Utilizamos cookies y tecnolog\u00edas similares para almacenar y respetar sus preferencias y configuraciones, lo que le permite iniciar sesi\u00f3n, proporcionar publicidad basada en intereses, combatir el fraude, analizar el rendimiento de nuestros productos y cumplir otros prop\u00f3sitos leg\u00edtimos.<\/p><p>Las cookies de terceros pueden incluir: cookies de redes sociales dise\u00f1adas para mostrarle anuncios y contenido basados en sus perfiles de redes sociales y actividades en nuestros sitios web; cookies de an\u00e1lisis para comprender mejor c\u00f3mo usted y otros utilizan nuestros sitios web para que podamos mejorarlos, y para que los terceros puedan mejorar sus propios productos y servicios; cookies de publicidad para mostrarle anuncios que sean relevantes para usted, y cookies obligatorias utilizadas para realizar funciones esenciales del sitio web. Cuando sea necesario, obtenemos su consentimiento antes de colocar o utilizar cookies opcionales que no sean (i) estrictamente necesarias para proporcionar el sitio web; o (ii) con el fin de facilitar una comunicaci\u00f3n.<\/p><p><strong>Productos proporcionados por su organizaci\u00f3n<\/strong>: aviso a los usuarios finales<\/p><p>Si utiliza un producto de Positron Power Division con una cuenta proporcionada por una organizaci\u00f3n a la que est\u00e1 afiliado, como su cuenta de trabajo o escuela, esa organizaci\u00f3n puede:<\/p><ul><li>Controlar y administrar su producto y cuenta de producto de Positron Power Division, incluido el control de la configuraci\u00f3n relacionada con la privacidad del producto o la cuenta de producto.<\/li><li>Acceder y procesar sus datos, incluidos los datos de interacci\u00f3n, los datos de diagn\u00f3stico y el contenido de sus comunicaciones y archivos asociados con su producto y cuentas de producto de Positron Power Division.<\/li><\/ul><p><strong>Cuenta del portal de Positron Power Division<\/strong><\/p><p>Con una cuenta de Positron Power Division, puede iniciar sesi\u00f3n en los productos de Positron Power Division, as\u00ed como en los de socios selectos de Positron Power Division. Los datos personales asociados con su cuenta de Positron Power Division incluyen credenciales, nombre y datos de contacto, datos de pago, datos de dispositivo y uso, sus contactos, informaci\u00f3n sobre sus actividades y sus intereses y favoritos. Iniciar sesi\u00f3n en su cuenta de Positron Power Division permite la personalizaci\u00f3n y experiencias consistentes en todos los productos y dispositivos, le permite utilizar el almacenamiento de datos en la nube, le permite realizar pagos utilizando instrumentos de pago almacenados en su cuenta de Positron Power Division y habilita otras funciones.<\/p><p>Si inicia sesi\u00f3n en un servicio ofrecido por un tercero con su cuenta de Positron Power Division, compartir\u00e1 con ese tercero los datos de la cuenta requeridos por ese servicio.<\/p>\t\t\t\t\t\t\t\t<\/div>\n\t\t\t\t<\/div>\n\t\t\t\t\t<\/div>\n\t\t\t\t<\/div>\n\t\t\t\t<\/div>\n\t\t","protected":false},"excerpt":{"rendered":"<p>Declaraci\u00f3n de privacidad de Positron Power Division \u00daltima actualizaci\u00f3n: 21 de julio de 2025 Su privacidad es importante para nosotros. Esta declaraci\u00f3n de privacidad explica los datos personales que Positron Power Division procesa, c\u00f3mo los procesa y con qu\u00e9 fines. Positron Power Division ofrece una amplia gama de productos, incluidos productos de servidor utilizados para [&hellip;]<\/p>\n","protected":false},"author":1,"featured_media":0,"parent":0,"menu_order":0,"comment_status":"closed","ping_status":"closed","template":"","meta":{"footnotes":""},"class_list":["post-10730","page","type-page","status-publish","hentry"],"_links":{"self":[{"href":"https:\/\/positronpower.com\/es\/wp-json\/wp\/v2\/pages\/10730","targetHints":{"allow":["GET"]}}],"collection":[{"href":"https:\/\/positronpower.com\/es\/wp-json\/wp\/v2\/pages"}],"about":[{"href":"https:\/\/positronpower.com\/es\/wp-json\/wp\/v2\/types\/page"}],"author":[{"embeddable":true,"href":"https:\/\/positronpower.com\/es\/wp-json\/wp\/v2\/users\/1"}],"replies":[{"embeddable":true,"href":"https:\/\/positronpower.com\/es\/wp-json\/wp\/v2\/comments?post=10730"}],"version-history":[{"count":7,"href":"https:\/\/positronpower.com\/es\/wp-json\/wp\/v2\/pages\/10730\/revisions"}],"predecessor-version":[{"id":11527,"href":"https:\/\/positronpower.com\/es\/wp-json\/wp\/v2\/pages\/10730\/revisions\/11527"}],"wp:attachment":[{"href":"https:\/\/positronpower.com\/es\/wp-json\/wp\/v2\/media?parent=10730"}],"curies":[{"name":"wp","href":"https:\/\/api.w.org\/{rel}","templated":true}]}}