{"id":10738,"date":"2020-11-25T11:56:55","date_gmt":"2020-11-25T11:56:55","guid":{"rendered":"https:\/\/positronpower.com\/inicio2\/"},"modified":"2026-04-01T18:59:21","modified_gmt":"2026-04-01T18:59:21","slug":"inicio2","status":"publish","type":"page","link":"https:\/\/positronpower.com\/es\/","title":{"rendered":"Inicio2"},"content":{"rendered":"\t\t<div data-elementor-type=\"wp-page\" data-elementor-id=\"10738\" class=\"elementor elementor-10738 elementor-2001\" data-elementor-post-type=\"page\">\n\t\t\t\t\t\t<section class=\"elementor-section elementor-top-section elementor-element elementor-element-36b3fae elementor-section-full_width elementor-section-height-default elementor-section-height-default\" data-id=\"36b3fae\" data-element_type=\"section\" data-e-type=\"section\" data-settings=\"{&quot;background_background&quot;:&quot;classic&quot;}\">\n\t\t\t\t\t\t\t<div class=\"elementor-background-overlay\"><\/div>\n\t\t\t\t\t\t\t<div class=\"elementor-container elementor-column-gap-default\">\n\t\t\t\t\t<div class=\"elementor-column elementor-col-100 elementor-top-column elementor-element elementor-element-c6e11a4\" data-id=\"c6e11a4\" data-element_type=\"column\" data-e-type=\"column\">\n\t\t\t<div class=\"elementor-widget-wrap elementor-element-populated\">\n\t\t\t\t\t\t<div class=\"elementor-element elementor-element-acc04ee elementor-widget elementor-widget-heading\" data-id=\"acc04ee\" data-element_type=\"widget\" data-e-type=\"widget\" data-widget_type=\"heading.default\">\n\t\t\t\t<div class=\"elementor-widget-container\">\n\t\t\t\t\t<h2 class=\"elementor-heading-title elementor-size-default\">Solicitud de presupuesto o informaci\u00f3n<\/h2>\t\t\t\t<\/div>\n\t\t\t\t<\/div>\n\t\t\t\t<div class=\"elementor-element elementor-element-354947c elementor-widget elementor-widget-text-editor\" data-id=\"354947c\" data-element_type=\"widget\" data-e-type=\"widget\" data-widget_type=\"text-editor.default\">\n\t\t\t\t<div class=\"elementor-widget-container\">\n\t\t\t\t\t\t\t\t\t<p>Nuestro personal de soporte est\u00e1 disponible para ayudar al personal t\u00e9cnico de campo en el mantenimiento y la resoluci\u00f3n de problemas de los equipos de Positron, as\u00ed como para proporcionar asistencia t\u00e9cnica para supervisar la planificaci\u00f3n, la configuraci\u00f3n y la implementaci\u00f3n de la instalaci\u00f3n, seg\u00fan se solicite.<\/p>\t\t\t\t\t\t\t\t<\/div>\n\t\t\t\t<\/div>\n\t\t\t\t<div class=\"elementor-element elementor-element-3d51a34 elementor-align-center elementor-widget elementor-widget-button\" data-id=\"3d51a34\" data-element_type=\"widget\" data-e-type=\"widget\" data-widget_type=\"button.default\">\n\t\t\t\t<div class=\"elementor-widget-container\">\n\t\t\t\t\t\t\t\t\t<div class=\"elementor-button-wrapper\">\n\t\t\t\t\t<a class=\"elementor-button elementor-button-link elementor-size-md\" href=\"#\">\n\t\t\t\t\t\t<span class=\"elementor-button-content-wrapper\">\n\t\t\t\t\t\t\t\t\t<span class=\"elementor-button-text\">Solicitud de presupuesto o informaci\u00f3n.<\/span>\n\t\t\t\t\t<\/span>\n\t\t\t\t\t<\/a>\n\t\t\t\t<\/div>\n\t\t\t\t\t\t\t\t<\/div>\n\t\t\t\t<\/div>\n\t\t\t\t\t<\/div>\n\t\t<\/div>\n\t\t\t\t\t<\/div>\n\t\t<\/section>\n\t\t\t\t<\/div>\n\t\t","protected":false},"excerpt":{"rendered":"<p>Solicitud de presupuesto o informaci\u00f3n Nuestro personal de soporte est\u00e1 disponible para ayudar al personal t\u00e9cnico de campo en el mantenimiento y la resoluci\u00f3n de problemas de los equipos de Positron, as\u00ed como para proporcionar asistencia t\u00e9cnica para supervisar la planificaci\u00f3n, la configuraci\u00f3n y la implementaci\u00f3n de la instalaci\u00f3n, seg\u00fan se solicite. Solicitud de presupuesto [&hellip;]<\/p>\n","protected":false},"author":1,"featured_media":0,"parent":0,"menu_order":0,"comment_status":"closed","ping_status":"closed","template":"","meta":{"footnotes":""},"class_list":["post-10738","page","type-page","status-publish","hentry"],"_links":{"self":[{"href":"https:\/\/positronpower.com\/es\/wp-json\/wp\/v2\/pages\/10738","targetHints":{"allow":["GET"]}}],"collection":[{"href":"https:\/\/positronpower.com\/es\/wp-json\/wp\/v2\/pages"}],"about":[{"href":"https:\/\/positronpower.com\/es\/wp-json\/wp\/v2\/types\/page"}],"author":[{"embeddable":true,"href":"https:\/\/positronpower.com\/es\/wp-json\/wp\/v2\/users\/1"}],"replies":[{"embeddable":true,"href":"https:\/\/positronpower.com\/es\/wp-json\/wp\/v2\/comments?post=10738"}],"version-history":[{"count":7,"href":"https:\/\/positronpower.com\/es\/wp-json\/wp\/v2\/pages\/10738\/revisions"}],"predecessor-version":[{"id":11766,"href":"https:\/\/positronpower.com\/es\/wp-json\/wp\/v2\/pages\/10738\/revisions\/11766"}],"wp:attachment":[{"href":"https:\/\/positronpower.com\/es\/wp-json\/wp\/v2\/media?parent=10738"}],"curies":[{"name":"wp","href":"https:\/\/api.w.org\/{rel}","templated":true}]}}