{"id":10762,"date":"2020-12-01T12:19:14","date_gmt":"2020-12-01T12:19:14","guid":{"rendered":"https:\/\/positronpower.com\/acerca-de\/"},"modified":"2025-11-26T18:22:20","modified_gmt":"2025-11-26T18:22:20","slug":"acerca-de","status":"publish","type":"page","link":"https:\/\/positronpower.com\/es\/acerca-de\/","title":{"rendered":"Acerca de"},"content":{"rendered":"\t\t<div data-elementor-type=\"wp-page\" data-elementor-id=\"10762\" class=\"elementor elementor-10762 elementor-1443\" data-elementor-post-type=\"page\">\n\t\t\t\t\t\t<section class=\"elementor-section elementor-top-section elementor-element elementor-element-5cadc1e elementor-section-boxed elementor-section-height-default elementor-section-height-default\" data-id=\"5cadc1e\" data-element_type=\"section\" data-e-type=\"section\" data-settings=\"{&quot;background_background&quot;:&quot;classic&quot;}\">\n\t\t\t\t\t\t\t<div class=\"elementor-background-overlay\"><\/div>\n\t\t\t\t\t\t\t<div class=\"elementor-container elementor-column-gap-default\">\n\t\t\t\t\t<div class=\"elementor-column elementor-col-50 elementor-top-column elementor-element elementor-element-8bbd047\" data-id=\"8bbd047\" data-element_type=\"column\" data-e-type=\"column\">\n\t\t\t<div class=\"elementor-widget-wrap elementor-element-populated\">\n\t\t\t\t\t\t<div class=\"elementor-element elementor-element-156a04d elementor-widget elementor-widget-heading\" data-id=\"156a04d\" data-element_type=\"widget\" data-e-type=\"widget\" data-widget_type=\"heading.default\">\n\t\t\t\t<div class=\"elementor-widget-container\">\n\t\t\t\t\t<h1 class=\"elementor-heading-title elementor-size-default\">Positron Power<\/h1>\t\t\t\t<\/div>\n\t\t\t\t<\/div>\n\t\t\t\t\t<\/div>\n\t\t<\/div>\n\t\t\t\t<div class=\"elementor-column elementor-col-50 elementor-top-column elementor-element elementor-element-9e371d3 elementor-hidden-tablet elementor-hidden-phone\" data-id=\"9e371d3\" data-element_type=\"column\" data-e-type=\"column\">\n\t\t\t<div class=\"elementor-widget-wrap\">\n\t\t\t\t\t\t\t<\/div>\n\t\t<\/div>\n\t\t\t\t\t<\/div>\n\t\t<\/section>\n\t\t\t\t<section class=\"elementor-section elementor-top-section elementor-element elementor-element-93a58b2 elementor-section-boxed elementor-section-height-default elementor-section-height-default\" data-id=\"93a58b2\" data-element_type=\"section\" data-e-type=\"section\">\n\t\t\t\t\t\t<div class=\"elementor-container elementor-column-gap-default\">\n\t\t\t\t\t<div class=\"elementor-column elementor-col-50 elementor-top-column elementor-element elementor-element-ab63f84 elementor-invisible\" data-id=\"ab63f84\" data-element_type=\"column\" data-e-type=\"column\" data-settings=\"{&quot;animation&quot;:&quot;fadeIn&quot;,&quot;animation_delay&quot;:300}\">\n\t\t\t<div class=\"elementor-widget-wrap elementor-element-populated\">\n\t\t\t\t\t\t<div class=\"elementor-element elementor-element-1ee1dcf elementor-widget elementor-widget-heading\" data-id=\"1ee1dcf\" data-element_type=\"widget\" data-e-type=\"widget\" data-widget_type=\"heading.default\">\n\t\t\t\t<div class=\"elementor-widget-container\">\n\t\t\t\t\t<h3 class=\"elementor-heading-title elementor-size-default\">Positron Inc.<\/h3>\t\t\t\t<\/div>\n\t\t\t\t<\/div>\n\t\t\t\t<div class=\"elementor-element elementor-element-3c45338 elementor-widget elementor-widget-text-editor\" data-id=\"3c45338\" data-element_type=\"widget\" data-e-type=\"widget\" data-widget_type=\"text-editor.default\">\n\t\t\t\t<div class=\"elementor-widget-container\">\n\t\t\t\t\t\t\t\t\t<p>Fundada en 1970, Positron Inc. es una sociedad de cartera y operativa que proporciona servicios financieros, de marketing y operativos a sus filiales, que incluyen <strong>Positron Power<\/strong>, <strong>Positron Access Solutions<\/strong> y <strong>Positron Investments<\/strong>.<\/p><p>Entre los clientes de Positron se encuentran la mayor\u00eda de los operadores de nivel 1 de Norteam\u00e9rica y otros 200 operadores, as\u00ed como 150 empresas de servicios el\u00e9ctricos. Positron Inc. y sus filiales tienen su sede en Montreal, Canad\u00e1, con oficinas en EE. UU. y Latinoam\u00e9rica, y revendedores y agentes en Europa y Asia.<\/p>\t\t\t\t\t\t\t\t<\/div>\n\t\t\t\t<\/div>\n\t\t\t\t\t<\/div>\n\t\t<\/div>\n\t\t\t\t<div class=\"elementor-column elementor-col-50 elementor-top-column elementor-element elementor-element-3674554\" data-id=\"3674554\" data-element_type=\"column\" data-e-type=\"column\">\n\t\t\t<div class=\"elementor-widget-wrap elementor-element-populated\">\n\t\t\t\t\t\t<div class=\"elementor-element elementor-element-6bfcdc7 elementor-widget elementor-widget-image\" data-id=\"6bfcdc7\" data-element_type=\"widget\" data-e-type=\"widget\" data-widget_type=\"image.default\">\n\t\t\t\t<div class=\"elementor-widget-container\">\n\t\t\t\t\t\t\t\t\t\t\t\t\t\t\t<img fetchpriority=\"high\" decoding=\"async\" width=\"800\" height=\"604\" src=\"https:\/\/positronpower.com\/wp-content\/uploads\/2021\/11\/Positron-Building1_fb-e1637682538386.jpg\" class=\"attachment-large size-large wp-image-10758\" alt=\"\" srcset=\"https:\/\/positronpower.com\/wp-content\/uploads\/2021\/11\/Positron-Building1_fb-e1637682538386.jpg 868w, https:\/\/positronpower.com\/wp-content\/uploads\/2021\/11\/Positron-Building1_fb-e1637682538386-300x226.jpg 300w, https:\/\/positronpower.com\/wp-content\/uploads\/2021\/11\/Positron-Building1_fb-e1637682538386-768x580.jpg 768w\" sizes=\"(max-width: 800px) 100vw, 800px\" \/>\t\t\t\t\t\t\t\t\t\t\t\t\t\t\t<\/div>\n\t\t\t\t<\/div>\n\t\t\t\t\t<\/div>\n\t\t<\/div>\n\t\t\t\t\t<\/div>\n\t\t<\/section>\n\t\t\t\t<section class=\"elementor-section elementor-top-section elementor-element elementor-element-d55a11f elementor-reverse-tablet elementor-reverse-mobile elementor-section-boxed elementor-section-height-default elementor-section-height-default\" data-id=\"d55a11f\" data-element_type=\"section\" data-e-type=\"section\">\n\t\t\t\t\t\t<div class=\"elementor-container elementor-column-gap-default\">\n\t\t\t\t\t<div class=\"elementor-column elementor-col-50 elementor-top-column elementor-element elementor-element-25e72ac\" data-id=\"25e72ac\" data-element_type=\"column\" data-e-type=\"column\">\n\t\t\t<div class=\"elementor-widget-wrap elementor-element-populated\">\n\t\t\t\t\t\t<div class=\"elementor-element elementor-element-de7c0bc elementor-widget elementor-widget-image\" data-id=\"de7c0bc\" data-element_type=\"widget\" data-e-type=\"widget\" data-widget_type=\"image.default\">\n\t\t\t\t<div class=\"elementor-widget-container\">\n\t\t\t\t\t\t\t\t\t\t\t\t\t\t\t<img decoding=\"async\" width=\"1157\" height=\"710\" src=\"https:\/\/positronpower.com\/wp-content\/uploads\/2025\/02\/PIDTeleline-Cabinets.png\" class=\"attachment-full size-full wp-image-10759\" alt=\"\" srcset=\"https:\/\/positronpower.com\/wp-content\/uploads\/2025\/02\/PIDTeleline-Cabinets.png 1157w, https:\/\/positronpower.com\/wp-content\/uploads\/2025\/02\/PIDTeleline-Cabinets-300x184.png 300w, https:\/\/positronpower.com\/wp-content\/uploads\/2025\/02\/PIDTeleline-Cabinets-1024x628.png 1024w, https:\/\/positronpower.com\/wp-content\/uploads\/2025\/02\/PIDTeleline-Cabinets-768x471.png 768w\" sizes=\"(max-width: 1157px) 100vw, 1157px\" \/>\t\t\t\t\t\t\t\t\t\t\t\t\t\t\t<\/div>\n\t\t\t\t<\/div>\n\t\t\t\t\t<\/div>\n\t\t<\/div>\n\t\t\t\t<div class=\"elementor-column elementor-col-50 elementor-top-column elementor-element elementor-element-84c5d1a elementor-invisible\" data-id=\"84c5d1a\" data-element_type=\"column\" data-e-type=\"column\" data-settings=\"{&quot;animation&quot;:&quot;fadeIn&quot;,&quot;animation_delay&quot;:300}\">\n\t\t\t<div class=\"elementor-widget-wrap elementor-element-populated\">\n\t\t\t\t\t\t<div class=\"elementor-element elementor-element-ef05dc6 elementor-widget elementor-widget-heading\" data-id=\"ef05dc6\" data-element_type=\"widget\" data-e-type=\"widget\" data-widget_type=\"heading.default\">\n\t\t\t\t<div class=\"elementor-widget-container\">\n\t\t\t\t\t<h3 class=\"elementor-heading-title elementor-size-default\">Positron Power<\/h3>\t\t\t\t<\/div>\n\t\t\t\t<\/div>\n\t\t\t\t<div class=\"elementor-element elementor-element-72aca07 elementor-widget elementor-widget-text-editor\" data-id=\"72aca07\" data-element_type=\"widget\" data-e-type=\"widget\" data-widget_type=\"text-editor.default\">\n\t\t\t\t<div class=\"elementor-widget-container\">\n\t\t\t\t\t\t\t\t\t<p>Positron Power es una filial de Positron Inc. fundada en 1970 con sede en Montreal, Canad\u00e1. Positron Power desarrolla y fabrica productos l\u00edderes mundiales para empresas de servicios el\u00e9ctricos en Montreal, con soporte disponible en todo el mundo.<br> <br>Los equipos de prueba de Positron para aisladores energizados, en l\u00edneas de transmisi\u00f3n y en equipos en subestaciones, son utilizados por las empresas de servicios el\u00e9ctricos para evitar cortes de energ\u00eda, da\u00f1os en los equipos y peligros para el personal. Tambi\u00e9n sirven como herramientas de mantenimiento preventivo y pruebas de seguridad para garantizar condiciones seguras para el personal que trabaja en entornos de alto voltaje.<br>Positron tambi\u00e9n proporciona productos de aislamiento y protecci\u00f3n de alto voltaje para proteger los equipos de comunicaci\u00f3n y al personal en subestaciones y otras instalaciones de alto voltaje.<\/p><p>Otros productos incluyen energ\u00eda aislada en entornos de alto voltaje.<\/p>\t\t\t\t\t\t\t\t<\/div>\n\t\t\t\t<\/div>\n\t\t\t\t\t<\/div>\n\t\t<\/div>\n\t\t\t\t\t<\/div>\n\t\t<\/section>\n\t\t\t\t<section class=\"elementor-section elementor-top-section elementor-element elementor-element-8ba4e47 elementor-reverse-tablet elementor-reverse-mobile elementor-section-boxed elementor-section-height-default elementor-section-height-default\" data-id=\"8ba4e47\" data-element_type=\"section\" data-e-type=\"section\">\n\t\t\t\t\t\t<div class=\"elementor-container elementor-column-gap-default\">\n\t\t\t\t\t<div class=\"elementor-column elementor-col-50 elementor-top-column elementor-element elementor-element-e8a8428 elementor-invisible\" data-id=\"e8a8428\" data-element_type=\"column\" data-e-type=\"column\" data-settings=\"{&quot;animation&quot;:&quot;fadeIn&quot;,&quot;animation_delay&quot;:300}\">\n\t\t\t<div class=\"elementor-widget-wrap elementor-element-populated\">\n\t\t\t\t\t\t<div class=\"elementor-element elementor-element-8e4862b elementor-widget elementor-widget-heading\" data-id=\"8e4862b\" data-element_type=\"widget\" data-e-type=\"widget\" data-widget_type=\"heading.default\">\n\t\t\t\t<div class=\"elementor-widget-container\">\n\t\t\t\t\t<h3 class=\"elementor-heading-title elementor-size-default\">Positron Access Solutions Corp.<\/h3>\t\t\t\t<\/div>\n\t\t\t\t<\/div>\n\t\t\t\t<div class=\"elementor-element elementor-element-fcfa886 elementor-widget elementor-widget-text-editor\" data-id=\"fcfa886\" data-element_type=\"widget\" data-e-type=\"widget\" data-widget_type=\"text-editor.default\">\n\t\t\t\t<div class=\"elementor-widget-container\">\n\t\t\t\t\t\t\t\t\t<p>Positron Access Solutions Corp. es una empresa filial hermana.<\/p><p>Positron Access se especializa en productos para operadores de telecomunicaciones, que permiten ampliar un ancho de banda (gigabit sim\u00e9trico gestionado) a los residentes en edificios residenciales (MDU) y edificios de alquiler multiple (MTU), hosteler\u00eda (hoteles) e instalaciones sanitarias como hospitalites, todo ello usando el cableado telef\u00f3nico o coaxial existente, <strong>sin necesidad de recablear o de interrupciones.<\/strong><\/p><p>www.positronaccess.com<\/p>\t\t\t\t\t\t\t\t<\/div>\n\t\t\t\t<\/div>\n\t\t\t\t\t<\/div>\n\t\t<\/div>\n\t\t\t\t<div class=\"elementor-column elementor-col-50 elementor-top-column elementor-element elementor-element-cd50afa\" data-id=\"cd50afa\" data-element_type=\"column\" data-e-type=\"column\">\n\t\t\t<div class=\"elementor-widget-wrap elementor-element-populated\">\n\t\t\t\t\t\t<div class=\"elementor-element elementor-element-89955ba elementor-widget elementor-widget-image\" data-id=\"89955ba\" data-element_type=\"widget\" data-e-type=\"widget\" data-widget_type=\"image.default\">\n\t\t\t\t<div class=\"elementor-widget-container\">\n\t\t\t\t\t\t\t\t\t\t\t\t\t\t\t<img decoding=\"async\" width=\"1079\" height=\"720\" src=\"https:\/\/positronpower.com\/wp-content\/uploads\/2025\/07\/PAS-img-Power-web.png\" class=\"attachment-full size-full wp-image-10760\" alt=\"\" srcset=\"https:\/\/positronpower.com\/wp-content\/uploads\/2025\/07\/PAS-img-Power-web.png 1079w, https:\/\/positronpower.com\/wp-content\/uploads\/2025\/07\/PAS-img-Power-web-300x200.png 300w, https:\/\/positronpower.com\/wp-content\/uploads\/2025\/07\/PAS-img-Power-web-1024x683.png 1024w, https:\/\/positronpower.com\/wp-content\/uploads\/2025\/07\/PAS-img-Power-web-768x512.png 768w\" sizes=\"(max-width: 1079px) 100vw, 1079px\" \/>\t\t\t\t\t\t\t\t\t\t\t\t\t\t\t<\/div>\n\t\t\t\t<\/div>\n\t\t\t\t\t<\/div>\n\t\t<\/div>\n\t\t\t\t\t<\/div>\n\t\t<\/section>\n\t\t\t\t<\/div>\n\t\t","protected":false},"excerpt":{"rendered":"<p>Positron Power Positron Inc. Fundada en 1970, Positron Inc. es una sociedad de cartera y operativa que proporciona servicios financieros, de marketing y operativos a sus filiales, que incluyen Positron Power, Positron Access Solutions y Positron Investments. Entre los clientes de Positron se encuentran la mayor\u00eda de los operadores de nivel 1 de Norteam\u00e9rica y [&hellip;]<\/p>\n","protected":false},"author":1,"featured_media":0,"parent":0,"menu_order":0,"comment_status":"closed","ping_status":"closed","template":"","meta":{"footnotes":""},"class_list":["post-10762","page","type-page","status-publish","hentry"],"_links":{"self":[{"href":"https:\/\/positronpower.com\/es\/wp-json\/wp\/v2\/pages\/10762","targetHints":{"allow":["GET"]}}],"collection":[{"href":"https:\/\/positronpower.com\/es\/wp-json\/wp\/v2\/pages"}],"about":[{"href":"https:\/\/positronpower.com\/es\/wp-json\/wp\/v2\/types\/page"}],"author":[{"embeddable":true,"href":"https:\/\/positronpower.com\/es\/wp-json\/wp\/v2\/users\/1"}],"replies":[{"embeddable":true,"href":"https:\/\/positronpower.com\/es\/wp-json\/wp\/v2\/comments?post=10762"}],"version-history":[{"count":5,"href":"https:\/\/positronpower.com\/es\/wp-json\/wp\/v2\/pages\/10762\/revisions"}],"predecessor-version":[{"id":11591,"href":"https:\/\/positronpower.com\/es\/wp-json\/wp\/v2\/pages\/10762\/revisions\/11591"}],"wp:attachment":[{"href":"https:\/\/positronpower.com\/es\/wp-json\/wp\/v2\/media?parent=10762"}],"curies":[{"name":"wp","href":"https:\/\/api.w.org\/{rel}","templated":true}]}}