{"id":10875,"date":"2022-03-01T16:38:03","date_gmt":"2022-03-01T16:38:03","guid":{"rendered":"https:\/\/positronpower.com\/tableta-ordenador-portatil-insulator-testers\/"},"modified":"2025-11-26T19:32:26","modified_gmt":"2025-11-26T19:32:26","slug":"tableta-ordenador-portatil-insulator-testers","status":"publish","type":"page","link":"https:\/\/positronpower.com\/es\/tableta-ordenador-portatil-insulator-testers\/","title":{"rendered":"Tableta\/ordenador port\u00e1til para equipo de pruebas de aisladores"},"content":{"rendered":"\t\t<div data-elementor-type=\"wp-page\" data-elementor-id=\"10875\" class=\"elementor elementor-10875 elementor-2938\" data-elementor-post-type=\"page\">\n\t\t\t\t\t\t<section class=\"elementor-section elementor-top-section elementor-element elementor-element-5470588 linebottom elementor-section-height-min-height elementor-section-items-bottom elementor-section-boxed elementor-section-height-default\" data-id=\"5470588\" data-element_type=\"section\" data-e-type=\"section\" data-settings=\"{&quot;background_background&quot;:&quot;slideshow&quot;,&quot;background_slideshow_gallery&quot;:[{&quot;id&quot;:10874,&quot;url&quot;:&quot;https:\\\/\\\/positronpower.com\\\/wp-content\\\/uploads\\\/2025\\\/03\\\/Tablet-Field-Testing.jpg&quot;}],&quot;background_slideshow_loop&quot;:&quot;yes&quot;,&quot;background_slideshow_slide_duration&quot;:5000,&quot;background_slideshow_slide_transition&quot;:&quot;fade&quot;,&quot;background_slideshow_transition_duration&quot;:500}\">\n\t\t\t\t\t\t<div class=\"elementor-container elementor-column-gap-default\">\n\t\t\t\t\t<div class=\"elementor-column elementor-col-100 elementor-top-column elementor-element elementor-element-bbbc290\" data-id=\"bbbc290\" data-element_type=\"column\" data-e-type=\"column\">\n\t\t\t<div class=\"elementor-widget-wrap\">\n\t\t\t\t\t\t\t<\/div>\n\t\t<\/div>\n\t\t\t\t\t<\/div>\n\t\t<\/section>\n\t\t<div class=\"elementor-element elementor-element-65c1bc4 e-flex e-con-boxed e-con e-parent\" data-id=\"65c1bc4\" data-element_type=\"container\" data-e-type=\"container\">\n\t\t\t\t\t<div class=\"e-con-inner\">\n\t\t\t\t<div class=\"elementor-element elementor-element-862f9d5 elementor-widget elementor-widget-heading\" data-id=\"862f9d5\" data-element_type=\"widget\" data-e-type=\"widget\" data-widget_type=\"heading.default\">\n\t\t\t\t<div class=\"elementor-widget-container\">\n\t\t\t\t\t<h2 class=\"elementor-heading-title elementor-size-default\">Tableta\/ordenador port\u00e1til para equipo de pruebas de aisladores<\/h2>\t\t\t\t<\/div>\n\t\t\t\t<\/div>\n\t\t\t\t\t<\/div>\n\t\t\t\t<\/div>\n\t\t\t\t<section class=\"elementor-section elementor-top-section elementor-element elementor-element-e82176e elementor-section-boxed elementor-section-height-default elementor-section-height-default\" data-id=\"e82176e\" data-element_type=\"section\" data-e-type=\"section\">\n\t\t\t\t\t\t<div class=\"elementor-container elementor-column-gap-default\">\n\t\t\t\t\t<div class=\"elementor-column elementor-col-66 elementor-top-column elementor-element elementor-element-c5220e8\" data-id=\"c5220e8\" data-element_type=\"column\" data-e-type=\"column\">\n\t\t\t<div class=\"elementor-widget-wrap elementor-element-populated\">\n\t\t\t\t\t\t<section class=\"elementor-section elementor-inner-section elementor-element elementor-element-32386c2 elementor-section-boxed elementor-section-height-default elementor-section-height-default\" data-id=\"32386c2\" data-element_type=\"section\" data-e-type=\"section\">\n\t\t\t\t\t\t<div class=\"elementor-container elementor-column-gap-default\">\n\t\t\t\t\t<div class=\"elementor-column elementor-col-50 elementor-inner-column elementor-element elementor-element-386cb83\" data-id=\"386cb83\" data-element_type=\"column\" data-e-type=\"column\">\n\t\t\t<div class=\"elementor-widget-wrap elementor-element-populated\">\n\t\t\t\t\t\t<div class=\"elementor-element elementor-element-0d743cb elementor-widget elementor-widget-text-editor\" data-id=\"0d743cb\" data-element_type=\"widget\" data-e-type=\"widget\" data-widget_type=\"text-editor.default\">\n\t\t\t\t<div class=\"elementor-widget-container\">\n\t\t\t\t\t\t\t\t\t<div class=\"col-md-5 col-sm-6\"><div class=\"col-md-5 col-sm-6\"><p>La tableta\/ordenador port\u00e1til del para equipo de pruebas de aisladores viene configurada con el software para Windows de Positron.<\/p><p>La tableta\/ordenador port\u00e1til, se comunica via Bluetooth con el equipo de pruebas a lo largo alcance del mismo.<\/p><p>Esto permite la descarga remota de los gr\u00e1ficos del equipo de pruebas, que se pueden analizar instant\u00e1neamente en el campo o se pueden almacenar n la base de datos de la compa\u00f1\u00eda el\u00e9ctrica, para su posterior descarga o lectura.<\/p><\/div><\/div>\t\t\t\t\t\t\t\t<\/div>\n\t\t\t\t<\/div>\n\t\t\t\t\t<\/div>\n\t\t<\/div>\n\t\t\t\t<div class=\"elementor-column elementor-col-50 elementor-inner-column elementor-element elementor-element-f611186\" data-id=\"f611186\" data-element_type=\"column\" data-e-type=\"column\">\n\t\t\t<div class=\"elementor-widget-wrap elementor-element-populated\">\n\t\t\t\t\t\t<div class=\"elementor-element elementor-element-5e9ae1d elementor-pagination-position-outside elementor-widget elementor-widget-image-carousel\" data-id=\"5e9ae1d\" data-element_type=\"widget\" data-e-type=\"widget\" data-settings=\"{&quot;slides_to_show&quot;:&quot;1&quot;,&quot;navigation&quot;:&quot;dots&quot;,&quot;autoplay&quot;:&quot;yes&quot;,&quot;pause_on_hover&quot;:&quot;yes&quot;,&quot;pause_on_interaction&quot;:&quot;yes&quot;,&quot;autoplay_speed&quot;:5000,&quot;infinite&quot;:&quot;yes&quot;,&quot;effect&quot;:&quot;slide&quot;,&quot;speed&quot;:500}\" data-widget_type=\"image-carousel.default\">\n\t\t\t\t<div class=\"elementor-widget-container\">\n\t\t\t\t\t\t\t<div class=\"elementor-image-carousel-wrapper swiper\" role=\"region\" aria-roledescription=\"carousel\" aria-label=\"Image Carousel\" dir=\"ltr\">\n\t\t\t<div class=\"elementor-image-carousel swiper-wrapper\" aria-live=\"off\">\n\t\t\t\t\t\t\t\t<div class=\"swiper-slide\" role=\"group\" aria-roledescription=\"slide\" aria-label=\"1 de 4\"><figure class=\"swiper-slide-inner\"><img decoding=\"async\" class=\"swiper-slide-image\" src=\"https:\/\/positronpower.com\/wp-content\/uploads\/2024\/02\/378325.jpg\" alt=\"378325\" \/><\/figure><\/div><div class=\"swiper-slide\" role=\"group\" aria-roledescription=\"slide\" aria-label=\"2 de 4\"><figure class=\"swiper-slide-inner\"><img decoding=\"async\" class=\"swiper-slide-image\" src=\"https:\/\/positronpower.com\/wp-content\/uploads\/2024\/02\/bluetooth-connector.jpg\" alt=\"Conector Bluetooth\" \/><\/figure><\/div><div class=\"swiper-slide\" role=\"group\" aria-roledescription=\"slide\" aria-label=\"3 de 4\"><figure class=\"swiper-slide-inner\"><img decoding=\"async\" class=\"swiper-slide-image\" src=\"https:\/\/positronpower.com\/wp-content\/uploads\/2025\/03\/tablet-Composite.jpg\" alt=\"Tableta-composite\" \/><\/figure><\/div><div class=\"swiper-slide\" role=\"group\" aria-roledescription=\"slide\" aria-label=\"4 de 4\"><figure class=\"swiper-slide-inner\"><img decoding=\"async\" class=\"swiper-slide-image\" src=\"https:\/\/positronpower.com\/wp-content\/uploads\/2025\/03\/IMG-4.jpg\" alt=\"IMG-4\" \/><\/figure><\/div>\t\t\t<\/div>\n\t\t\t\t\t\t\t\n\t\t\t\t\t\t\t\t\t<div class=\"swiper-pagination\"><\/div>\n\t\t\t\t\t\t\t\t\t<\/div>\n\t\t\t\t\t\t<\/div>\n\t\t\t\t<\/div>\n\t\t\t\t\t<\/div>\n\t\t<\/div>\n\t\t\t\t\t<\/div>\n\t\t<\/section>\n\t\t\t\t<div class=\"elementor-element elementor-element-7c4311d elementor-widget elementor-widget-Table\" data-id=\"7c4311d\" data-element_type=\"widget\" data-e-type=\"widget\" data-widget_type=\"Table.default\">\n\t\t\t\t<div class=\"elementor-widget-container\">\n\t\t\t\t\t\t\t<table class=\"tafe-table \">\n\t\t\t<thead  class=\"tafe-table-header\">\n\t\t\t\t<tr>\n\t\t\t\t\t<th class=\"elementor-inline-editing elementor-repeater-item-e5e9b80\"   >PRODUCT NUMBER<\/th><th class=\"elementor-inline-editing elementor-repeater-item-7592a15\"   >DESCRIPTION<\/th>\t\t\t\t<\/tr>\n\t\t\t<\/thead>\n\t\t\t\t\t\t<tbody class=\"tafe-table-body\">\n\t\t\t\t<tr>\n\t\t\t\t\t<td data-label=\"PRODUCT NUMBER\"   class=\"elementor-repeater-item-1c8cdd1 td-content-type-default\" >378325<\/td><td data-label=\"DESCRIPTION\"   class=\"elementor-repeater-item-022b12d td-content-type-default\" >Windows-based Tablet\/Laptop Pre-loaded with Insulator Tester software<\/td>\t\t\t\t<\/tr>\n\t\t\t<\/tbody>\n\t\t<\/table>\n\t\t\n\t\t\t\t\t\t<\/div>\n\t\t\t\t<\/div>\n\t\t\t\t\t<\/div>\n\t\t<\/div>\n\t\t\t\t<div class=\"elementor-column elementor-col-33 elementor-top-column elementor-element elementor-element-54fbfb2\" data-id=\"54fbfb2\" data-element_type=\"column\" data-e-type=\"column\">\n\t\t\t<div class=\"elementor-widget-wrap elementor-element-populated\">\n\t\t\t\t\t\t<div class=\"elementor-element elementor-element-431d469 elementor-widget elementor-widget-heading\" data-id=\"431d469\" data-element_type=\"widget\" data-e-type=\"widget\" data-widget_type=\"heading.default\">\n\t\t\t\t<div class=\"elementor-widget-container\">\n\t\t\t\t\t<h5 class=\"elementor-heading-title elementor-size-default\">equipo de pruebas de aisladoresde Positron<\/h5>\t\t\t\t<\/div>\n\t\t\t\t<\/div>\n\t\t\t\t<div class=\"elementor-element elementor-element-3ea9e84 elementor-nav-menu--dropdown-tablet elementor-nav-menu__text-align-aside elementor-nav-menu--toggle elementor-nav-menu--burger elementor-widget elementor-widget-nav-menu\" data-id=\"3ea9e84\" data-element_type=\"widget\" data-e-type=\"widget\" data-settings=\"{&quot;layout&quot;:&quot;vertical&quot;,&quot;submenu_icon&quot;:{&quot;value&quot;:&quot;&lt;i class=\\&quot;fas fa-caret-down\\&quot; aria-hidden=\\&quot;true\\&quot;&gt;&lt;\\\/i&gt;&quot;,&quot;library&quot;:&quot;fa-solid&quot;},&quot;toggle&quot;:&quot;burger&quot;}\" data-widget_type=\"nav-menu.default\">\n\t\t\t\t<div class=\"elementor-widget-container\">\n\t\t\t\t\t\t\t\t<nav aria-label=\"Menu\" class=\"elementor-nav-menu--main elementor-nav-menu__container elementor-nav-menu--layout-vertical e--pointer-background e--animation-fade\">\n\t\t\t\t<ul id=\"menu-1-3ea9e84\" class=\"elementor-nav-menu sm-vertical\"><li class=\"menu-item menu-item-type-post_type menu-item-object-page menu-item-3263\"><a href=\"https:\/\/positronpower.com\/porcelain-insulator-tester\/\" class=\"elementor-item\">Equipo de Prueba para aisladores en porcelana<\/a><\/li>\n<li class=\"menu-item menu-item-type-post_type menu-item-object-page menu-item-3262\"><a href=\"https:\/\/positronpower.com\/composite-insulator-tester\/\" class=\"elementor-item\">Equipo de prueba para aisladores compuestos<\/a><\/li>\n<li class=\"menu-item menu-item-type-post_type menu-item-object-page menu-item-5447\"><a href=\"https:\/\/positronpower.com\/porcelain-disc-tester\/\" class=\"elementor-item\">Equipo de prueba para discos de porcelana<\/a><\/li>\n<li class=\"menu-item menu-item-type-post_type menu-item-object-page menu-item-9398\"><a href=\"https:\/\/positronpower.com\/substation-insulator-tester\/\" class=\"elementor-item\">El equipo de prueba para aisladores de subestaci\u00f3n<\/a><\/li>\n<li class=\"menu-item menu-item-type-post_type menu-item-object-page menu-item-3825\"><a href=\"https:\/\/positronpower.com\/positron-drone-tester\/\" class=\"elementor-item\">Equipo de prueba instalado en dron para aisladores compuestos de Positron<\/a><\/li>\n<li class=\"menu-item menu-item-type-post_type menu-item-object-page menu-item-3265\"><a href=\"https:\/\/positronpower.com\/insulator-tester-tablet-laptop\/\" class=\"elementor-item\">Tableta\/ordenador port\u00e1til para equipo de pruebas de aisladores<\/a><\/li>\n<\/ul>\t\t\t<\/nav>\n\t\t\t\t\t<div class=\"elementor-menu-toggle\" role=\"button\" tabindex=\"0\" aria-label=\"Alternar men\u00fa\" aria-expanded=\"false\">\n\t\t\t<i aria-hidden=\"true\" role=\"presentation\" class=\"elementor-menu-toggle__icon--open eicon-menu-bar\"><\/i><i aria-hidden=\"true\" role=\"presentation\" class=\"elementor-menu-toggle__icon--close eicon-close\"><\/i>\t\t<\/div>\n\t\t\t\t\t<nav class=\"elementor-nav-menu--dropdown elementor-nav-menu__container\" aria-hidden=\"true\">\n\t\t\t\t<ul id=\"menu-2-3ea9e84\" class=\"elementor-nav-menu sm-vertical\"><li class=\"menu-item menu-item-type-post_type menu-item-object-page menu-item-3263\"><a href=\"https:\/\/positronpower.com\/porcelain-insulator-tester\/\" class=\"elementor-item\" tabindex=\"-1\">Equipo de Prueba para aisladores en porcelana<\/a><\/li>\n<li class=\"menu-item menu-item-type-post_type menu-item-object-page menu-item-3262\"><a href=\"https:\/\/positronpower.com\/composite-insulator-tester\/\" class=\"elementor-item\" tabindex=\"-1\">Equipo de prueba para aisladores compuestos<\/a><\/li>\n<li class=\"menu-item menu-item-type-post_type menu-item-object-page menu-item-5447\"><a href=\"https:\/\/positronpower.com\/porcelain-disc-tester\/\" class=\"elementor-item\" tabindex=\"-1\">Equipo de prueba para discos de porcelana<\/a><\/li>\n<li class=\"menu-item menu-item-type-post_type menu-item-object-page menu-item-9398\"><a href=\"https:\/\/positronpower.com\/substation-insulator-tester\/\" class=\"elementor-item\" tabindex=\"-1\">El equipo de prueba para aisladores de subestaci\u00f3n<\/a><\/li>\n<li class=\"menu-item menu-item-type-post_type menu-item-object-page menu-item-3825\"><a href=\"https:\/\/positronpower.com\/positron-drone-tester\/\" class=\"elementor-item\" tabindex=\"-1\">Equipo de prueba instalado en dron para aisladores compuestos de Positron<\/a><\/li>\n<li class=\"menu-item menu-item-type-post_type menu-item-object-page menu-item-3265\"><a href=\"https:\/\/positronpower.com\/insulator-tester-tablet-laptop\/\" class=\"elementor-item\" tabindex=\"-1\">Tableta\/ordenador port\u00e1til para equipo de pruebas de aisladores<\/a><\/li>\n<\/ul>\t\t\t<\/nav>\n\t\t\t\t\t\t<\/div>\n\t\t\t\t<\/div>\n\t\t\t\t\t<\/div>\n\t\t<\/div>\n\t\t\t\t\t<\/div>\n\t\t<\/section>\n\t\t\t\t<\/div>\n\t\t","protected":false},"excerpt":{"rendered":"<p>Tableta\/ordenador port\u00e1til para equipo de pruebas de aisladores La tableta\/ordenador port\u00e1til del para equipo de pruebas de aisladores viene configurada con el software para Windows de Positron. La tableta\/ordenador port\u00e1til, se comunica via Bluetooth con el equipo de pruebas a lo largo alcance del mismo. Esto permite la descarga remota de los gr\u00e1ficos del equipo [&hellip;]<\/p>\n","protected":false},"author":1,"featured_media":0,"parent":0,"menu_order":0,"comment_status":"closed","ping_status":"closed","template":"","meta":{"footnotes":""},"class_list":["post-10875","page","type-page","status-publish","hentry"],"_links":{"self":[{"href":"https:\/\/positronpower.com\/es\/wp-json\/wp\/v2\/pages\/10875","targetHints":{"allow":["GET"]}}],"collection":[{"href":"https:\/\/positronpower.com\/es\/wp-json\/wp\/v2\/pages"}],"about":[{"href":"https:\/\/positronpower.com\/es\/wp-json\/wp\/v2\/types\/page"}],"author":[{"embeddable":true,"href":"https:\/\/positronpower.com\/es\/wp-json\/wp\/v2\/users\/1"}],"replies":[{"embeddable":true,"href":"https:\/\/positronpower.com\/es\/wp-json\/wp\/v2\/comments?post=10875"}],"version-history":[{"count":5,"href":"https:\/\/positronpower.com\/es\/wp-json\/wp\/v2\/pages\/10875\/revisions"}],"predecessor-version":[{"id":11603,"href":"https:\/\/positronpower.com\/es\/wp-json\/wp\/v2\/pages\/10875\/revisions\/11603"}],"wp:attachment":[{"href":"https:\/\/positronpower.com\/es\/wp-json\/wp\/v2\/media?parent=10875"}],"curies":[{"name":"wp","href":"https:\/\/api.w.org\/{rel}","templated":true}]}}