{"id":10902,"date":"2022-03-01T15:22:01","date_gmt":"2022-03-01T15:22:01","guid":{"rendered":"https:\/\/positronpower.com\/equipo-de-prueba-para-aisladores-compuestos\/"},"modified":"2025-11-26T18:27:01","modified_gmt":"2025-11-26T18:27:01","slug":"equipo-de-prueba-para-aisladores-compuestos","status":"publish","type":"page","link":"https:\/\/positronpower.com\/es\/equipo-de-prueba-para-aisladores-compuestos\/","title":{"rendered":"Equipo de prueba para aisladores compuestos"},"content":{"rendered":"\t\t<div data-elementor-type=\"wp-page\" data-elementor-id=\"10902\" class=\"elementor elementor-10902 elementor-2875\" data-elementor-post-type=\"page\">\n\t\t\t\t\t\t<section class=\"elementor-section elementor-top-section elementor-element elementor-element-5470588 linebottom elementor-section-height-min-height elementor-section-items-bottom elementor-section-boxed elementor-section-height-default\" data-id=\"5470588\" data-element_type=\"section\" data-e-type=\"section\" data-settings=\"{&quot;background_background&quot;:&quot;slideshow&quot;,&quot;background_slideshow_gallery&quot;:[{&quot;id&quot;:10901,&quot;url&quot;:&quot;https:\\\/\\\/positronpower.com\\\/wp-content\\\/uploads\\\/2025\\\/03\\\/Composite_PID_Test_Field_TWO.jpg&quot;}],&quot;background_slideshow_loop&quot;:&quot;yes&quot;,&quot;background_slideshow_slide_duration&quot;:5000,&quot;background_slideshow_slide_transition&quot;:&quot;fade&quot;,&quot;background_slideshow_transition_duration&quot;:500}\">\n\t\t\t\t\t\t<div class=\"elementor-container elementor-column-gap-default\">\n\t\t\t\t\t<div class=\"elementor-column elementor-col-100 elementor-top-column elementor-element elementor-element-e4301a1\" data-id=\"e4301a1\" data-element_type=\"column\" data-e-type=\"column\">\n\t\t\t<div class=\"elementor-widget-wrap\">\n\t\t\t\t\t\t\t<\/div>\n\t\t<\/div>\n\t\t\t\t\t<\/div>\n\t\t<\/section>\n\t\t<div class=\"elementor-element elementor-element-d7f509f e-flex e-con-boxed e-con e-parent\" data-id=\"d7f509f\" data-element_type=\"container\" data-e-type=\"container\">\n\t\t\t\t\t<div class=\"e-con-inner\">\n\t\t\t\t<div class=\"elementor-element elementor-element-ad08e4f elementor-widget elementor-widget-heading\" data-id=\"ad08e4f\" data-element_type=\"widget\" data-e-type=\"widget\" data-widget_type=\"heading.default\">\n\t\t\t\t<div class=\"elementor-widget-container\">\n\t\t\t\t\t<h2 class=\"elementor-heading-title elementor-size-default\">Equipo de prueba para aisladores compuestos en l\u00edneas de alta tensi\u00f3n<\/h2>\t\t\t\t<\/div>\n\t\t\t\t<\/div>\n\t\t\t\t\t<\/div>\n\t\t\t\t<\/div>\n\t\t\t\t<section class=\"elementor-section elementor-top-section elementor-element elementor-element-e82176e elementor-section-boxed elementor-section-height-default elementor-section-height-default\" data-id=\"e82176e\" data-element_type=\"section\" data-e-type=\"section\">\n\t\t\t\t\t\t<div class=\"elementor-container elementor-column-gap-default\">\n\t\t\t\t\t<div class=\"elementor-column elementor-col-66 elementor-top-column elementor-element elementor-element-c5220e8\" data-id=\"c5220e8\" data-element_type=\"column\" data-e-type=\"column\">\n\t\t\t<div class=\"elementor-widget-wrap elementor-element-populated\">\n\t\t\t\t\t\t<section class=\"elementor-section elementor-inner-section elementor-element elementor-element-32386c2 elementor-section-boxed elementor-section-height-default elementor-section-height-default\" data-id=\"32386c2\" data-element_type=\"section\" data-e-type=\"section\">\n\t\t\t\t\t\t<div class=\"elementor-container elementor-column-gap-default\">\n\t\t\t\t\t<div class=\"elementor-column elementor-col-100 elementor-inner-column elementor-element elementor-element-386cb83\" data-id=\"386cb83\" data-element_type=\"column\" data-e-type=\"column\">\n\t\t\t<div class=\"elementor-widget-wrap elementor-element-populated\">\n\t\t\t\t\t\t<div class=\"elementor-element elementor-element-0d743cb elementor-widget elementor-widget-text-editor\" data-id=\"0d743cb\" data-element_type=\"widget\" data-e-type=\"widget\" data-widget_type=\"text-editor.default\">\n\t\t\t\t<div class=\"elementor-widget-container\">\n\t\t\t\t\t\t\t\t\t<div class=\"col-md-5 col-sm-6\"><h5><strong>El equipo de prueba para aisladores compuestos de Positron ha revolucionado las pruebas del estado de todo tipo de aisladores en l\u00edneas de alta tensi\u00f3n energizadas y en suspensi\u00f3n.<\/strong><\/h5><p>El procedimiento es f\u00e1cil y seguro al momento de testear los aisladores energizados en l\u00edneas de transmisi\u00f3n de corriente alterna desde <strong>69 kV<\/strong> hasta <strong>1000 kV<\/strong>. Un resultado gr\u00e1fico instant\u00e1neo permite determinar en el acto si un aislador es seguro o no y si requiere mantenimiento. <\/p><\/div>\t\t\t\t\t\t\t\t<\/div>\n\t\t\t\t<\/div>\n\t\t\t\t\t<\/div>\n\t\t<\/div>\n\t\t\t\t\t<\/div>\n\t\t<\/section>\n\t\t\t\t<div class=\"elementor-element elementor-element-b8365e9 elementor-widget elementor-widget-text-editor\" data-id=\"b8365e9\" data-element_type=\"widget\" data-e-type=\"widget\" data-widget_type=\"text-editor.default\">\n\t\t\t\t<div class=\"elementor-widget-container\">\n\t\t\t\t\t\t\t\t\t<div class=\"col-md-12 col-sm-12\"><p>El equipo de prueba para aisladores compuestos de Positron, se utilizan en todo el mundo desde principios de la d\u00e9cada de 1990 y es el \u00fanico producto de su tipo que puede determinar con absoluta precisi\u00f3n el estado de los aisladores de suspensi\u00f3n compuestos al detectar el campo el\u00e9ctrico circundante del aislador.<\/p><p>Las pruebas no se ven afectadas por las condiciones ambientales, proporcionando una indicaci\u00f3n clara con un registro de los defectos, adem\u00e1s, alertan cuando hay un defecto cr\u00edtico.<\/p><h5 class=\"black h4\"><strong>Caracter\u00edsticas<\/strong><\/h5><ul class=\"left-span\"><li>Proporciona y registra una representaci\u00f3n gr\u00e1fica in situ del aislador para determinar la seguridad o la necesidad de mantenimiento<\/li><li>Ligero y f\u00e1cil de usar con un solo bot\u00f3n<\/li><li>Las lecturas de campo se pueden almacenar opcionalmente en una base de datos para futuras referencias y an\u00e1lisis<\/li><li><strong>Seguro.<\/strong> No hay contacto el\u00e9ctrico directo con los conductores de alta tensi\u00f3n<\/li><li>Se utiliza para probar todo tipo y tama\u00f1o de compuesto polim\u00e9rico<br><ul class=\"left-span\"><li>Accesorio de montaje universal para p\u00e9rtiga caliente<\/li><li>Viene con un malet\u00edn de transporte resistente<\/li><\/ul><\/li><\/ul><h5><strong>Opciones disponibles:<\/strong><\/h5><ul class=\"left-span\"><li>El equipo de prueba para aisladores compuestos, 50 Hz 378209C1\/50<\/li><li>El equipo de prueba para aisladores compuestos, 60 Hz 378209C1\/60<\/li><li>El equipo de prueba para aisladores en l\u00edneas f\u00e9rreas, 50 Hz 3782091C\/50<\/li><li>El equipo de prueba para aisladores en l\u00edneas f\u00e9rreas, 60 Hz 3782091C\/60<\/li><\/ul><\/div>\t\t\t\t\t\t\t\t<\/div>\n\t\t\t\t<\/div>\n\t\t\t\t<div class=\"elementor-element elementor-element-3ed08a0 elementor-widget elementor-widget-Table\" data-id=\"3ed08a0\" data-element_type=\"widget\" data-e-type=\"widget\" data-widget_type=\"Table.default\">\n\t\t\t\t<div class=\"elementor-widget-container\">\n\t\t\t\t\t\t\t<table class=\"tafe-table \">\n\t\t\t<thead  class=\"tafe-table-header\">\n\t\t\t\t<tr>\n\t\t\t\t\t<th class=\"elementor-inline-editing elementor-repeater-item-e5e9b80\"   >PRODUCT NUMBER<\/th><th class=\"elementor-inline-editing elementor-repeater-item-7592a15\"   >DESCRIPTION<\/th><th class=\"elementor-inline-editing elementor-repeater-item-dd14538\"   >DOWNLOAD<\/th>\t\t\t\t<\/tr>\n\t\t\t<\/thead>\n\t\t\t\t\t\t<tbody class=\"tafe-table-body\">\n\t\t\t\t<tr>\n\t\t\t\t\t<td data-label=\"PRODUCT NUMBER\"   class=\"elementor-repeater-item-1c8cdd1 td-content-type-default\" >378209C1\/50<br>378209C1\/60<\/td><td data-label=\"DESCRIPTION\"   class=\"elementor-repeater-item-022b12d td-content-type-default\" >Composite Insualtor Tester<\/td><td data-label=\"DOWNLOAD\"   class=\"elementor-repeater-item-752483e td-content-type-default\" >\n<a style=\"padding:5px 10px;background:#680006;color:white;border: 0;min-width:250px\" href=\"https:\/\/dqx.kur.mybluehost.me\/wp-content\/uploads\/2025\/07\/Brochure-Composite-2025.pdf\" target=\"_blank\" rel=\"noopener\">Specification \/ Datasheet<\/a><\/td>\t\t\t\t<\/tr>\n\t\t\t<\/tbody>\n\t\t<\/table>\n\t\t\n\t\t\t\t\t\t<\/div>\n\t\t\t\t<\/div>\n\t\t\t\t\t<\/div>\n\t\t<\/div>\n\t\t\t\t<div class=\"elementor-column elementor-col-33 elementor-top-column elementor-element elementor-element-54fbfb2\" data-id=\"54fbfb2\" data-element_type=\"column\" data-e-type=\"column\">\n\t\t\t<div class=\"elementor-widget-wrap elementor-element-populated\">\n\t\t\t\t\t\t<div class=\"elementor-element elementor-element-5e9ae1d elementor-pagination-position-outside elementor-widget elementor-widget-image-carousel\" data-id=\"5e9ae1d\" data-element_type=\"widget\" data-e-type=\"widget\" data-settings=\"{&quot;slides_to_show&quot;:&quot;1&quot;,&quot;navigation&quot;:&quot;dots&quot;,&quot;autoplay&quot;:&quot;yes&quot;,&quot;pause_on_hover&quot;:&quot;yes&quot;,&quot;pause_on_interaction&quot;:&quot;yes&quot;,&quot;autoplay_speed&quot;:5000,&quot;infinite&quot;:&quot;yes&quot;,&quot;effect&quot;:&quot;slide&quot;,&quot;speed&quot;:500}\" data-widget_type=\"image-carousel.default\">\n\t\t\t\t<div class=\"elementor-widget-container\">\n\t\t\t\t\t\t\t<div class=\"elementor-image-carousel-wrapper swiper\" role=\"region\" aria-roledescription=\"carousel\" aria-label=\"Image Carousel\" dir=\"ltr\">\n\t\t\t<div class=\"elementor-image-carousel swiper-wrapper\" aria-live=\"off\">\n\t\t\t\t\t\t\t\t<div class=\"swiper-slide\" role=\"group\" aria-roledescription=\"slide\" aria-label=\"1 de 4\"><figure class=\"swiper-slide-inner\"><img decoding=\"async\" class=\"swiper-slide-image\" src=\"https:\/\/positronpower.com\/wp-content\/uploads\/2024\/02\/378206.jpg\" alt=\"378206\" \/><\/figure><\/div><div class=\"swiper-slide\" role=\"group\" aria-roledescription=\"slide\" aria-label=\"2 de 4\"><figure class=\"swiper-slide-inner\"><img decoding=\"async\" class=\"swiper-slide-image\" src=\"https:\/\/positronpower.com\/wp-content\/uploads\/2024\/02\/378209-2.png\" alt=\"378209-2\" \/><\/figure><\/div><div class=\"swiper-slide\" role=\"group\" aria-roledescription=\"slide\" aria-label=\"3 de 4\"><figure class=\"swiper-slide-inner\"><img decoding=\"async\" class=\"swiper-slide-image\" src=\"https:\/\/positronpower.com\/wp-content\/uploads\/2025\/03\/tablet-Composite.jpg\" alt=\"Tableta-composite\" \/><\/figure><\/div><div class=\"swiper-slide\" role=\"group\" aria-roledescription=\"slide\" aria-label=\"4 de 4\"><figure class=\"swiper-slide-inner\"><img decoding=\"async\" class=\"swiper-slide-image\" src=\"https:\/\/positronpower.com\/wp-content\/uploads\/2025\/03\/Composite-Case-Sliders.png\" alt=\"Composite-Case-sliders\" \/><\/figure><\/div>\t\t\t<\/div>\n\t\t\t\t\t\t\t\n\t\t\t\t\t\t\t\t\t<div class=\"swiper-pagination\"><\/div>\n\t\t\t\t\t\t\t\t\t<\/div>\n\t\t\t\t\t\t<\/div>\n\t\t\t\t<\/div>\n\t\t\t\t<div class=\"elementor-element elementor-element-5c76b16 elementor-widget elementor-widget-heading\" data-id=\"5c76b16\" data-element_type=\"widget\" data-e-type=\"widget\" data-widget_type=\"heading.default\">\n\t\t\t\t<div class=\"elementor-widget-container\">\n\t\t\t\t\t<h5 class=\"elementor-heading-title elementor-size-default\">Equipo de prueba para aisladores de Positron<\/h5>\t\t\t\t<\/div>\n\t\t\t\t<\/div>\n\t\t\t\t<div class=\"elementor-element elementor-element-5d5c889 elementor-nav-menu--dropdown-tablet elementor-nav-menu__text-align-aside elementor-nav-menu--toggle elementor-nav-menu--burger elementor-widget elementor-widget-nav-menu\" data-id=\"5d5c889\" data-element_type=\"widget\" data-e-type=\"widget\" data-settings=\"{&quot;layout&quot;:&quot;vertical&quot;,&quot;submenu_icon&quot;:{&quot;value&quot;:&quot;&lt;i class=\\&quot;fas fa-caret-down\\&quot; aria-hidden=\\&quot;true\\&quot;&gt;&lt;\\\/i&gt;&quot;,&quot;library&quot;:&quot;fa-solid&quot;},&quot;toggle&quot;:&quot;burger&quot;}\" data-widget_type=\"nav-menu.default\">\n\t\t\t\t<div class=\"elementor-widget-container\">\n\t\t\t\t\t\t\t\t<nav aria-label=\"Menu\" class=\"elementor-nav-menu--main elementor-nav-menu__container elementor-nav-menu--layout-vertical e--pointer-background e--animation-fade\">\n\t\t\t\t<ul id=\"menu-1-5d5c889\" class=\"elementor-nav-menu sm-vertical\"><li class=\"menu-item menu-item-type-post_type menu-item-object-page menu-item-3263\"><a href=\"https:\/\/positronpower.com\/porcelain-insulator-tester\/\" class=\"elementor-item\">Equipo de Prueba para aisladores en porcelana<\/a><\/li>\n<li class=\"menu-item menu-item-type-post_type menu-item-object-page menu-item-3262\"><a href=\"https:\/\/positronpower.com\/composite-insulator-tester\/\" class=\"elementor-item\">Equipo de prueba para aisladores compuestos<\/a><\/li>\n<li class=\"menu-item menu-item-type-post_type menu-item-object-page menu-item-5447\"><a href=\"https:\/\/positronpower.com\/porcelain-disc-tester\/\" class=\"elementor-item\">Equipo de prueba para discos de porcelana<\/a><\/li>\n<li class=\"menu-item menu-item-type-post_type menu-item-object-page menu-item-9398\"><a href=\"https:\/\/positronpower.com\/substation-insulator-tester\/\" class=\"elementor-item\">El equipo de prueba para aisladores de subestaci\u00f3n<\/a><\/li>\n<li class=\"menu-item menu-item-type-post_type menu-item-object-page menu-item-3825\"><a href=\"https:\/\/positronpower.com\/positron-drone-tester\/\" class=\"elementor-item\">Equipo de prueba instalado en dron para aisladores compuestos de Positron<\/a><\/li>\n<li class=\"menu-item menu-item-type-post_type menu-item-object-page menu-item-3265\"><a href=\"https:\/\/positronpower.com\/insulator-tester-tablet-laptop\/\" class=\"elementor-item\">Tableta\/ordenador port\u00e1til para equipo de pruebas de aisladores<\/a><\/li>\n<\/ul>\t\t\t<\/nav>\n\t\t\t\t\t<div class=\"elementor-menu-toggle\" role=\"button\" tabindex=\"0\" aria-label=\"Alternar men\u00fa\" aria-expanded=\"false\">\n\t\t\t<i aria-hidden=\"true\" role=\"presentation\" class=\"elementor-menu-toggle__icon--open eicon-menu-bar\"><\/i><i aria-hidden=\"true\" role=\"presentation\" class=\"elementor-menu-toggle__icon--close eicon-close\"><\/i>\t\t<\/div>\n\t\t\t\t\t<nav class=\"elementor-nav-menu--dropdown elementor-nav-menu__container\" aria-hidden=\"true\">\n\t\t\t\t<ul id=\"menu-2-5d5c889\" class=\"elementor-nav-menu sm-vertical\"><li class=\"menu-item menu-item-type-post_type menu-item-object-page menu-item-3263\"><a href=\"https:\/\/positronpower.com\/porcelain-insulator-tester\/\" class=\"elementor-item\" tabindex=\"-1\">Equipo de Prueba para aisladores en porcelana<\/a><\/li>\n<li class=\"menu-item menu-item-type-post_type menu-item-object-page menu-item-3262\"><a href=\"https:\/\/positronpower.com\/composite-insulator-tester\/\" class=\"elementor-item\" tabindex=\"-1\">Equipo de prueba para aisladores compuestos<\/a><\/li>\n<li class=\"menu-item menu-item-type-post_type menu-item-object-page menu-item-5447\"><a href=\"https:\/\/positronpower.com\/porcelain-disc-tester\/\" class=\"elementor-item\" tabindex=\"-1\">Equipo de prueba para discos de porcelana<\/a><\/li>\n<li class=\"menu-item menu-item-type-post_type menu-item-object-page menu-item-9398\"><a href=\"https:\/\/positronpower.com\/substation-insulator-tester\/\" class=\"elementor-item\" tabindex=\"-1\">El equipo de prueba para aisladores de subestaci\u00f3n<\/a><\/li>\n<li class=\"menu-item menu-item-type-post_type menu-item-object-page menu-item-3825\"><a href=\"https:\/\/positronpower.com\/positron-drone-tester\/\" class=\"elementor-item\" tabindex=\"-1\">Equipo de prueba instalado en dron para aisladores compuestos de Positron<\/a><\/li>\n<li class=\"menu-item menu-item-type-post_type menu-item-object-page menu-item-3265\"><a href=\"https:\/\/positronpower.com\/insulator-tester-tablet-laptop\/\" class=\"elementor-item\" tabindex=\"-1\">Tableta\/ordenador port\u00e1til para equipo de pruebas de aisladores<\/a><\/li>\n<\/ul>\t\t\t<\/nav>\n\t\t\t\t\t\t<\/div>\n\t\t\t\t<\/div>\n\t\t\t\t\t<\/div>\n\t\t<\/div>\n\t\t\t\t\t<\/div>\n\t\t<\/section>\n\t\t\t\t<\/div>\n\t\t","protected":false},"excerpt":{"rendered":"<p>Equipo de prueba para aisladores compuestos en l\u00edneas de alta tensi\u00f3n El equipo de prueba para aisladores compuestos de Positron ha revolucionado las pruebas del estado de todo tipo de aisladores en l\u00edneas de alta tensi\u00f3n energizadas y en suspensi\u00f3n. El procedimiento es f\u00e1cil y seguro al momento de testear los aisladores energizados en l\u00edneas [&hellip;]<\/p>\n","protected":false},"author":1,"featured_media":0,"parent":0,"menu_order":0,"comment_status":"closed","ping_status":"closed","template":"","meta":{"footnotes":""},"class_list":["post-10902","page","type-page","status-publish","hentry"],"_links":{"self":[{"href":"https:\/\/positronpower.com\/es\/wp-json\/wp\/v2\/pages\/10902","targetHints":{"allow":["GET"]}}],"collection":[{"href":"https:\/\/positronpower.com\/es\/wp-json\/wp\/v2\/pages"}],"about":[{"href":"https:\/\/positronpower.com\/es\/wp-json\/wp\/v2\/types\/page"}],"author":[{"embeddable":true,"href":"https:\/\/positronpower.com\/es\/wp-json\/wp\/v2\/users\/1"}],"replies":[{"embeddable":true,"href":"https:\/\/positronpower.com\/es\/wp-json\/wp\/v2\/comments?post=10902"}],"version-history":[{"count":9,"href":"https:\/\/positronpower.com\/es\/wp-json\/wp\/v2\/pages\/10902\/revisions"}],"predecessor-version":[{"id":11595,"href":"https:\/\/positronpower.com\/es\/wp-json\/wp\/v2\/pages\/10902\/revisions\/11595"}],"wp:attachment":[{"href":"https:\/\/positronpower.com\/es\/wp-json\/wp\/v2\/media?parent=10902"}],"curies":[{"name":"wp","href":"https:\/\/api.w.org\/{rel}","templated":true}]}}