{"id":10928,"date":"2024-04-23T16:49:27","date_gmt":"2024-04-23T16:49:27","guid":{"rendered":"https:\/\/positronpower.com\/equipo-de-prueba-para-discos-de-porcelana\/"},"modified":"2025-11-26T16:40:06","modified_gmt":"2025-11-26T16:40:06","slug":"equipo-de-prueba-para-discos-de-porcelana","status":"publish","type":"page","link":"https:\/\/positronpower.com\/es\/equipo-de-prueba-para-discos-de-porcelana\/","title":{"rendered":"Equipo de prueba para discos de porcelana"},"content":{"rendered":"\t\t<div data-elementor-type=\"wp-page\" data-elementor-id=\"10928\" class=\"elementor elementor-10928 elementor-5442\" data-elementor-post-type=\"page\">\n\t\t\t\t\t\t<section class=\"elementor-section elementor-top-section elementor-element elementor-element-5470588 linebottom elementor-section-height-min-height elementor-section-items-bottom elementor-section-boxed elementor-section-height-default\" data-id=\"5470588\" data-element_type=\"section\" data-e-type=\"section\" data-settings=\"{&quot;background_background&quot;:&quot;slideshow&quot;,&quot;background_slideshow_gallery&quot;:[{&quot;id&quot;:10927,&quot;url&quot;:&quot;https:\\\/\\\/positronpower.com\\\/wp-content\\\/uploads\\\/2025\\\/03\\\/Porcelain_PID_Test_Field_OK02.jpg&quot;}],&quot;background_slideshow_loop&quot;:&quot;yes&quot;,&quot;background_slideshow_slide_duration&quot;:5000,&quot;background_slideshow_slide_transition&quot;:&quot;fade&quot;,&quot;background_slideshow_transition_duration&quot;:500}\">\n\t\t\t\t\t\t<div class=\"elementor-container elementor-column-gap-default\">\n\t\t\t\t\t<div class=\"elementor-column elementor-col-100 elementor-top-column elementor-element elementor-element-123f5f0\" data-id=\"123f5f0\" data-element_type=\"column\" data-e-type=\"column\">\n\t\t\t<div class=\"elementor-widget-wrap\">\n\t\t\t\t\t\t\t<\/div>\n\t\t<\/div>\n\t\t\t\t\t<\/div>\n\t\t<\/section>\n\t\t<div class=\"elementor-element elementor-element-c9064ea e-flex e-con-boxed e-con e-parent\" data-id=\"c9064ea\" data-element_type=\"container\" data-e-type=\"container\">\n\t\t\t\t\t<div class=\"e-con-inner\">\n\t\t\t\t<div class=\"elementor-element elementor-element-965de2b elementor-widget elementor-widget-heading\" data-id=\"965de2b\" data-element_type=\"widget\" data-e-type=\"widget\" data-widget_type=\"heading.default\">\n\t\t\t\t<div class=\"elementor-widget-container\">\n\t\t\t\t\t<h2 class=\"elementor-heading-title elementor-size-default\">Equipo de prueba para discos de porcelana<\/h2>\t\t\t\t<\/div>\n\t\t\t\t<\/div>\n\t\t\t\t\t<\/div>\n\t\t\t\t<\/div>\n\t\t\t\t<section class=\"elementor-section elementor-top-section elementor-element elementor-element-e82176e elementor-section-boxed elementor-section-height-default elementor-section-height-default\" data-id=\"e82176e\" data-element_type=\"section\" data-e-type=\"section\">\n\t\t\t\t\t\t<div class=\"elementor-container elementor-column-gap-default\">\n\t\t\t\t\t<div class=\"elementor-column elementor-col-66 elementor-top-column elementor-element elementor-element-c5220e8\" data-id=\"c5220e8\" data-element_type=\"column\" data-e-type=\"column\">\n\t\t\t<div class=\"elementor-widget-wrap elementor-element-populated\">\n\t\t\t\t\t\t<section class=\"elementor-section elementor-inner-section elementor-element elementor-element-32386c2 elementor-section-boxed elementor-section-height-default elementor-section-height-default\" data-id=\"32386c2\" data-element_type=\"section\" data-e-type=\"section\">\n\t\t\t\t\t\t<div class=\"elementor-container elementor-column-gap-default\">\n\t\t\t\t\t<div class=\"elementor-column elementor-col-100 elementor-inner-column elementor-element elementor-element-386cb83\" data-id=\"386cb83\" data-element_type=\"column\" data-e-type=\"column\">\n\t\t\t<div class=\"elementor-widget-wrap elementor-element-populated\">\n\t\t\t\t\t\t<div class=\"elementor-element elementor-element-0d743cb elementor-widget elementor-widget-text-editor\" data-id=\"0d743cb\" data-element_type=\"widget\" data-e-type=\"widget\" data-widget_type=\"text-editor.default\">\n\t\t\t\t<div class=\"elementor-widget-container\">\n\t\t\t\t\t\t\t\t\t<div class=\"col-md-5 col-sm-6\"><div class=\"col-md-5 col-sm-6\"><h5><strong>El equipo de prueba para de discos de porcelana se utiliza para probar discos individuales en una serie de aisladores de baja tensi\u00f3n en l\u00edneas de transmisi\u00f3n y distribuci\u00f3n energizadas.<\/strong><\/h5><p>La tecnolog\u00eda de campo el\u00e9ctrico probada de Positron garantiza una fiabilidad del 100% en la detecci\u00f3n segura de cualquier defecto conductivo. Sabr\u00e1 al instante si es seguro trabajar cerca y si es necesario realizar tareas de mantenimiento o reparaci\u00f3n.<\/p><p>El modelo del equipo de prueba para discos de porcelana n.\u00ba 3782651U est\u00e1 equipado con un material diel\u00e9ctrico de alta constante con interruptor de presi\u00f3n de alta rigidez diel\u00e9ctrica, que hace contacto f\u00edsico no conductivo con los aisladores de disco de porcelana.<\/p><p>Este equipo de prueba indica los discos defectuosos mediante una indicaci\u00f3n audible y visual sin necesidad de ning\u00fan dispositivo externo.<\/p><\/div><\/div>\t\t\t\t\t\t\t\t<\/div>\n\t\t\t\t<\/div>\n\t\t\t\t\t<\/div>\n\t\t<\/div>\n\t\t\t\t\t<\/div>\n\t\t<\/section>\n\t\t\t\t<div class=\"elementor-element elementor-element-d29aeda elementor-widget elementor-widget-text-editor\" data-id=\"d29aeda\" data-element_type=\"widget\" data-e-type=\"widget\" data-widget_type=\"text-editor.default\">\n\t\t\t\t<div class=\"elementor-widget-container\">\n\t\t\t\t\t\t\t\t\t<ul><li><strong>Seguro de usar:<\/strong> Sin contacto el\u00e9ctrico con las partes met\u00e1licas del disco de porcelana<\/li><li>Es una herramienta completamente segura para se\u00f1alar una serie de aisladores de porcelana peligrosa.<\/li><li>El equipo de prueba proporciona una advertencia audible cuando el aislador est\u00e1 defectuoso.<\/li><li>Se puede utilizar en l\u00edneas energizadas desde <strong>25 kV<\/strong> hasta <strong>1000 kV<\/strong> y a partir de 3 discos<\/li><li>Accesorio de montaje universal para p\u00e9rtiga caliente<\/li><li>Viene con un malet\u00edn de transporte resistente<\/li><\/ul>\t\t\t\t\t\t\t\t<\/div>\n\t\t\t\t<\/div>\n\t\t\t\t<div class=\"elementor-element elementor-element-b8365e9 elementor-widget elementor-widget-text-editor\" data-id=\"b8365e9\" data-element_type=\"widget\" data-e-type=\"widget\" data-widget_type=\"text-editor.default\">\n\t\t\t\t<div class=\"elementor-widget-container\">\n\t\t\t\t\t\t\t\t\t<div class=\"col-md-12 col-sm-12\"><h5 class=\"black h4\"><strong>Caracter\u00edsticas<\/strong><\/h5><ul class=\"left-span\"><li>Muy ligero: 0,77 kg (1,7 lb)<\/li><li>Compacto: 27 cm x 12 cm x 5 cm (11\u201d x 5\u201d x 2\u201d)<\/li><li>Funciona con voltajes de hasta 1000 kV y a partir de 3 discos<\/li><li>Disponible en versiones de 50 Hz y 60 Hz<\/li><li>Rango de temperatura de funcionamiento: -30 \u00b0C a +50 \u00b0C (-25 \u00b0F a +125 \u00b0F)<\/li><li>Adaptador de carga con indicador LED de carga completa<\/li><li>Alimentado por una bater\u00eda de NiCad, que puede durar varios d\u00edas de pruebas seg\u00fan el uso.<\/li><li>Capacidad de descarga remota<\/li><li>Caracter\u00edsticas opcionales: Almacenamiento de resultados de datos, adaptador Bluetooth (100 metros), ordenador port\u00e1til\/PC<\/li><\/ul><h5><strong>Opciones disponibles:<\/strong><\/h5><ul class=\"left-span\"><li>Equipo de prueba para discos de porcelana, 50 Hz 3782651U\/50<\/li><li>Equipo de prueba para discos de porcelana, 60 Hz 3782651U\/60<\/li><\/ul><\/div>\t\t\t\t\t\t\t\t<\/div>\n\t\t\t\t<\/div>\n\t\t\t\t<div class=\"elementor-element elementor-element-9f67f74 elementor-widget elementor-widget-Table\" data-id=\"9f67f74\" data-element_type=\"widget\" data-e-type=\"widget\" data-widget_type=\"Table.default\">\n\t\t\t\t<div class=\"elementor-widget-container\">\n\t\t\t\t\t\t\t<table class=\"tafe-table \">\n\t\t\t<thead  class=\"tafe-table-header\">\n\t\t\t\t<tr>\n\t\t\t\t\t<th class=\"elementor-inline-editing elementor-repeater-item-e5e9b80\"   >PRODUCT NUMBER<\/th><th class=\"elementor-inline-editing elementor-repeater-item-7592a15\"   >DESCRIPTION<\/th><th class=\"elementor-inline-editing elementor-repeater-item-dd14538\"   >DOWNLOAD<\/th>\t\t\t\t<\/tr>\n\t\t\t<\/thead>\n\t\t\t\t\t\t<tbody class=\"tafe-table-body\">\n\t\t\t\t<tr>\n\t\t\t\t\t<td data-label=\"PRODUCT NUMBER\"   class=\"elementor-repeater-item-1c8cdd1 td-content-type-default\" >3782651U\/50<br>3782651U\/60<\/td><td data-label=\"DESCRIPTION\"   class=\"elementor-repeater-item-022b12d td-content-type-default\" >Porcelain Disc Tester<\/td><td data-label=\"DOWNLOAD\"   class=\"elementor-repeater-item-752483e td-content-type-default\" >\n<a style=\"padding:5px 20px;background:#680006;color:white;border: 0;width:250px\" href=\"https:\/\/dqx.kur.mybluehost.me\/wp-content\/uploads\/2024\/11\/Brochure-Porcelain-Disc-Tester.pdf\" target=\"_blank\" rel=\"noopener\">Specification \/ Datasheet<\/a><\/td>\t\t\t\t<\/tr>\n\t\t\t<\/tbody>\n\t\t<\/table>\n\t\t\n\t\t\t\t\t\t<\/div>\n\t\t\t\t<\/div>\n\t\t\t\t\t<\/div>\n\t\t<\/div>\n\t\t\t\t<div class=\"elementor-column elementor-col-33 elementor-top-column elementor-element elementor-element-54fbfb2\" data-id=\"54fbfb2\" data-element_type=\"column\" data-e-type=\"column\">\n\t\t\t<div class=\"elementor-widget-wrap elementor-element-populated\">\n\t\t\t\t\t\t<div class=\"elementor-element elementor-element-5e9ae1d elementor-pagination-position-outside elementor-widget elementor-widget-image-carousel\" data-id=\"5e9ae1d\" data-element_type=\"widget\" data-e-type=\"widget\" data-settings=\"{&quot;slides_to_show&quot;:&quot;1&quot;,&quot;navigation&quot;:&quot;dots&quot;,&quot;autoplay&quot;:&quot;yes&quot;,&quot;pause_on_hover&quot;:&quot;yes&quot;,&quot;pause_on_interaction&quot;:&quot;yes&quot;,&quot;autoplay_speed&quot;:5000,&quot;infinite&quot;:&quot;yes&quot;,&quot;effect&quot;:&quot;slide&quot;,&quot;speed&quot;:500}\" data-widget_type=\"image-carousel.default\">\n\t\t\t\t<div class=\"elementor-widget-container\">\n\t\t\t\t\t\t\t<div class=\"elementor-image-carousel-wrapper swiper\" role=\"region\" aria-roledescription=\"carousel\" aria-label=\"Image Carousel\" dir=\"ltr\">\n\t\t\t<div class=\"elementor-image-carousel swiper-wrapper\" aria-live=\"off\">\n\t\t\t\t\t\t\t\t<div class=\"swiper-slide\" role=\"group\" aria-roledescription=\"slide\" aria-label=\"1 de 3\"><figure class=\"swiper-slide-inner\"><img decoding=\"async\" class=\"swiper-slide-image\" src=\"https:\/\/positronpower.com\/wp-content\/uploads\/2024\/02\/3782651P-1.jpg\" alt=\"3782651P-1\" \/><\/figure><\/div><div class=\"swiper-slide\" role=\"group\" aria-roledescription=\"slide\" aria-label=\"2 de 3\"><figure class=\"swiper-slide-inner\"><img decoding=\"async\" class=\"swiper-slide-image\" src=\"https:\/\/positronpower.com\/wp-content\/uploads\/2024\/02\/3782651P-2.jpg\" alt=\"3782651P-2\" \/><\/figure><\/div><div class=\"swiper-slide\" role=\"group\" aria-roledescription=\"slide\" aria-label=\"3 de 3\"><figure class=\"swiper-slide-inner\"><img decoding=\"async\" class=\"swiper-slide-image\" src=\"https:\/\/positronpower.com\/wp-content\/uploads\/2025\/03\/Porcelain-Disc-Case-Sliders.png\" alt=\"Porcelain-disc-Case-sliders\" \/><\/figure><\/div>\t\t\t<\/div>\n\t\t\t\t\t\t\t\n\t\t\t\t\t\t\t\t\t<div class=\"swiper-pagination\"><\/div>\n\t\t\t\t\t\t\t\t\t<\/div>\n\t\t\t\t\t\t<\/div>\n\t\t\t\t<\/div>\n\t\t\t\t<div class=\"elementor-element elementor-element-475c5ee elementor-widget elementor-widget-heading\" data-id=\"475c5ee\" data-element_type=\"widget\" data-e-type=\"widget\" data-widget_type=\"heading.default\">\n\t\t\t\t<div class=\"elementor-widget-container\">\n\t\t\t\t\t<h5 class=\"elementor-heading-title elementor-size-default\">Equipo de prueba para aisladores de Positr\u00f3n<\/h5>\t\t\t\t<\/div>\n\t\t\t\t<\/div>\n\t\t\t\t<div class=\"elementor-element elementor-element-48493c8 elementor-nav-menu--dropdown-tablet elementor-nav-menu__text-align-aside elementor-nav-menu--toggle elementor-nav-menu--burger elementor-widget elementor-widget-nav-menu\" data-id=\"48493c8\" data-element_type=\"widget\" data-e-type=\"widget\" data-settings=\"{&quot;layout&quot;:&quot;vertical&quot;,&quot;submenu_icon&quot;:{&quot;value&quot;:&quot;&lt;i class=\\&quot;fas fa-caret-down\\&quot; aria-hidden=\\&quot;true\\&quot;&gt;&lt;\\\/i&gt;&quot;,&quot;library&quot;:&quot;fa-solid&quot;},&quot;toggle&quot;:&quot;burger&quot;}\" data-widget_type=\"nav-menu.default\">\n\t\t\t\t<div class=\"elementor-widget-container\">\n\t\t\t\t\t\t\t\t<nav aria-label=\"Menu\" class=\"elementor-nav-menu--main elementor-nav-menu__container elementor-nav-menu--layout-vertical e--pointer-background e--animation-fade\">\n\t\t\t\t<ul id=\"menu-1-48493c8\" class=\"elementor-nav-menu sm-vertical\"><li class=\"menu-item menu-item-type-post_type menu-item-object-page menu-item-3263\"><a href=\"https:\/\/positronpower.com\/porcelain-insulator-tester\/\" class=\"elementor-item\">Equipo de Prueba para aisladores en porcelana<\/a><\/li>\n<li class=\"menu-item menu-item-type-post_type menu-item-object-page menu-item-3262\"><a href=\"https:\/\/positronpower.com\/composite-insulator-tester\/\" class=\"elementor-item\">Equipo de prueba para aisladores compuestos<\/a><\/li>\n<li class=\"menu-item menu-item-type-post_type menu-item-object-page menu-item-5447\"><a href=\"https:\/\/positronpower.com\/porcelain-disc-tester\/\" class=\"elementor-item\">Equipo de prueba para discos de porcelana<\/a><\/li>\n<li class=\"menu-item menu-item-type-post_type menu-item-object-page menu-item-9398\"><a href=\"https:\/\/positronpower.com\/substation-insulator-tester\/\" class=\"elementor-item\">El equipo de prueba para aisladores de subestaci\u00f3n<\/a><\/li>\n<li class=\"menu-item menu-item-type-post_type menu-item-object-page menu-item-3825\"><a href=\"https:\/\/positronpower.com\/positron-drone-tester\/\" class=\"elementor-item\">Equipo de prueba instalado en dron para aisladores compuestos de Positron<\/a><\/li>\n<li class=\"menu-item menu-item-type-post_type menu-item-object-page menu-item-3265\"><a href=\"https:\/\/positronpower.com\/insulator-tester-tablet-laptop\/\" class=\"elementor-item\">Tableta\/ordenador port\u00e1til para equipo de pruebas de aisladores<\/a><\/li>\n<\/ul>\t\t\t<\/nav>\n\t\t\t\t\t<div class=\"elementor-menu-toggle\" role=\"button\" tabindex=\"0\" aria-label=\"Alternar men\u00fa\" aria-expanded=\"false\">\n\t\t\t<i aria-hidden=\"true\" role=\"presentation\" class=\"elementor-menu-toggle__icon--open eicon-menu-bar\"><\/i><i aria-hidden=\"true\" role=\"presentation\" class=\"elementor-menu-toggle__icon--close eicon-close\"><\/i>\t\t<\/div>\n\t\t\t\t\t<nav class=\"elementor-nav-menu--dropdown elementor-nav-menu__container\" aria-hidden=\"true\">\n\t\t\t\t<ul id=\"menu-2-48493c8\" class=\"elementor-nav-menu sm-vertical\"><li class=\"menu-item menu-item-type-post_type menu-item-object-page menu-item-3263\"><a href=\"https:\/\/positronpower.com\/porcelain-insulator-tester\/\" class=\"elementor-item\" tabindex=\"-1\">Equipo de Prueba para aisladores en porcelana<\/a><\/li>\n<li class=\"menu-item menu-item-type-post_type menu-item-object-page menu-item-3262\"><a href=\"https:\/\/positronpower.com\/composite-insulator-tester\/\" class=\"elementor-item\" tabindex=\"-1\">Equipo de prueba para aisladores compuestos<\/a><\/li>\n<li class=\"menu-item menu-item-type-post_type menu-item-object-page menu-item-5447\"><a href=\"https:\/\/positronpower.com\/porcelain-disc-tester\/\" class=\"elementor-item\" tabindex=\"-1\">Equipo de prueba para discos de porcelana<\/a><\/li>\n<li class=\"menu-item menu-item-type-post_type menu-item-object-page menu-item-9398\"><a href=\"https:\/\/positronpower.com\/substation-insulator-tester\/\" class=\"elementor-item\" tabindex=\"-1\">El equipo de prueba para aisladores de subestaci\u00f3n<\/a><\/li>\n<li class=\"menu-item menu-item-type-post_type menu-item-object-page menu-item-3825\"><a href=\"https:\/\/positronpower.com\/positron-drone-tester\/\" class=\"elementor-item\" tabindex=\"-1\">Equipo de prueba instalado en dron para aisladores compuestos de Positron<\/a><\/li>\n<li class=\"menu-item menu-item-type-post_type menu-item-object-page menu-item-3265\"><a href=\"https:\/\/positronpower.com\/insulator-tester-tablet-laptop\/\" class=\"elementor-item\" tabindex=\"-1\">Tableta\/ordenador port\u00e1til para equipo de pruebas de aisladores<\/a><\/li>\n<\/ul>\t\t\t<\/nav>\n\t\t\t\t\t\t<\/div>\n\t\t\t\t<\/div>\n\t\t\t\t\t<\/div>\n\t\t<\/div>\n\t\t\t\t\t<\/div>\n\t\t<\/section>\n\t\t\t\t<\/div>\n\t\t","protected":false},"excerpt":{"rendered":"<p>Equipo de prueba para discos de porcelana El equipo de prueba para de discos de porcelana se utiliza para probar discos individuales en una serie de aisladores de baja tensi\u00f3n en l\u00edneas de transmisi\u00f3n y distribuci\u00f3n energizadas. La tecnolog\u00eda de campo el\u00e9ctrico probada de Positron garantiza una fiabilidad del 100% en la detecci\u00f3n segura de [&hellip;]<\/p>\n","protected":false},"author":1,"featured_media":0,"parent":0,"menu_order":0,"comment_status":"closed","ping_status":"closed","template":"","meta":{"footnotes":""},"class_list":["post-10928","page","type-page","status-publish","hentry"],"_links":{"self":[{"href":"https:\/\/positronpower.com\/es\/wp-json\/wp\/v2\/pages\/10928","targetHints":{"allow":["GET"]}}],"collection":[{"href":"https:\/\/positronpower.com\/es\/wp-json\/wp\/v2\/pages"}],"about":[{"href":"https:\/\/positronpower.com\/es\/wp-json\/wp\/v2\/types\/page"}],"author":[{"embeddable":true,"href":"https:\/\/positronpower.com\/es\/wp-json\/wp\/v2\/users\/1"}],"replies":[{"embeddable":true,"href":"https:\/\/positronpower.com\/es\/wp-json\/wp\/v2\/comments?post=10928"}],"version-history":[{"count":5,"href":"https:\/\/positronpower.com\/es\/wp-json\/wp\/v2\/pages\/10928\/revisions"}],"predecessor-version":[{"id":11581,"href":"https:\/\/positronpower.com\/es\/wp-json\/wp\/v2\/pages\/10928\/revisions\/11581"}],"wp:attachment":[{"href":"https:\/\/positronpower.com\/es\/wp-json\/wp\/v2\/media?parent=10928"}],"curies":[{"name":"wp","href":"https:\/\/api.w.org\/{rel}","templated":true}]}}