{"id":10947,"date":"2025-07-07T17:31:06","date_gmt":"2025-07-07T17:31:06","guid":{"rendered":"https:\/\/positronpower.com\/portal\/"},"modified":"2025-11-24T19:14:52","modified_gmt":"2025-11-24T19:14:52","slug":"portal","status":"publish","type":"page","link":"https:\/\/positronpower.com\/es\/portal\/","title":{"rendered":"Portal"},"content":{"rendered":"\t\t<div data-elementor-type=\"wp-page\" data-elementor-id=\"10947\" class=\"elementor elementor-10947 elementor-9896\" data-elementor-post-type=\"page\">\n\t\t\t\t<div class=\"elementor-element elementor-element-6a407b6 e-flex e-con-boxed e-con e-parent\" data-id=\"6a407b6\" data-element_type=\"container\" data-e-type=\"container\">\n\t\t\t\t\t<div class=\"e-con-inner\">\n\t\t\t\t<div class=\"elementor-element elementor-element-59734b1 elementor-widget elementor-widget-heading\" data-id=\"59734b1\" data-element_type=\"widget\" data-e-type=\"widget\" data-widget_type=\"heading.default\">\n\t\t\t\t<div class=\"elementor-widget-container\">\n\t\t\t\t\t<h2 class=\"elementor-heading-title elementor-size-default\">Bienvenido al Portal de Verificadores de Aisladores Positron<\/h2>\t\t\t\t<\/div>\n\t\t\t\t<\/div>\n\t\t\t\t<div class=\"elementor-element elementor-element-aae1639 elementor-widget elementor-widget-text-editor\" data-id=\"aae1639\" data-element_type=\"widget\" data-e-type=\"widget\" data-widget_type=\"text-editor.default\">\n\t\t\t\t<div class=\"elementor-widget-container\">\n\t\t\t\t\t\t\t\t\t<p>Este portal contiene manuales y folletos de los equipos de Prueba para aisladores de Positr\u00f3n (S\u00f3lo en ingl\u00e9s)<\/p>\t\t\t\t\t\t\t\t<\/div>\n\t\t\t\t<\/div>\n\t\t\t\t<div class=\"elementor-element elementor-element-60c3ac1 elementor-widget-divider--view-line elementor-widget elementor-widget-divider\" data-id=\"60c3ac1\" data-element_type=\"widget\" data-e-type=\"widget\" data-widget_type=\"divider.default\">\n\t\t\t\t<div class=\"elementor-widget-container\">\n\t\t\t\t\t\t\t<div class=\"elementor-divider\">\n\t\t\t<span class=\"elementor-divider-separator\">\n\t\t\t\t\t\t<\/span>\n\t\t<\/div>\n\t\t\t\t\t\t<\/div>\n\t\t\t\t<\/div>\n\t\t\t\t<div class=\"elementor-element elementor-element-e63e04b elementor-widget elementor-widget-Table\" data-id=\"e63e04b\" data-element_type=\"widget\" data-e-type=\"widget\" data-widget_type=\"Table.default\">\n\t\t\t\t<div class=\"elementor-widget-container\">\n\t\t\t\t\t\t\t<table class=\"tafe-table \">\n\t\t\t<thead  class=\"tafe-table-header\">\n\t\t\t\t<tr>\n\t\t\t\t\t<th class=\"elementor-inline-editing elementor-repeater-item-41d55c1\"   >PRODUCT NUMBER<\/th><th class=\"elementor-inline-editing elementor-repeater-item-96458c7\"   >DESCRIPTION<\/th><th class=\"elementor-inline-editing elementor-repeater-item-bc1bf7d\"   >TECH SPECS \/ MANUALS<\/th><th class=\"elementor-inline-editing elementor-repeater-item-e8d3269\"   >BROCHURES<\/th><th class=\"elementor-inline-editing elementor-repeater-item-d4593a4\"   >SOFTWARE<\/th>\t\t\t\t<\/tr>\n\t\t\t<\/thead>\n\t\t\t\t\t\t<tbody class=\"tafe-table-body\">\n\t\t\t\t<tr>\n\t\t\t\t\t<td data-label=\"PRODUCT NUMBER\" colSpan=\"5\"  class=\"elementor-repeater-item-e74df23 td-content-type-default\" ><strong>Download any Tester Manual or Brochure<\/strong><\/td><\/tr><tr><td data-label=\"PRODUCT NUMBER\"   class=\"elementor-repeater-item-e83273b td-content-type-default\" >3781301P\/60 (60Hz)<br \/>\n3781301P\/50 (50Hz)<\/td><td data-label=\"DESCRIPTION\"   class=\"elementor-repeater-item-e7130db td-content-type-default\" >Porcelain Insulator Tester<\/td><td data-label=\"TECH SPECS \/ MANUALS\"   class=\"elementor-repeater-item-b6381dd td-content-type-default\" ><a class=\"elementor-button elementor-size-sm\" style=\"color: white;font-weight: bold;width:200px\" href=\"https:\/\/dqx.kur.mybluehost.me\/wp-content\/uploads\/2024\/11\/Porcelain_Disc_Tester-950W000170-02E.pdf\" target=\"_blank\" rel=\"noopener\">Manual Porcelain<\/a><\/td><td data-label=\"BROCHURES\"   class=\"elementor-repeater-item-e613ae4 td-content-type-default\" ><a class=\"elementor-button elementor-size-sm\" style=\"color: white;font-weight: bold;width:225px\" href=\"https:\/\/dqx.kur.mybluehost.me\/wp-content\/uploads\/2024\/09\/PID-Specification_Brochure.pdf\" target=\"_blank\" rel=\"noopener\">Brochure Porcelain<\/a><\/td><td data-label=\"SOFTWARE\"  rowSpan=\"5\" class=\"elementor-repeater-item-310d9e2 td-content-type-default\" ><a class=\"elementor-button elementor-size-sm\" style=\"color: white;font-weight: bold;width:260px\" href=\"https:\/\/dqx.kur.mybluehost.me\/wp-content\/uploads\/2025\/07\/Insulator-Tester-V7.1.4-English.msi_.zip\" target=\"_blank\" rel=\"noopener\">Software for Porcelain, <br>Composite, Porcelain Disc <br>and Substation and Drone <br>Testers<\/a>\n<p><small>Available only to registered customers<\/small><br>\nContact Salvatore Carbonaro <br>\nscarbonaro@positronpower.com\n<\/p><\/td><\/tr><tr><td data-label=\"PRODUCT NUMBER\"   class=\"elementor-repeater-item-b4030ad td-content-type-default\" >3782651U\/60 (60Hz)<br \/>\n3782651U\/50 (50Hz)<\/td><td data-label=\"DESCRIPTION\"   class=\"elementor-repeater-item-f500551 td-content-type-default\" >Porcelain Disc Insulator Tester<\/td><td data-label=\"TECH SPECS \/ MANUALS\"   class=\"elementor-repeater-item-1150f2d td-content-type-default\" ><a class=\"elementor-button elementor-size-sm\" style=\"color: white;font-weight: bold;width:210px\" href=\"https:\/\/dqx.kur.mybluehost.me\/wp-content\/uploads\/2024\/11\/Brochure-Porcelain-Disc-Tester.pdf\" target=\"_blank\" rel=\"noopener\">Manual Porcelain Disc<\/a><\/td><td data-label=\"BROCHURES\"   class=\"elementor-repeater-item-b515587 td-content-type-default\" ><a class=\"elementor-button elementor-size-sm\" style=\"color: white;font-weight: bold;width:225px\" href=\"https:\/\/dqx.kur.mybluehost.me\/wp-content\/uploads\/2024\/11\/Brochure-Porcelain-Disc-Tester.pdf\" target=\"_blank\" rel=\"noopener\">Brochure Porcelain Disc<\/a><\/td><\/tr><tr><td data-label=\"PRODUCT NUMBER\"   class=\"elementor-repeater-item-aa6b81f td-content-type-default\" >3782091C\/60 (60Hz)<br \/>\n3782091C\/50 (50Hz)<\/td><td data-label=\"DESCRIPTION\"   class=\"elementor-repeater-item-cd2d2da td-content-type-default\" >Composite Insulator Tester<\/td><td data-label=\"TECH SPECS \/ MANUALS\"   class=\"elementor-repeater-item-e4cf9e0 td-content-type-default\" ><a class=\"elementor-button elementor-size-sm\" style=\"color: white;font-weight: bold;width:200px\" href=\"https:\/\/dqx.kur.mybluehost.me\/wp-content\/uploads\/2024\/09\/PID-Composite-Railways.pdf\" target=\"_blank\" rel=\"noopener\">Manual Composite<\/a><\/td><td data-label=\"BROCHURES\"   class=\"elementor-repeater-item-3ec843c td-content-type-default\" ><a class=\"elementor-button elementor-size-sm\" style=\"color: white;font-weight: bold;width:225px\" href=\"https:\/\/dqx.kur.mybluehost.me\/wp-content\/uploads\/2024\/09\/PID-Composite-Railways.pdf\" target=\"_blank\" rel=\"noopener\">Brochure Composite<\/a><\/td><\/tr><tr><td data-label=\"PRODUCT NUMBER\"   class=\"elementor-repeater-item-c8a9a89 td-content-type-default\" >3782652U\/60 (60Hz)<br \/>\n3782652U\/50 (50Hz)<\/td><td data-label=\"DESCRIPTION\"   class=\"elementor-repeater-item-69f6a68 td-content-type-default\" >Substation Insulator Tester<\/td><td data-label=\"TECH SPECS \/ MANUALS\"   class=\"elementor-repeater-item-1d6cdb7 td-content-type-default\" ><a class=\"elementor-button elementor-size-sm\" style=\"color: white;font-weight: bold;width:200px\" href=\"https:\/\/dqx.kur.mybluehost.me\/wp-content\/uploads\/2024\/09\/PID-Substation-Insulator-Tester.pdf\" target=\"_blank\" rel=\"noopener\">Manual Substation<\/a><\/td><td data-label=\"BROCHURES\"   class=\"elementor-repeater-item-907c463 td-content-type-default\" ><a class=\"elementor-button elementor-size-sm\" style=\"color: white;font-weight: bold;width:225px\" href=\"https:\/\/dqx.kur.mybluehost.me\/wp-content\/uploads\/2024\/09\/PID-Substation-Insulator-Tester.pdf\" target=\"_blank\" rel=\"noopener\">Brochure Substation<\/a><\/td><\/tr><tr><td data-label=\"PRODUCT NUMBER\"   class=\"elementor-repeater-item-79273de td-content-type-default\" >3782091D\/60 (60Hz)<br \/>\n3782091D\/50 (50Hz)<\/td><td data-label=\"DESCRIPTION\"   class=\"elementor-repeater-item-cf00e61 td-content-type-default\" >Drone Porcelain Insulator Tester<\/td><td data-label=\"TECH SPECS \/ MANUALS\"   class=\"elementor-repeater-item-f324b28 td-content-type-default\" ><a class=\"elementor-button elementor-size-sm\" style=\"color: white;font-weight: bold;width:200px\" href=\"https:\/\/dqx.kur.mybluehost.me\/wp-content\/uploads\/2024\/09\/PID-Drone-Insulator-Tester.pdf\" target=\"_blank\" rel=\"noopener\">Manual Drone<\/a><\/td><td data-label=\"BROCHURES\"   class=\"elementor-repeater-item-8d769c4 td-content-type-default\" ><a class=\"elementor-button elementor-size-sm\" style=\"color: white;font-weight: bold;width:225px\" href=\"https:\/\/dqx.kur.mybluehost.me\/wp-content\/uploads\/2024\/09\/PID-Drone-Insulator-Tester.pdf\" target=\"_blank\" rel=\"noopener\">Brochure Drone<\/a><\/td>\t\t\t\t<\/tr>\n\t\t\t<\/tbody>\n\t\t<\/table>\n\t\t\n\t\t\t\t\t\t<\/div>\n\t\t\t\t<\/div>\n\t\t\t\t<div class=\"elementor-element elementor-element-3fa0b5e elementor-widget-divider--view-line elementor-widget elementor-widget-divider\" data-id=\"3fa0b5e\" data-element_type=\"widget\" data-e-type=\"widget\" data-widget_type=\"divider.default\">\n\t\t\t\t<div class=\"elementor-widget-container\">\n\t\t\t\t\t\t\t<div class=\"elementor-divider\">\n\t\t\t<span class=\"elementor-divider-separator\">\n\t\t\t\t\t\t<\/span>\n\t\t<\/div>\n\t\t\t\t\t\t<\/div>\n\t\t\t\t<\/div>\n\t\t\t\t\t<\/div>\n\t\t\t\t<\/div>\n\t\t\t\t<\/div>\n\t\t","protected":false},"excerpt":{"rendered":"<p>Bienvenido al Portal de Verificadores de Aisladores Positron Este portal contiene manuales y folletos de los equipos de Prueba para aisladores de Positr\u00f3n (S\u00f3lo en ingl\u00e9s) PRODUCT NUMBER DESCRIPTION TECH SPECS \/ MANUALS BROCHURES SOFTWARE Download any Tester Manual or Brochure 3781301P\/60 (60Hz) 3781301P\/50 (50Hz) Porcelain Insulator Tester Manual Porcelain Brochure Porcelain Software for Porcelain, [&hellip;]<\/p>\n","protected":false},"author":1,"featured_media":0,"parent":0,"menu_order":0,"comment_status":"closed","ping_status":"closed","template":"","meta":{"footnotes":""},"class_list":["post-10947","page","type-page","status-publish","hentry"],"_links":{"self":[{"href":"https:\/\/positronpower.com\/es\/wp-json\/wp\/v2\/pages\/10947","targetHints":{"allow":["GET"]}}],"collection":[{"href":"https:\/\/positronpower.com\/es\/wp-json\/wp\/v2\/pages"}],"about":[{"href":"https:\/\/positronpower.com\/es\/wp-json\/wp\/v2\/types\/page"}],"author":[{"embeddable":true,"href":"https:\/\/positronpower.com\/es\/wp-json\/wp\/v2\/users\/1"}],"replies":[{"embeddable":true,"href":"https:\/\/positronpower.com\/es\/wp-json\/wp\/v2\/comments?post=10947"}],"version-history":[{"count":5,"href":"https:\/\/positronpower.com\/es\/wp-json\/wp\/v2\/pages\/10947\/revisions"}],"predecessor-version":[{"id":11523,"href":"https:\/\/positronpower.com\/es\/wp-json\/wp\/v2\/pages\/10947\/revisions\/11523"}],"wp:attachment":[{"href":"https:\/\/positronpower.com\/es\/wp-json\/wp\/v2\/media?parent=10947"}],"curies":[{"name":"wp","href":"https:\/\/api.w.org\/{rel}","templated":true}]}}