{"id":11037,"date":"2025-07-22T17:46:02","date_gmt":"2025-07-22T17:46:02","guid":{"rendered":"https:\/\/positronpower.com\/condiciones-de-servicio\/"},"modified":"2025-11-24T19:23:34","modified_gmt":"2025-11-24T19:23:34","slug":"condiciones-de-servicio","status":"publish","type":"page","link":"https:\/\/positronpower.com\/es\/condiciones-de-servicio\/","title":{"rendered":"Condiciones de servicio"},"content":{"rendered":"\t\t<div data-elementor-type=\"wp-page\" data-elementor-id=\"11037\" class=\"elementor elementor-11037 elementor-10625\" data-elementor-post-type=\"page\">\n\t\t\t\t<div class=\"elementor-element elementor-element-f451310 e-flex e-con-boxed e-con e-parent\" data-id=\"f451310\" data-element_type=\"container\" data-e-type=\"container\">\n\t\t\t\t\t<div class=\"e-con-inner\">\n\t\t\t\t<div class=\"elementor-element elementor-element-79bc621 elementor-widget elementor-widget-heading\" data-id=\"79bc621\" data-element_type=\"widget\" data-e-type=\"widget\" data-widget_type=\"heading.default\">\n\t\t\t\t<div class=\"elementor-widget-container\">\n\t\t\t\t\t<h2 class=\"elementor-heading-title elementor-size-default\">Condiciones de servicio<\/h2>\t\t\t\t<\/div>\n\t\t\t\t<\/div>\n\t\t\t\t<div class=\"elementor-element elementor-element-e389ad8 elementor-widget elementor-widget-text-editor\" data-id=\"e389ad8\" data-element_type=\"widget\" data-e-type=\"widget\" data-widget_type=\"text-editor.default\">\n\t\t\t\t<div class=\"elementor-widget-container\">\n\t\t\t\t\t\t\t\t\t<p>\u00daltima actualizaci\u00f3n: 21 de julio de 2025<\/p><p>Bienvenido al sitio web de la Divisi\u00f3n de Energ\u00eda de Positron (\u00abSitio web\u00bb). Lea atentamente estas Condiciones de servicio (\u00abCondiciones\u00bb), ya que rigen el uso de nuestro sitio web. Al acceder a nuestro sitio web o utilizarlo, usted acepta estas Condiciones.  <\/p><ol><li><strong> Informaci\u00f3n de la empresa<\/strong><\/li><\/ol><ul><li>Positron Access Solutions Corp.<\/li><li>Direcci\u00f3n: 5101 rue Buchan, Suite 220, Montreal, Quebec, H4P 2R9, Canad\u00e1<\/li><li>Tel\u00e9fono: +1 (514) 345-2220<\/li><li>Correo electr\u00f3nico: <strong><span style=\"color: #800000;\"><a style=\"color: #800000;\" href=\"mailto:scarbonaro@positronpower.com\">scarbonaro@positronpower.com<\/a><\/span><\/strong><\/li><li>Soporte t\u00e9cnico: 1-888-577-5254<\/li><li>Tel\u00e9fono internacional: +1 (514) 345-2220 ext. 1<\/li><li>Correo electr\u00f3nico de soporte: <strong><span style=\"color: #800000;\"><a style=\"color: #800000;\" href=\"mailto:customerservice@positronpower.com\">customerservice@positronpower.com<\/a><\/span><\/strong><\/li><li>Fundada en 1970.<\/li><\/ul><ol start=\"2\"><li><strong> Uso del sitio web<\/strong><\/li><\/ol><p>Usted acepta utilizar el Sitio web \u00fanicamente con fines l\u00edcitos y de conformidad con estas Condiciones.<\/p><ol start=\"3\"><li><strong> Propiedad Intelectual<\/strong><\/li><\/ol><p>Todo el contenido, logotipos, marcas registradas y materiales del sitio web son propiedad de Positron Power Division o se encuentran bajo licencia de esta, y est\u00e1n protegidos por las leyes de propiedad intelectual aplicables.<\/p><ol start=\"4\"><li><strong> Limitaci\u00f3n de Responsabilidad<\/strong><\/li><\/ol><p>No garantizamos que el sitio web funcione sin interrupciones, errores ni virus. No nos hacemos responsables de los da\u00f1os que resulten del uso del sitio web. <\/p><ol start=\"5\"><li><strong> Modificaciones a los T\u00e9rminos<\/strong><\/li><\/ol><p>Podemos actualizar estos T\u00e9rminos peri\u00f3dicamente. El uso continuado del sitio web tras las modificaciones implica la aceptaci\u00f3n de dichas modificaciones. <\/p><ol start=\"6\"><li><strong> Cont\u00e1ctenos<\/strong><\/li><\/ol><p>Si tiene alguna pregunta sobre estos T\u00e9rminos, cont\u00e1ctenos en <strong><span style=\"color: #800000;\"><a style=\"color: #800000;\" href=\"mailto:customerservice@positronpower.com\">customerservice@positronpower.com<\/a><\/span> <\/strong>o ll\u00e1menos al 1-888-577-5254<\/p>\t\t\t\t\t\t\t\t<\/div>\n\t\t\t\t<\/div>\n\t\t\t\t\t<\/div>\n\t\t\t\t<\/div>\n\t\t\t\t<\/div>\n\t\t","protected":false},"excerpt":{"rendered":"<p>Condiciones de servicio \u00daltima actualizaci\u00f3n: 21 de julio de 2025 Bienvenido al sitio web de la Divisi\u00f3n de Energ\u00eda de Positron (\u00abSitio web\u00bb). Lea atentamente estas Condiciones de servicio (\u00abCondiciones\u00bb), ya que rigen el uso de nuestro sitio web. Al acceder a nuestro sitio web o utilizarlo, usted acepta estas Condiciones. Informaci\u00f3n de la empresa [&hellip;]<\/p>\n","protected":false},"author":1,"featured_media":0,"parent":0,"menu_order":0,"comment_status":"closed","ping_status":"closed","template":"","meta":{"footnotes":""},"class_list":["post-11037","page","type-page","status-publish","hentry"],"_links":{"self":[{"href":"https:\/\/positronpower.com\/es\/wp-json\/wp\/v2\/pages\/11037","targetHints":{"allow":["GET"]}}],"collection":[{"href":"https:\/\/positronpower.com\/es\/wp-json\/wp\/v2\/pages"}],"about":[{"href":"https:\/\/positronpower.com\/es\/wp-json\/wp\/v2\/types\/page"}],"author":[{"embeddable":true,"href":"https:\/\/positronpower.com\/es\/wp-json\/wp\/v2\/users\/1"}],"replies":[{"embeddable":true,"href":"https:\/\/positronpower.com\/es\/wp-json\/wp\/v2\/comments?post=11037"}],"version-history":[{"count":5,"href":"https:\/\/positronpower.com\/es\/wp-json\/wp\/v2\/pages\/11037\/revisions"}],"predecessor-version":[{"id":11533,"href":"https:\/\/positronpower.com\/es\/wp-json\/wp\/v2\/pages\/11037\/revisions\/11533"}],"wp:attachment":[{"href":"https:\/\/positronpower.com\/es\/wp-json\/wp\/v2\/media?parent=11037"}],"curies":[{"name":"wp","href":"https:\/\/api.w.org\/{rel}","templated":true}]}}