{"id":11086,"date":"2024-10-31T19:07:19","date_gmt":"2024-10-31T19:07:19","guid":{"rendered":"https:\/\/positronpower.com\/aislamiento-y-proteccion-para-telecomunicaciones-y-seguridad-personal\/"},"modified":"2025-11-27T15:02:06","modified_gmt":"2025-11-27T15:02:06","slug":"aislamiento-y-proteccion-para-telecomunicaciones-y-seguridad-personal","status":"publish","type":"page","link":"https:\/\/positronpower.com\/es\/aislamiento-y-proteccion-para-telecomunicaciones-y-seguridad-personal\/","title":{"rendered":"Aislamiento y protecci\u00f3n para telecomunicaciones y seguridad personal"},"content":{"rendered":"\t\t<div data-elementor-type=\"wp-page\" data-elementor-id=\"11086\" class=\"elementor elementor-11086 elementor-6875\" data-elementor-post-type=\"page\">\n\t\t\t\t<div class=\"elementor-element elementor-element-04cfb51 e-con-full e-flex e-con e-parent\" data-id=\"04cfb51\" data-element_type=\"container\" data-e-type=\"container\" data-settings=\"{&quot;background_background&quot;:&quot;classic&quot;}\">\n\t\t<div class=\"elementor-element elementor-element-ec40863 e-con-full e-flex e-con e-child\" data-id=\"ec40863\" data-element_type=\"container\" data-e-type=\"container\" data-settings=\"{&quot;background_background&quot;:&quot;classic&quot;}\">\n\t\t\t\t<\/div>\n\t\t\t\t<\/div>\n\t\t<div class=\"elementor-element elementor-element-382f934 e-flex e-con-boxed e-con e-parent\" data-id=\"382f934\" data-element_type=\"container\" data-e-type=\"container\" data-settings=\"{&quot;background_background&quot;:&quot;classic&quot;}\">\n\t\t\t\t\t<div class=\"e-con-inner\">\n\t\t<div class=\"elementor-element elementor-element-cc36b15 e-con-full e-flex e-con e-child\" data-id=\"cc36b15\" data-element_type=\"container\" data-e-type=\"container\">\n\t\t\t\t<div class=\"elementor-element elementor-element-a75878a elementor-widget elementor-widget-heading\" data-id=\"a75878a\" data-element_type=\"widget\" data-e-type=\"widget\" data-widget_type=\"heading.default\">\n\t\t\t\t<div class=\"elementor-widget-container\">\n\t\t\t\t\t<h2 class=\"elementor-heading-title elementor-size-default\">\u00bfPor qu\u00e9 es importante el aislamiento y la protecci\u00f3n de alta tensi\u00f3n?<\/h2>\t\t\t\t<\/div>\n\t\t\t\t<\/div>\n\t\t<div class=\"elementor-element elementor-element-858d571 e-grid e-con-full e-con e-child\" data-id=\"858d571\" data-element_type=\"container\" data-e-type=\"container\">\n\t\t\t\t<div class=\"elementor-element elementor-element-f69f535 elementor-widget elementor-widget-text-editor\" data-id=\"f69f535\" data-element_type=\"widget\" data-e-type=\"widget\" data-widget_type=\"text-editor.default\">\n\t\t\t\t<div class=\"elementor-widget-container\">\n\t\t\t\t\t\t\t\t\t<ul><li class=\"default\"><b>Para garantizar la seguridad del personal <\/b><\/li><li class=\"default\"><b>Para proteger los equipos de telecomunicaciones contra da\u00f1os<\/b><\/li><li><b>Para aislar los circuitos de telecomunicaciones de la alta tensi\u00f3n\/corriente durante: <\/b><ul><li class=\"default\">Falla el\u00e9ctrica<\/li><li class=\"default\">Descarga atmosf\u00e9rica<\/li><li class=\"default\">Inducci\u00f3n electromagn\u00e9tica<\/li><\/ul><\/li><\/ul>\t\t\t\t\t\t\t\t<\/div>\n\t\t\t\t<\/div>\n\t\t\t\t<div class=\"elementor-element elementor-element-45cc71f elementor-widget elementor-widget-text-editor\" data-id=\"45cc71f\" data-element_type=\"widget\" data-e-type=\"widget\" data-widget_type=\"text-editor.default\">\n\t\t\t\t<div class=\"elementor-widget-container\">\n\t\t\t\t\t\t\t\t\t<ul><li><b>Para proporcionar un servicio fiable a los circuitos cr\u00edticos utilizados para: <\/b><ul><li class=\"default\">Protecci\u00f3n de sistemas el\u00e9ctricos (teleprotecci\u00f3n)<\/li><li class=\"default\">SCADA, monitorizaci\u00f3n de transformadores, registro digital de fallos (RDF)<\/li><li class=\"default\">Videovigilancia y seguridad (requisitos CIP)<\/li><li class=\"default\">Circuitos de telecomunicaciones de centros de control<\/li><li class=\"default\">Servicios inal\u00e1mbricos en emplazamientos<\/li><\/ul><\/li><\/ul>\t\t\t\t\t\t\t\t<\/div>\n\t\t\t\t<\/div>\n\t\t\t\t<\/div>\n\t\t<div class=\"elementor-element elementor-element-1e76905 e-con-full e-flex e-con e-child\" data-id=\"1e76905\" data-element_type=\"container\" data-e-type=\"container\">\n\t\t<div class=\"elementor-element elementor-element-a747e04 e-con-full e-flex e-con e-child\" data-id=\"a747e04\" data-element_type=\"container\" data-e-type=\"container\">\n\t\t<div class=\"elementor-element elementor-element-689481f e-grid e-con-full e-con e-child\" data-id=\"689481f\" data-element_type=\"container\" data-e-type=\"container\">\n\t\t\t\t<div class=\"elementor-element elementor-element-c19bec1 elementor-widget elementor-widget-text-editor\" data-id=\"c19bec1\" data-element_type=\"widget\" data-e-type=\"widget\" data-widget_type=\"text-editor.default\">\n\t\t\t\t<div class=\"elementor-widget-container\">\n\t\t\t\t\t\t\t\t\t<h4><strong>Evento de elevaci\u00f3n del potencial de tierra (EPT)<\/strong><\/h4><p>La norma IEEE 487 define la elevaci\u00f3n del potencial de tierra (EPT) como: Cuando se produce una falla a tierra en un sistema el\u00e9ctrico, la corriente de falla, total o parcialmente, retorna a trav\u00e9s de la tierra mediante la malla de puesta a tierra, generando una diferencia de potencial entre la malla de puesta a tierra y la tierra remota. Una diferencia de potencial entre dos planos de tierra conectados mediante un conductor (como un circuito de comunicaciones por cable) produce una corriente. Esta corriente de falla a tierra causa da\u00f1os a los equipos conectados al conductor.  <\/p><h4><strong>Comunicaciones con protecci\u00f3n de aislamiento <\/strong><\/h4><p>Si una l\u00ednea conductora que ingresa a un entorno de alto voltaje est\u00e1 debidamente aislada, la misma corriente de falla a tierra no causar\u00e1 da\u00f1os, ya que los dos planos de tierra (lado de la estaci\u00f3n y lado de la central) est\u00e1n completamente aislados entre s\u00ed.<\/p>\t\t\t\t\t\t\t\t<\/div>\n\t\t\t\t<\/div>\n\t\t\t\t<div class=\"elementor-element elementor-element-19d37d6 elementor-widget elementor-widget-image\" data-id=\"19d37d6\" data-element_type=\"widget\" data-e-type=\"widget\" data-widget_type=\"image.default\">\n\t\t\t\t<div class=\"elementor-widget-container\">\n\t\t\t\t\t\t\t\t\t\t\t\t\t\t\t<img decoding=\"async\" src=\"https:\/\/positronpower.com\/wp-content\/uploads\/elementor\/thumbs\/Comm-W-Isolation-r10z5pus50btcaoxav7am9adws2tlu3d6rej66ehfg.jpg\" title=\"Comm-W-Isolation\" alt=\"Comm-W-Isolation\" loading=\"lazy\" \/>\t\t\t\t\t\t\t\t\t\t\t\t\t\t\t<\/div>\n\t\t\t\t<\/div>\n\t\t\t\t<\/div>\n\t\t\t\t<\/div>\n\t\t\t\t<div class=\"elementor-element elementor-element-5740b72 elementor-widget-divider--view-line elementor-widget elementor-widget-divider\" data-id=\"5740b72\" data-element_type=\"widget\" data-e-type=\"widget\" data-widget_type=\"divider.default\">\n\t\t\t\t<div class=\"elementor-widget-container\">\n\t\t\t\t\t\t\t<div class=\"elementor-divider\">\n\t\t\t<span class=\"elementor-divider-separator\">\n\t\t\t\t\t\t<\/span>\n\t\t<\/div>\n\t\t\t\t\t\t<\/div>\n\t\t\t\t<\/div>\n\t\t\t\t<div class=\"elementor-element elementor-element-73e2eb5 elementor-widget elementor-widget-heading\" data-id=\"73e2eb5\" data-element_type=\"widget\" data-e-type=\"widget\" data-widget_type=\"heading.default\">\n\t\t\t\t<div class=\"elementor-widget-container\">\n\t\t\t\t\t<h2 class=\"elementor-heading-title elementor-size-default\">Consideraciones generales de seguridad<\/h2>\t\t\t\t<\/div>\n\t\t\t\t<\/div>\n\t\t\t\t<div class=\"elementor-element elementor-element-02e2a0d elementor-widget elementor-widget-text-editor\" data-id=\"02e2a0d\" data-element_type=\"widget\" data-e-type=\"widget\" data-widget_type=\"text-editor.default\">\n\t\t\t\t<div class=\"elementor-widget-container\">\n\t\t\t\t\t\t\t\t\t<ul><li>Pueden aparecer voltajes peligrosos repentinamente como resultado de fallas el\u00e9ctricas o descargas atmosf\u00e9ricas (que producen un aumento transitorio del potencial de tierra).<\/li><li>Los objetos conductores pueden energizarse o transportar un potencial da\u00f1ino que, si no est\u00e1n debidamente protegidos, puede causar lesiones graves.<\/li><li>La seguridad del personal y la protecci\u00f3n de los equipos requieren:<ul><li>(1) Capacitaci\u00f3n<\/li><li>(2) Dise\u00f1o adecuado de las instalaciones<\/li><li>(3) Uso de equipo de seguridad aislado aprobado\/probado<\/li><\/ul><\/li><li>El calzado con suela de goma, los guantes de goma y las alfombras diel\u00e9ctricas (aislantes) pueden proporcionar aislamiento para minimizar los potenciales de contacto y de pisada.<\/li><li>Definiciones:<ul><li>El potencial de contacto es la diferencia entre el gradiente de voltaje sobre el que se encuentra una persona y el gradiente de voltaje que est\u00e1 tocando. Una diferencia significativa en el potencial de contacto puede ser peligrosa.<\/li><li><strong>El potencial<\/strong> de paso es la diferencia en los gradientes de voltaje entre los dos pies de una persona.<\/li><li><strong>GPR<\/strong>: \u201c\u2026el producto de la impedancia de un electrodo de puesta a tierra, referida a tierra remota, y la corriente que fluye a trav\u00e9s de dicha impedancia\u201d. El GPR total de la estaci\u00f3n es igual al producto de la impedancia de la malla de puesta a tierra de la estaci\u00f3n y la porci\u00f3n de la corriente total de falla que fluye a trav\u00e9s de ella. [Seg\u00fan las normas IEEE 487 y 367]  <\/li><\/ul><\/li><\/ul>\t\t\t\t\t\t\t\t<\/div>\n\t\t\t\t<\/div>\n\t\t\t\t<div class=\"elementor-element elementor-element-c4c9f36 elementor-widget elementor-widget-heading\" data-id=\"c4c9f36\" data-element_type=\"widget\" data-e-type=\"widget\" data-widget_type=\"heading.default\">\n\t\t\t\t<div class=\"elementor-widget-container\">\n\t\t\t\t\t<h2 class=\"elementor-heading-title elementor-size-default\">Aislamiento de circuitos de comunicaciones cr\u00edticos:<\/h2>\t\t\t\t<\/div>\n\t\t\t\t<\/div>\n\t\t\t\t<div class=\"elementor-element elementor-element-ab7aead elementor-widget elementor-widget-text-editor\" data-id=\"ab7aead\" data-element_type=\"widget\" data-e-type=\"widget\" data-widget_type=\"text-editor.default\">\n\t\t\t\t<div class=\"elementor-widget-container\">\n\t\t\t\t\t\t\t\t\t<p><strong>\u00bfQui\u00e9nes deben ser conscientes de la necesidad de aislamiento?<\/strong><\/p><ul><li>Instalaciones que utilizan servicios de telecomunicaciones a trav\u00e9s de una l\u00ednea de cobre que se conecta a una instalaci\u00f3n de alto voltaje o a un entorno donde puede ocurrir un evento GPR.<br><br><\/li><\/ul><p><strong>\u00bfQu\u00e9 es un equipo de aislamiento?<\/strong><\/p><ul><li>Un dispositivo que permite que las se\u00f1ales de telecomunicaciones pasen de forma transparente, bloqueando al mismo tiempo las sobretensiones o corrientes excesivas.<br><br><\/li><\/ul><p><strong>\u00bfD\u00f3nde se debe utilizar el aislamiento?<\/strong><\/p><ul><li>Centrales el\u00e9ctricas, subestaciones, instalaciones inal\u00e1mbricas, parques e\u00f3licos, torres de radiocomunicaci\u00f3n<br><br><\/li><\/ul><p><strong>\u00bfPor qu\u00e9 aislar los circuitos de cable en entornos de alta tensi\u00f3n?<\/strong><\/p><ul><li>Para prevenir lesiones o la muerte del personal, da\u00f1os en los equipos y la p\u00e9rdida del control de las comunicaciones.<br><br><\/li><\/ul><p><strong>\u00bfCu\u00e1ndo se debe utilizar la protecci\u00f3n de aislamiento?<\/strong><\/p><ul><li>Cuando la tensi\u00f3n de protecci\u00f3n global (GPR) calculada supera los 1000 V de pico asim\u00e9trico.<\/li><li>Se requiere un servicio de clase A.<\/li><li>Riesgo de descargas atmosf\u00e9ricas o sobretensiones en el lugar donde se requieren los servicios de comunicaci\u00f3n.<\/li><li>Cuando el servicio se proporciona por cable.<\/li><\/ul>\t\t\t\t\t\t\t\t<\/div>\n\t\t\t\t<\/div>\n\t\t\t\t<div class=\"elementor-element elementor-element-8ab8d26 elementor-widget-divider--view-line elementor-widget elementor-widget-divider\" data-id=\"8ab8d26\" data-element_type=\"widget\" data-e-type=\"widget\" data-widget_type=\"divider.default\">\n\t\t\t\t<div class=\"elementor-widget-container\">\n\t\t\t\t\t\t\t<div class=\"elementor-divider\">\n\t\t\t<span class=\"elementor-divider-separator\">\n\t\t\t\t\t\t<\/span>\n\t\t<\/div>\n\t\t\t\t\t\t<\/div>\n\t\t\t\t<\/div>\n\t\t\t\t<\/div>\n\t\t\t\t<\/div>\n\t\t\t\t\t<\/div>\n\t\t\t\t<\/div>\n\t\t<div class=\"elementor-element elementor-element-8dc7480 e-flex e-con-boxed e-con e-parent\" data-id=\"8dc7480\" data-element_type=\"container\" data-e-type=\"container\">\n\t\t\t\t\t<div class=\"e-con-inner\">\n\t\t<div class=\"elementor-element elementor-element-7e79986 e-con-full e-flex e-con e-child\" data-id=\"7e79986\" data-element_type=\"container\" data-e-type=\"container\">\n\t\t\t\t<div class=\"elementor-element elementor-element-8c75eb4 elementor-widget elementor-widget-heading\" data-id=\"8c75eb4\" data-element_type=\"widget\" data-e-type=\"widget\" data-widget_type=\"heading.default\">\n\t\t\t\t<div class=\"elementor-widget-container\">\n\t\t\t\t\t<h2 class=\"elementor-heading-title elementor-size-default\">TeleLite<\/h2>\t\t\t\t<\/div>\n\t\t\t\t<\/div>\n\t\t\t\t<div class=\"elementor-element elementor-element-d7c4ebf elementor-widget elementor-widget-text-editor\" data-id=\"d7c4ebf\" data-element_type=\"widget\" data-e-type=\"widget\" data-widget_type=\"text-editor.default\">\n\t\t\t\t<div class=\"elementor-widget-container\">\n\t\t\t\t\t\t\t\t\t<p>Protecci\u00f3n de aislamiento de alta tensi\u00f3n mediante un enlace de fibra \u00f3ptica entre la uni\u00f3n de fibra de cobre (CFJ) fuera de la red y la interfaz del equipo \u00f3ptico (OEI) en la zona de influencia. <\/p>\t\t\t\t\t\t\t\t<\/div>\n\t\t\t\t<\/div>\n\t\t\t\t<div class=\"elementor-element elementor-element-4c623e8 elementor-widget elementor-widget-image\" data-id=\"4c623e8\" data-element_type=\"widget\" data-e-type=\"widget\" data-widget_type=\"image.default\">\n\t\t\t\t<div class=\"elementor-widget-container\">\n\t\t\t\t\t\t\t\t\t\t\t\t\t\t\t<img decoding=\"async\" src=\"https:\/\/dqx.kur.mybluehost.me\/wp-content\/uploads\/2024\/11\/TeleLite-Diagram-OK.jpg\" title=\"\" alt=\"\" loading=\"lazy\" \/>\t\t\t\t\t\t\t\t\t\t\t\t\t\t\t<\/div>\n\t\t\t\t<\/div>\n\t\t\t\t<div class=\"elementor-element elementor-element-3bc8d60 elementor-align-center elementor-widget elementor-widget-button\" data-id=\"3bc8d60\" data-element_type=\"widget\" data-e-type=\"widget\" data-widget_type=\"button.default\">\n\t\t\t\t<div class=\"elementor-widget-container\">\n\t\t\t\t\t\t\t\t\t<div class=\"elementor-button-wrapper\">\n\t\t\t\t\t<a class=\"elementor-button elementor-button-link elementor-size-sm\" href=\"https:\/\/positronpower.com\/es\/telelite\/\">\n\t\t\t\t\t\t<span class=\"elementor-button-content-wrapper\">\n\t\t\t\t\t\t\t\t\t<span class=\"elementor-button-text\">TeleLite<\/span>\n\t\t\t\t\t<\/span>\n\t\t\t\t\t<\/a>\n\t\t\t\t<\/div>\n\t\t\t\t\t\t\t\t<\/div>\n\t\t\t\t<\/div>\n\t\t\t\t<\/div>\n\t\t<div class=\"elementor-element elementor-element-5a364f5 e-con-full e-flex e-con e-child\" data-id=\"5a364f5\" data-element_type=\"container\" data-e-type=\"container\">\n\t\t\t\t<div class=\"elementor-element elementor-element-767dd59 elementor-widget elementor-widget-heading\" data-id=\"767dd59\" data-element_type=\"widget\" data-e-type=\"widget\" data-widget_type=\"heading.default\">\n\t\t\t\t<div class=\"elementor-widget-container\">\n\t\t\t\t\t<h2 class=\"elementor-heading-title elementor-size-default\">Aislador Teleline<\/h2>\t\t\t\t<\/div>\n\t\t\t\t<\/div>\n\t\t\t\t<div class=\"elementor-element elementor-element-b9799d4 elementor-widget elementor-widget-text-editor\" data-id=\"b9799d4\" data-element_type=\"widget\" data-e-type=\"widget\" data-widget_type=\"text-editor.default\">\n\t\t\t\t<div class=\"elementor-widget-container\">\n\t\t\t\t\t\t\t\t\t<p>La protecci\u00f3n de aislamiento se proporciona en una \u00fanica carcasa ubicada en la zona de influencia. Las tarjetas PC con una separaci\u00f3n de aire de 70 kV pico \/ 50 kV rms a\u00edslan el lado de la estaci\u00f3n del lado de la central telef\u00f3nica. <\/p>\t\t\t\t\t\t\t\t<\/div>\n\t\t\t\t<\/div>\n\t\t\t\t<div class=\"elementor-element elementor-element-c4182ef elementor-widget elementor-widget-image\" data-id=\"c4182ef\" data-element_type=\"widget\" data-e-type=\"widget\" data-widget_type=\"image.default\">\n\t\t\t\t<div class=\"elementor-widget-container\">\n\t\t\t\t\t\t\t\t\t\t\t\t\t\t\t<img decoding=\"async\" src=\"https:\/\/dqx.kur.mybluehost.me-content\/uploads\/2024\/11\/TeleLiNe-Diagram-OK-1.jpg\" title=\"\" alt=\"\" loading=\"lazy\" \/>\t\t\t\t\t\t\t\t\t\t\t\t\t\t\t<\/div>\n\t\t\t\t<\/div>\n\t\t\t\t<div class=\"elementor-element elementor-element-66e9c28 elementor-align-center elementor-widget elementor-widget-button\" data-id=\"66e9c28\" data-element_type=\"widget\" data-e-type=\"widget\" data-widget_type=\"button.default\">\n\t\t\t\t<div class=\"elementor-widget-container\">\n\t\t\t\t\t\t\t\t\t<div class=\"elementor-button-wrapper\">\n\t\t\t\t\t<a class=\"elementor-button elementor-button-link elementor-size-sm\" href=\"https:\/\/positronpower.com\/es\/teleline\/\">\n\t\t\t\t\t\t<span class=\"elementor-button-content-wrapper\">\n\t\t\t\t\t\t\t\t\t<span class=\"elementor-button-text\">Teleline<\/span>\n\t\t\t\t\t<\/span>\n\t\t\t\t\t<\/a>\n\t\t\t\t<\/div>\n\t\t\t\t\t\t\t\t<\/div>\n\t\t\t\t<\/div>\n\t\t\t\t<\/div>\n\t\t\t\t\t<\/div>\n\t\t\t\t<\/div>\n\t\t\t\t<\/div>\n\t\t","protected":false},"excerpt":{"rendered":"<p>\u00bfPor qu\u00e9 es importante el aislamiento y la protecci\u00f3n de alta tensi\u00f3n? Para garantizar la seguridad del personal Para proteger los equipos de telecomunicaciones contra da\u00f1os Para aislar los circuitos de telecomunicaciones de la alta tensi\u00f3n\/corriente durante: Falla el\u00e9ctrica Descarga atmosf\u00e9rica Inducci\u00f3n electromagn\u00e9tica Para proporcionar un servicio fiable a los circuitos cr\u00edticos utilizados para: Protecci\u00f3n [&hellip;]<\/p>\n","protected":false},"author":1,"featured_media":0,"parent":0,"menu_order":0,"comment_status":"closed","ping_status":"closed","template":"","meta":{"footnotes":""},"class_list":["post-11086","page","type-page","status-publish","hentry"],"_links":{"self":[{"href":"https:\/\/positronpower.com\/es\/wp-json\/wp\/v2\/pages\/11086","targetHints":{"allow":["GET"]}}],"collection":[{"href":"https:\/\/positronpower.com\/es\/wp-json\/wp\/v2\/pages"}],"about":[{"href":"https:\/\/positronpower.com\/es\/wp-json\/wp\/v2\/types\/page"}],"author":[{"embeddable":true,"href":"https:\/\/positronpower.com\/es\/wp-json\/wp\/v2\/users\/1"}],"replies":[{"embeddable":true,"href":"https:\/\/positronpower.com\/es\/wp-json\/wp\/v2\/comments?post=11086"}],"version-history":[{"count":6,"href":"https:\/\/positronpower.com\/es\/wp-json\/wp\/v2\/pages\/11086\/revisions"}],"predecessor-version":[{"id":11502,"href":"https:\/\/positronpower.com\/es\/wp-json\/wp\/v2\/pages\/11086\/revisions\/11502"}],"wp:attachment":[{"href":"https:\/\/positronpower.com\/es\/wp-json\/wp\/v2\/media?parent=11086"}],"curies":[{"name":"wp","href":"https:\/\/api.w.org\/{rel}","templated":true}]}}