{"id":11103,"date":"2024-11-11T14:13:48","date_gmt":"2024-11-11T14:13:48","guid":{"rendered":"https:\/\/positronpower.com\/alimentacion-aislada-remota-ca-o-cc\/"},"modified":"2025-11-27T15:05:02","modified_gmt":"2025-11-27T15:05:02","slug":"alimentacion-aislada-remota-ca-o-cc","status":"publish","type":"page","link":"https:\/\/positronpower.com\/es\/alimentacion-aislada-remota-ca-o-cc\/","title":{"rendered":"Alimentaci\u00f3n aislada remota CA o CC"},"content":{"rendered":"\t\t<div data-elementor-type=\"wp-page\" data-elementor-id=\"11103\" class=\"elementor elementor-11103 elementor-7360\" data-elementor-post-type=\"page\">\n\t\t\t\t<div class=\"elementor-element elementor-element-04cfb51 e-con-full e-flex e-con e-parent\" data-id=\"04cfb51\" data-element_type=\"container\" data-e-type=\"container\" data-settings=\"{&quot;background_background&quot;:&quot;classic&quot;}\">\n\t\t<div class=\"elementor-element elementor-element-ec40863 e-con-full e-flex e-con e-child\" data-id=\"ec40863\" data-element_type=\"container\" data-e-type=\"container\" data-settings=\"{&quot;background_background&quot;:&quot;classic&quot;}\">\n\t\t\t\t<\/div>\n\t\t\t\t<\/div>\n\t\t<div class=\"elementor-element elementor-element-382f934 e-flex e-con-boxed e-con e-parent\" data-id=\"382f934\" data-element_type=\"container\" data-e-type=\"container\" data-settings=\"{&quot;background_background&quot;:&quot;classic&quot;}\">\n\t\t\t\t\t<div class=\"e-con-inner\">\n\t\t<div class=\"elementor-element elementor-element-cc36b15 e-flex e-con-boxed e-con e-child\" data-id=\"cc36b15\" data-element_type=\"container\" data-e-type=\"container\">\n\t\t\t\t\t<div class=\"e-con-inner\">\n\t\t\t\t<div class=\"elementor-element elementor-element-a75878a elementor-widget elementor-widget-heading\" data-id=\"a75878a\" data-element_type=\"widget\" data-e-type=\"widget\" data-widget_type=\"heading.default\">\n\t\t\t\t<div class=\"elementor-widget-container\">\n\t\t\t\t\t<h2 class=\"elementor-heading-title elementor-size-default\">Alimentaci\u00f3n aislada remota CA o CC<\/h2>\t\t\t\t<\/div>\n\t\t\t\t<\/div>\n\t\t\t\t<div class=\"elementor-element elementor-element-4dbc1fc elementor-widget elementor-widget-heading\" data-id=\"4dbc1fc\" data-element_type=\"widget\" data-e-type=\"widget\" data-widget_type=\"heading.default\">\n\t\t\t\t<div class=\"elementor-widget-container\">\n\t\t\t\t\t<h3 class=\"elementor-heading-title elementor-size-default\">El aislador de potencia Positrion proporciona una fuente aislada de alta tensi\u00f3n de 24 V CC o 48 V CC.<\/h3>\t\t\t\t<\/div>\n\t\t\t\t<\/div>\n\t\t\t\t<div class=\"elementor-element elementor-element-45cc71f elementor-widget elementor-widget-text-editor\" data-id=\"45cc71f\" data-element_type=\"widget\" data-e-type=\"widget\" data-widget_type=\"text-editor.default\">\n\t\t\t\t<div class=\"elementor-widget-container\">\n\t\t\t\t\t\t\t\t\t<p>Esta tecnolog\u00eda permite a las empresas suministrar de forma segura alimentaci\u00f3n flotante de 120 V CA o de bater\u00edas de subestaci\u00f3n flotantes de 129 V CC o 48 V CC a cualquier punto de una subestaci\u00f3n, independientemente del potencial de tierra local. Consta de una unidad de entrada y una unidad de salida de potencia, cada una con una barrera de aislamiento de 50 kV rms. Un cable de alta rigidez diel\u00e9ctrica entre las unidades de potencia suministra alimentaci\u00f3n aislada flotante a trav\u00e9s de la unidad de salida.  <\/p><p>El sistema de aislador de potencia Positr\u00f3n, lo \u00faltimo en aislamiento de alta tensi\u00f3n y electr\u00f3nica de potencia, proporciona una fuente de alimentaci\u00f3n aislada para alimentar dispositivos remotos.<\/p>\t\t\t\t\t\t\t\t<\/div>\n\t\t\t\t<\/div>\n\t\t\t\t<div class=\"elementor-element elementor-element-8bf4e93 elementor-widget elementor-widget-heading\" data-id=\"8bf4e93\" data-element_type=\"widget\" data-e-type=\"widget\" data-widget_type=\"heading.default\">\n\t\t\t\t<div class=\"elementor-widget-container\">\n\t\t\t\t\t<h4 class=\"elementor-heading-title elementor-size-default\">Algunas aplicaciones para alimentar dispositivos remotos<\/h4>\t\t\t\t<\/div>\n\t\t\t\t<\/div>\n\t\t\t\t<div class=\"elementor-element elementor-element-c61b5a0 elementor-widget elementor-widget-text-editor\" data-id=\"c61b5a0\" data-element_type=\"widget\" data-e-type=\"widget\" data-widget_type=\"text-editor.default\">\n\t\t\t\t<div class=\"elementor-widget-container\">\n\t\t\t\t\t\t\t\t\t<ul><li>Uni\u00f3n fibra-fibra GPON (FFG)<\/li><li>Uni\u00f3n fibra-cobre (CFJ en ingl\u00e9s) dentro o fuera de la zona de influencia (ZOI) de la subestaci\u00f3n<\/li><li>Receptor inal\u00e1mbrico de una subestaci\u00f3n en el patio de maniobras<\/li><li>C\u00e1maras de vigilancia<\/li><li>Sistemas de alarma<\/li><li>Tormenta el\u00e9ctrica<br><br><\/li><\/ul><p>Tambi\u00e9n se puede utilizar para la protecci\u00f3n contra rayos en otras aplicaciones, como la alimentaci\u00f3n de altavoces remotos en conciertos al aire libre. La tecnolog\u00eda Power Isolator de Positron proporciona una fuente de alimentaci\u00f3n sin necesidad de toma de tierra remota. Esto da como resultado una fuente de alimentaci\u00f3n inmune a sobretensiones repentinas.  <\/p><p>Alojados en dos cajas de fibra de vidrio de 30,5 x 35,5 x 15 cm (12\u201d x 14\u201d x 6\u201d) con clasificaci\u00f3n NEMA 4X, cada caja contiene electr\u00f3nica de conversi\u00f3n de potencia sofisticada junto con los exclusivos transformadores de aislamiento de alto voltaje de Positron, y pueden separarse mediante miles de metros de conductores de cobre de calibre 18 AWG.<\/p><p>Se logra un aislamiento de 50 kVrms (continuo) cuando los conductores el\u00e9ctricos de calibre 18 AWG se a\u00edslan mediante los transformadores de aislamiento de alto voltaje del sistema. Para lograr el m\u00e1ximo nivel de aislamiento de alto voltaje, los conductores de calibre 18 AWG deben estar contenidos en conductos de PVC Schedule 80 entre las unidades de entrada y salida del aislador de potencia. Las unidades de entrada y salida de potencia pueden separarse desde 1 metro hasta m\u00e1s de 600 metros (3 pies).  <\/p>\t\t\t\t\t\t\t\t<\/div>\n\t\t\t\t<\/div>\n\t\t\t\t<div class=\"elementor-element elementor-element-4c623e8 elementor-widget elementor-widget-image\" data-id=\"4c623e8\" data-element_type=\"widget\" data-e-type=\"widget\" data-widget_type=\"image.default\">\n\t\t\t\t<div class=\"elementor-widget-container\">\n\t\t\t\t\t\t\t\t\t\t\t\t\t\t\t<img fetchpriority=\"high\" decoding=\"async\" width=\"1500\" height=\"456\" src=\"https:\/\/positronpower.com\/wp-content\/uploads\/2025\/07\/Power-Isolator-Diagram.jpg\" class=\"attachment-full size-full wp-image-11102\" alt=\"\" srcset=\"https:\/\/positronpower.com\/wp-content\/uploads\/2025\/07\/Power-Isolator-Diagram.jpg 1500w, https:\/\/positronpower.com\/wp-content\/uploads\/2025\/07\/Power-Isolator-Diagram-300x91.jpg 300w, https:\/\/positronpower.com\/wp-content\/uploads\/2025\/07\/Power-Isolator-Diagram-1024x311.jpg 1024w, https:\/\/positronpower.com\/wp-content\/uploads\/2025\/07\/Power-Isolator-Diagram-768x233.jpg 768w\" sizes=\"(max-width: 1500px) 100vw, 1500px\" \/>\t\t\t\t\t\t\t\t\t\t\t\t\t\t\t<\/div>\n\t\t\t\t<\/div>\n\t\t\t\t\t<\/div>\n\t\t\t\t<\/div>\n\t\t\t\t\t<\/div>\n\t\t\t\t<\/div>\n\t\t<div class=\"elementor-element elementor-element-8dc7480 e-flex e-con-boxed e-con e-parent\" data-id=\"8dc7480\" data-element_type=\"container\" data-e-type=\"container\">\n\t\t\t\t\t<div class=\"e-con-inner\">\n\t\t<div class=\"elementor-element elementor-element-7e79986 e-con-full e-flex e-con e-child\" data-id=\"7e79986\" data-element_type=\"container\" data-e-type=\"container\">\n\t\t\t\t<div class=\"elementor-element elementor-element-8620633 elementor-widget elementor-widget-text-editor\" data-id=\"8620633\" data-element_type=\"widget\" data-e-type=\"widget\" data-widget_type=\"text-editor.default\">\n\t\t\t\t<div class=\"elementor-widget-container\">\n\t\t\t\t\t\t\t\t\t<p>El aislador de potencia Positron Serie 100 puede proporcionar una salida de 100 W a 48 V CC, totalmente aislada de cualquier influencia de alto voltaje o tierra remota. Se alimenta con una fuente de 120 V CA o 48 V CC flotante. Con una alimentaci\u00f3n de 129 V CC proveniente de una bater\u00eda de subestaci\u00f3n, se puede suministrar una potencia de salida de 100 W a 48 V CC a cualquier punto, independientemente del potencial de tierra local. <\/p><p>El aislador de potencia est\u00e1ndar Serie 100 es adecuado para proporcionar alimentaci\u00f3n aislada a una uni\u00f3n de fibra de cobre (UFC) de una instalaci\u00f3n de aislamiento de comunicaciones de alta tensi\u00f3n de fibra h\u00edbrida, o a una uni\u00f3n fibra-fibra (UFF) totalmente diel\u00e9ctrica, ya sea ubicada dentro o fuera de la zona de influencia de una central el\u00e9ctrica. Existen otros modelos personalizables disponibles para potencias de salida superiores (200 W, 300 W, etc.), con diferentes tensiones de entrada y que proporcionan distintas tensiones de salida, con alimentaci\u00f3n regulada o no regulada.  <\/p>\t\t\t\t\t\t\t\t<\/div>\n\t\t\t\t<\/div>\n\t\t\t\t<div class=\"elementor-element elementor-element-330387e elementor-widget elementor-widget-Table\" data-id=\"330387e\" data-element_type=\"widget\" data-e-type=\"widget\" data-widget_type=\"Table.default\">\n\t\t\t\t<div class=\"elementor-widget-container\">\n\t\t\t\t\t\t\t<table class=\"tafe-table \">\n\t\t\t<thead  class=\"tafe-table-header\">\n\t\t\t\t<tr>\n\t\t\t\t\t<th class=\"elementor-inline-editing elementor-repeater-item-41d55c1\"   >PRODUCT NUMBER<\/th><th class=\"elementor-inline-editing elementor-repeater-item-96458c7\"   >DESCRIPTION<\/th><th class=\"elementor-inline-editing elementor-repeater-item-bc1bf7d\"   >PRODUCT PICTURE<\/th><th class=\"elementor-inline-editing elementor-repeater-item-1bbb270\"   >TECH SPECS \/ MANUALS<\/th>\t\t\t\t<\/tr>\n\t\t\t<\/thead>\n\t\t\t\t\t\t<tbody class=\"tafe-table-body\">\n\t\t\t\t<tr>\n\t\t\t\t\t<td data-label=\"PRODUCT NUMBER\" colSpan=\"4\"  class=\"elementor-repeater-item-e74df23 td-content-type-default\" ><strong>Remote AC or DC Isolated Powering<\/strong><\/td><\/tr><tr><td data-label=\"PRODUCT NUMBER\"   class=\"elementor-repeater-item-e83273b td-content-type-default\" >755610<\/td><td data-label=\"DESCRIPTION\"   class=\"elementor-repeater-item-e7130db td-content-type-default\" >Output Unit<\/td><td data-label=\"PRODUCT PICTURE\"  rowSpan=\"1\" class=\"elementor-repeater-item-b6381dd td-content-type-default\" ><img decoding=\"async\" style=\"width:200px\" src=\"https:\/\/dqx.kur.mybluehost.me\/wp-content\/uploads\/2025\/07\/725610-ok.jpg\" alt=\"Teleline 3-card shelf\"><\/td><td data-label=\"TECH SPECS \/ MANUALS\"  rowSpan=\"2\" class=\"elementor-repeater-item-b184ede td-content-type-default\" ><a class=\"elementor-button elementor-size-sm\" style=\"color: white;font-weight: bold\" href=\"https:\/\/dqx.kur.mybluehost.me\/wp-content\/uploads\/2024\/11\/925W725610-03E.pdf\" target=\"_blank\" rel=\"noopener\">DOWNLOAD<\/a><\/td><\/tr><tr><td data-label=\"PRODUCT NUMBER\"   class=\"elementor-repeater-item-aa6b81f td-content-type-default\" >755611<\/td><td data-label=\"DESCRIPTION\"   class=\"elementor-repeater-item-cd2d2da td-content-type-default\" >Input Unit<\/td><td data-label=\"PRODUCT PICTURE\"  rowSpan=\"1\" class=\"elementor-repeater-item-fdecf10 td-content-type-default\" ><img decoding=\"async\" style=\"width:200px\" src=\"https:\/\/dqx.kur.mybluehost.me\/wp-content\/uploads\/2025\/07\/725611-ok.jpg\" alt=\"Teleline 3-card shelf\"><\/td>\t\t\t\t<\/tr>\n\t\t\t<\/tbody>\n\t\t<\/table>\n\t\t\n\t\t\t\t\t\t<\/div>\n\t\t\t\t<\/div>\n\t\t\t\t<\/div>\n\t\t\t\t\t<\/div>\n\t\t\t\t<\/div>\n\t\t\t\t<\/div>\n\t\t","protected":false},"excerpt":{"rendered":"<p>Alimentaci\u00f3n aislada remota CA o CC El aislador de potencia Positrion proporciona una fuente aislada de alta tensi\u00f3n de 24 V CC o 48 V CC. Esta tecnolog\u00eda permite a las empresas suministrar de forma segura alimentaci\u00f3n flotante de 120 V CA o de bater\u00edas de subestaci\u00f3n flotantes de 129 V CC o 48 V [&hellip;]<\/p>\n","protected":false},"author":1,"featured_media":0,"parent":0,"menu_order":0,"comment_status":"closed","ping_status":"closed","template":"","meta":{"footnotes":""},"class_list":["post-11103","page","type-page","status-publish","hentry"],"_links":{"self":[{"href":"https:\/\/positronpower.com\/es\/wp-json\/wp\/v2\/pages\/11103","targetHints":{"allow":["GET"]}}],"collection":[{"href":"https:\/\/positronpower.com\/es\/wp-json\/wp\/v2\/pages"}],"about":[{"href":"https:\/\/positronpower.com\/es\/wp-json\/wp\/v2\/types\/page"}],"author":[{"embeddable":true,"href":"https:\/\/positronpower.com\/es\/wp-json\/wp\/v2\/users\/1"}],"replies":[{"embeddable":true,"href":"https:\/\/positronpower.com\/es\/wp-json\/wp\/v2\/comments?post=11103"}],"version-history":[{"count":7,"href":"https:\/\/positronpower.com\/es\/wp-json\/wp\/v2\/pages\/11103\/revisions"}],"predecessor-version":[{"id":11675,"href":"https:\/\/positronpower.com\/es\/wp-json\/wp\/v2\/pages\/11103\/revisions\/11675"}],"wp:attachment":[{"href":"https:\/\/positronpower.com\/es\/wp-json\/wp\/v2\/media?parent=11103"}],"curies":[{"name":"wp","href":"https:\/\/api.w.org\/{rel}","templated":true}]}}