{"id":11140,"date":"2022-03-01T16:16:59","date_gmt":"2022-03-01T16:16:59","guid":{"rendered":"https:\/\/positronpower.com\/probador-de-aisladores-de-subestacion\/"},"modified":"2025-11-27T15:07:36","modified_gmt":"2025-11-27T15:07:36","slug":"probador-de-aisladores-de-subestacion","status":"publish","type":"page","link":"https:\/\/positronpower.com\/es\/probador-de-aisladores-de-subestacion\/","title":{"rendered":"El equipo de prueba para aisladores de subestaci\u00f3n"},"content":{"rendered":"\t\t<div data-elementor-type=\"wp-page\" data-elementor-id=\"11140\" class=\"elementor elementor-11140 elementor-2914\" data-elementor-post-type=\"page\">\n\t\t\t\t\t\t<section class=\"elementor-section elementor-top-section elementor-element elementor-element-5470588 linebottom elementor-section-height-min-height elementor-section-items-bottom elementor-section-boxed elementor-section-height-default\" data-id=\"5470588\" data-element_type=\"section\" data-e-type=\"section\" data-settings=\"{&quot;background_background&quot;:&quot;slideshow&quot;,&quot;background_slideshow_gallery&quot;:[{&quot;id&quot;:11139,&quot;url&quot;:&quot;https:\\\/\\\/positronpower.com\\\/wp-content\\\/uploads\\\/2025\\\/03\\\/Universal-Skies-Fileld-Test.jpg&quot;}],&quot;background_slideshow_loop&quot;:&quot;yes&quot;,&quot;background_slideshow_slide_duration&quot;:5000,&quot;background_slideshow_slide_transition&quot;:&quot;fade&quot;,&quot;background_slideshow_transition_duration&quot;:500}\">\n\t\t\t\t\t\t<div class=\"elementor-container elementor-column-gap-default\">\n\t\t\t\t\t<div class=\"elementor-column elementor-col-100 elementor-top-column elementor-element elementor-element-c10e2bb\" data-id=\"c10e2bb\" data-element_type=\"column\" data-e-type=\"column\">\n\t\t\t<div class=\"elementor-widget-wrap\">\n\t\t\t\t\t\t\t<\/div>\n\t\t<\/div>\n\t\t\t\t\t<\/div>\n\t\t<\/section>\n\t\t<div class=\"elementor-element elementor-element-092eb7d e-flex e-con-boxed e-con e-parent\" data-id=\"092eb7d\" data-element_type=\"container\" data-e-type=\"container\">\n\t\t\t\t\t<div class=\"e-con-inner\">\n\t\t\t\t<div class=\"elementor-element elementor-element-9c36c69 elementor-widget elementor-widget-heading\" data-id=\"9c36c69\" data-element_type=\"widget\" data-e-type=\"widget\" data-widget_type=\"heading.default\">\n\t\t\t\t<div class=\"elementor-widget-container\">\n\t\t\t\t\t<h2 class=\"elementor-heading-title elementor-size-default\">Equipo de prueba para aisladores de subestaci\u00f3n<\/h2>\t\t\t\t<\/div>\n\t\t\t\t<\/div>\n\t\t\t\t\t<\/div>\n\t\t\t\t<\/div>\n\t\t\t\t<section class=\"elementor-section elementor-top-section elementor-element elementor-element-e82176e elementor-section-boxed elementor-section-height-default elementor-section-height-default\" data-id=\"e82176e\" data-element_type=\"section\" data-e-type=\"section\">\n\t\t\t\t\t\t<div class=\"elementor-container elementor-column-gap-default\">\n\t\t\t\t\t<div class=\"elementor-column elementor-col-66 elementor-top-column elementor-element elementor-element-c5220e8\" data-id=\"c5220e8\" data-element_type=\"column\" data-e-type=\"column\">\n\t\t\t<div class=\"elementor-widget-wrap elementor-element-populated\">\n\t\t\t\t\t\t<section class=\"elementor-section elementor-inner-section elementor-element elementor-element-32386c2 elementor-section-boxed elementor-section-height-default elementor-section-height-default\" data-id=\"32386c2\" data-element_type=\"section\" data-e-type=\"section\">\n\t\t\t\t\t\t<div class=\"elementor-container elementor-column-gap-default\">\n\t\t\t\t\t<div class=\"elementor-column elementor-col-100 elementor-inner-column elementor-element elementor-element-386cb83\" data-id=\"386cb83\" data-element_type=\"column\" data-e-type=\"column\">\n\t\t\t<div class=\"elementor-widget-wrap elementor-element-populated\">\n\t\t\t\t\t\t<div class=\"elementor-element elementor-element-0d743cb elementor-widget elementor-widget-text-editor\" data-id=\"0d743cb\" data-element_type=\"widget\" data-e-type=\"widget\" data-widget_type=\"text-editor.default\">\n\t\t\t\t<div class=\"elementor-widget-container\">\n\t\t\t\t\t\t\t\t\t<div class=\"col-md-5 col-sm-6\"><div class=\"col-md-5 col-sm-6\"><h5><span style=\"color: #000000;\"><strong>Con el equipo de prueba para aisladores de subestaci\u00f3n, ahora es posible verificar de forma fiable los aisladores de los aparatos el\u00e9ctricos de alta tensi\u00f3n en subestaciones, incluso estando energizados, sin necesidad de interrumpir el suministro el\u00e9ctrico.<\/strong><\/span><\/h5><p>Una falla en un aislador de una subestaci\u00f3n puede tener consecuencias catastr\u00f3ficas. Por ejemplo, una falla en el aislador de un transformador puede provocar una explosi\u00f3n, la destrucci\u00f3n del transformador con un costo de millones de d\u00f3lares, un tiempo de inactividad considerable (corte de energ\u00eda) hasta que se consiga un repuesto y poner en peligro otros equipos y al personal. <\/p><p>El equipo de prueba para aisladores de subestaci\u00f3n fue dise\u00f1ado espec\u00edficamente para comprobar la integridad de aisladores y aisladores de todas las formas y tama\u00f1os que se encuentran en las subestaciones. Utiliza la tecnolog\u00eda de campo el\u00e9ctrico con una eficacia comprobada por Positron, para detectar cualquier defecto de conductividad sin desconectar la alimentaci\u00f3n de los aisladores o aislantes, ni de los dispositivos a los que est\u00e1n conectados. Permite al usuario verificar un aislador en menos de un minuto para determinar si presenta defectos de conductividad, condiciones peligrosas y si es seguro trabajar en las inmediaciones o si requiere mantenimiento.  <\/p><\/div><\/div>\t\t\t\t\t\t\t\t<\/div>\n\t\t\t\t<\/div>\n\t\t\t\t\t<\/div>\n\t\t<\/div>\n\t\t\t\t\t<\/div>\n\t\t<\/section>\n\t\t\t\t<div class=\"elementor-element elementor-element-d29aeda elementor-widget elementor-widget-text-editor\" data-id=\"d29aeda\" data-element_type=\"widget\" data-e-type=\"widget\" data-widget_type=\"text-editor.default\">\n\t\t\t\t<div class=\"elementor-widget-container\">\n\t\t\t\t\t\t\t\t\t<ul class=\"left-span\"><li>Se utiliza en todo tipo de aisladores de subestaci\u00f3n (porcelana, compuesto).<\/li><li>Ideal para entornos de subestaci\u00f3n de cualquier forma y tama\u00f1o, incluyendo aisladores c\u00f3nicos, bujes, postes de estaci\u00f3n y pararrayos.<\/li><li>Dise\u00f1ado para la seguridad del operador (sin contacto el\u00e9ctrico con ninguna parte met\u00e1lica del aislador, accesorios o l\u00ednea de alta tensi\u00f3n).<\/li><li>Construcci\u00f3n ligera y duradera<\/li><\/ul>\t\t\t\t\t\t\t\t<\/div>\n\t\t\t\t<\/div>\n\t\t\t\t<div class=\"elementor-element elementor-element-b8365e9 elementor-widget elementor-widget-text-editor\" data-id=\"b8365e9\" data-element_type=\"widget\" data-e-type=\"widget\" data-widget_type=\"text-editor.default\">\n\t\t\t\t<div class=\"elementor-widget-container\">\n\t\t\t\t\t\t\t\t\t<div class=\"col-md-12 col-sm-12\"><h5 class=\"black h4\"><strong>Caracter\u00edsticas<\/strong><\/h5><ul><li>Tecnolog\u00eda basada en microprocesador<\/li><li>Compatible con p\u00e9rtigas aislantes y equipos de campo est\u00e1ndar<\/li><li>Prueba aisladores de porcelana, compuestos, postes de estaci\u00f3n y otras aplicaciones (consulte la hoja de datos)<\/li><li>Las lecturas se toman autom\u00e1ticamente en cada campana de porcelana o falda o cubierta del aislador compuesto. Las lecturas se activan al deslizar el conjunto de prueba a lo largo del aislador\/buje que se est\u00e1 probando.<\/li><li>Ligero y duradero<\/li><li>Viene con un malet\u00edn de transporte reforzado<\/li><li>Compatible con tabletas\/port\u00e1tiles<br><br><\/li><\/ul><p><strong>Nota:<\/strong> El equipo de prueba para aisladores de subestaci\u00f3n utiliza la misma tecnolog\u00eda confiable de detecci\u00f3n de defectos de campo el\u00e9ctrico que los el equipo de prueba para aisladores en porcelana y compuestos. Equipos de prueba para aisladores de Positron. La pantalla muestra los defectos de forma distinta a la de otros equipos de pruebas de Positron. Se requiere capacitaci\u00f3n para interpretar los resultados. Sin embargo, la prevenci\u00f3n de fallas en una subestaci\u00f3n compensa con creces la necesidad de capacitaci\u00f3n y la de desconectar el equipo de la red el\u00e9ctrica para probar los aisladores sin conexi\u00f3n el\u00e9ctrica.   <\/p><p><strong>Opciones disponibles:<\/strong><\/p><ul><li>Equipo de prueba para aisladores de subestaci\u00f3n, 50 Hz 3782652U\/50<\/li><li>el equipo de prueba para aisladores de subestaci\u00f3n, 60 Hz 3782652U\/60<\/li><\/ul><\/div>\t\t\t\t\t\t\t\t<\/div>\n\t\t\t\t<\/div>\n\t\t\t\t<div class=\"elementor-element elementor-element-9f67f74 elementor-widget elementor-widget-Table\" data-id=\"9f67f74\" data-element_type=\"widget\" data-e-type=\"widget\" data-widget_type=\"Table.default\">\n\t\t\t\t<div class=\"elementor-widget-container\">\n\t\t\t\t\t\t\t<table class=\"tafe-table \">\n\t\t\t<thead  class=\"tafe-table-header\">\n\t\t\t\t<tr>\n\t\t\t\t\t<th class=\"elementor-inline-editing elementor-repeater-item-e5e9b80\"   >PRODUCT NUMBER<\/th><th class=\"elementor-inline-editing elementor-repeater-item-7592a15\"   >DESCRIPTION<\/th><th class=\"elementor-inline-editing elementor-repeater-item-dd14538\"   >DOWNLOAD<\/th>\t\t\t\t<\/tr>\n\t\t\t<\/thead>\n\t\t\t\t\t\t<tbody class=\"tafe-table-body\">\n\t\t\t\t<tr>\n\t\t\t\t\t<td data-label=\"PRODUCT NUMBER\"   class=\"elementor-repeater-item-1c8cdd1 td-content-type-default\" >3782652U\/50<br>3782652U\/60<\/td><td data-label=\"DESCRIPTION\"   class=\"elementor-repeater-item-022b12d td-content-type-default\" >Substation Insulator Tester<\/td><td data-label=\"DOWNLOAD\"   class=\"elementor-repeater-item-752483e td-content-type-default\" >\n<a style=\"padding:5px 20px;background:#680006;color:white;border: 0;width:250px\" href=\"https:\/\/dqx.kur.mybluehost.me\/wp-content\/uploads\/2024\/09\/PID-Substation-Insulator-Tester.pdf\" target=\"_blank\" rel=\"noopener\">Specification \/ Datasheet<\/a><\/td>\t\t\t\t<\/tr>\n\t\t\t<\/tbody>\n\t\t<\/table>\n\t\t\n\t\t\t\t\t\t<\/div>\n\t\t\t\t<\/div>\n\t\t\t\t\t<\/div>\n\t\t<\/div>\n\t\t\t\t<div class=\"elementor-column elementor-col-33 elementor-top-column elementor-element elementor-element-54fbfb2\" data-id=\"54fbfb2\" data-element_type=\"column\" data-e-type=\"column\">\n\t\t\t<div class=\"elementor-widget-wrap elementor-element-populated\">\n\t\t\t\t\t\t<div class=\"elementor-element elementor-element-5e9ae1d elementor-pagination-position-outside elementor-widget elementor-widget-image-carousel\" data-id=\"5e9ae1d\" data-element_type=\"widget\" data-e-type=\"widget\" data-settings=\"{&quot;slides_to_show&quot;:&quot;1&quot;,&quot;navigation&quot;:&quot;dots&quot;,&quot;autoplay&quot;:&quot;yes&quot;,&quot;pause_on_hover&quot;:&quot;yes&quot;,&quot;pause_on_interaction&quot;:&quot;yes&quot;,&quot;autoplay_speed&quot;:5000,&quot;infinite&quot;:&quot;yes&quot;,&quot;effect&quot;:&quot;slide&quot;,&quot;speed&quot;:500}\" data-widget_type=\"image-carousel.default\">\n\t\t\t\t<div class=\"elementor-widget-container\">\n\t\t\t\t\t\t\t<div class=\"elementor-image-carousel-wrapper swiper\" role=\"region\" aria-roledescription=\"carousel\" aria-label=\"Image Carousel\" dir=\"ltr\">\n\t\t\t<div class=\"elementor-image-carousel swiper-wrapper\" aria-live=\"off\">\n\t\t\t\t\t\t\t\t<div class=\"swiper-slide\" role=\"group\" aria-roledescription=\"slide\" aria-label=\"1 de 4\"><figure class=\"swiper-slide-inner\"><img decoding=\"async\" class=\"swiper-slide-image\" src=\"https:\/\/positronpower.com\/wp-content\/uploads\/2024\/04\/3782652U-2.jpg\" alt=\"3782652U-2\" \/><\/figure><\/div><div class=\"swiper-slide\" role=\"group\" aria-roledescription=\"slide\" aria-label=\"2 de 4\"><figure class=\"swiper-slide-inner\"><img decoding=\"async\" class=\"swiper-slide-image\" src=\"https:\/\/positronpower.com\/wp-content\/uploads\/2024\/04\/3782652U-3.jpg\" alt=\"3782652U-3\" \/><\/figure><\/div><div class=\"swiper-slide\" role=\"group\" aria-roledescription=\"slide\" aria-label=\"3 de 4\"><figure class=\"swiper-slide-inner\"><img decoding=\"async\" class=\"swiper-slide-image\" src=\"https:\/\/positronpower.com\/wp-content\/uploads\/2025\/03\/tablet-Composite.jpg\" alt=\"Tableta-composite\" \/><\/figure><\/div><div class=\"swiper-slide\" role=\"group\" aria-roledescription=\"slide\" aria-label=\"4 de 4\"><figure class=\"swiper-slide-inner\"><img decoding=\"async\" class=\"swiper-slide-image\" src=\"https:\/\/positronpower.com\/wp-content\/uploads\/2025\/03\/Substation-Case-Sliders.png\" alt=\"Substation-Case-Sliders\" \/><\/figure><\/div>\t\t\t<\/div>\n\t\t\t\t\t\t\t\n\t\t\t\t\t\t\t\t\t<div class=\"swiper-pagination\"><\/div>\n\t\t\t\t\t\t\t\t\t<\/div>\n\t\t\t\t\t\t<\/div>\n\t\t\t\t<\/div>\n\t\t\t\t<div class=\"elementor-element elementor-element-475c5ee elementor-widget elementor-widget-heading\" data-id=\"475c5ee\" data-element_type=\"widget\" data-e-type=\"widget\" data-widget_type=\"heading.default\">\n\t\t\t\t<div class=\"elementor-widget-container\">\n\t\t\t\t\t<h5 class=\"elementor-heading-title elementor-size-default\">Equipo de Prueba para aisladores de Positr\u00f3n<\/h5>\t\t\t\t<\/div>\n\t\t\t\t<\/div>\n\t\t\t\t<div class=\"elementor-element elementor-element-48493c8 elementor-nav-menu--dropdown-tablet elementor-nav-menu__text-align-aside elementor-nav-menu--toggle elementor-nav-menu--burger elementor-widget elementor-widget-nav-menu\" data-id=\"48493c8\" data-element_type=\"widget\" data-e-type=\"widget\" data-settings=\"{&quot;layout&quot;:&quot;vertical&quot;,&quot;submenu_icon&quot;:{&quot;value&quot;:&quot;&lt;i class=\\&quot;fas fa-caret-down\\&quot; aria-hidden=\\&quot;true\\&quot;&gt;&lt;\\\/i&gt;&quot;,&quot;library&quot;:&quot;fa-solid&quot;},&quot;toggle&quot;:&quot;burger&quot;}\" data-widget_type=\"nav-menu.default\">\n\t\t\t\t<div class=\"elementor-widget-container\">\n\t\t\t\t\t\t\t\t<nav aria-label=\"Menu\" class=\"elementor-nav-menu--main elementor-nav-menu__container elementor-nav-menu--layout-vertical e--pointer-background e--animation-fade\">\n\t\t\t\t<ul id=\"menu-1-48493c8\" class=\"elementor-nav-menu sm-vertical\"><li class=\"menu-item menu-item-type-post_type menu-item-object-page menu-item-3263\"><a href=\"https:\/\/positronpower.com\/porcelain-insulator-tester\/\" class=\"elementor-item\">Equipo de Prueba para aisladores en porcelana<\/a><\/li>\n<li class=\"menu-item menu-item-type-post_type menu-item-object-page menu-item-3262\"><a href=\"https:\/\/positronpower.com\/composite-insulator-tester\/\" class=\"elementor-item\">Equipo de prueba para aisladores compuestos<\/a><\/li>\n<li class=\"menu-item menu-item-type-post_type menu-item-object-page menu-item-5447\"><a href=\"https:\/\/positronpower.com\/porcelain-disc-tester\/\" class=\"elementor-item\">Equipo de prueba para discos de porcelana<\/a><\/li>\n<li class=\"menu-item menu-item-type-post_type menu-item-object-page menu-item-9398\"><a href=\"https:\/\/positronpower.com\/substation-insulator-tester\/\" class=\"elementor-item\">El equipo de prueba para aisladores de subestaci\u00f3n<\/a><\/li>\n<li class=\"menu-item menu-item-type-post_type menu-item-object-page menu-item-3825\"><a href=\"https:\/\/positronpower.com\/positron-drone-tester\/\" class=\"elementor-item\">Equipo de prueba instalado en dron para aisladores compuestos de Positron<\/a><\/li>\n<li class=\"menu-item menu-item-type-post_type menu-item-object-page menu-item-3265\"><a href=\"https:\/\/positronpower.com\/insulator-tester-tablet-laptop\/\" class=\"elementor-item\">Tableta\/ordenador port\u00e1til para equipo de pruebas de aisladores<\/a><\/li>\n<\/ul>\t\t\t<\/nav>\n\t\t\t\t\t<div class=\"elementor-menu-toggle\" role=\"button\" tabindex=\"0\" aria-label=\"Alternar men\u00fa\" aria-expanded=\"false\">\n\t\t\t<i aria-hidden=\"true\" role=\"presentation\" class=\"elementor-menu-toggle__icon--open eicon-menu-bar\"><\/i><i aria-hidden=\"true\" role=\"presentation\" class=\"elementor-menu-toggle__icon--close eicon-close\"><\/i>\t\t<\/div>\n\t\t\t\t\t<nav class=\"elementor-nav-menu--dropdown elementor-nav-menu__container\" aria-hidden=\"true\">\n\t\t\t\t<ul id=\"menu-2-48493c8\" class=\"elementor-nav-menu sm-vertical\"><li class=\"menu-item menu-item-type-post_type menu-item-object-page menu-item-3263\"><a href=\"https:\/\/positronpower.com\/porcelain-insulator-tester\/\" class=\"elementor-item\" tabindex=\"-1\">Equipo de Prueba para aisladores en porcelana<\/a><\/li>\n<li class=\"menu-item menu-item-type-post_type menu-item-object-page menu-item-3262\"><a href=\"https:\/\/positronpower.com\/composite-insulator-tester\/\" class=\"elementor-item\" tabindex=\"-1\">Equipo de prueba para aisladores compuestos<\/a><\/li>\n<li class=\"menu-item menu-item-type-post_type menu-item-object-page menu-item-5447\"><a href=\"https:\/\/positronpower.com\/porcelain-disc-tester\/\" class=\"elementor-item\" tabindex=\"-1\">Equipo de prueba para discos de porcelana<\/a><\/li>\n<li class=\"menu-item menu-item-type-post_type menu-item-object-page menu-item-9398\"><a href=\"https:\/\/positronpower.com\/substation-insulator-tester\/\" class=\"elementor-item\" tabindex=\"-1\">El equipo de prueba para aisladores de subestaci\u00f3n<\/a><\/li>\n<li class=\"menu-item menu-item-type-post_type menu-item-object-page menu-item-3825\"><a href=\"https:\/\/positronpower.com\/positron-drone-tester\/\" class=\"elementor-item\" tabindex=\"-1\">Equipo de prueba instalado en dron para aisladores compuestos de Positron<\/a><\/li>\n<li class=\"menu-item menu-item-type-post_type menu-item-object-page menu-item-3265\"><a href=\"https:\/\/positronpower.com\/insulator-tester-tablet-laptop\/\" class=\"elementor-item\" tabindex=\"-1\">Tableta\/ordenador port\u00e1til para equipo de pruebas de aisladores<\/a><\/li>\n<\/ul>\t\t\t<\/nav>\n\t\t\t\t\t\t<\/div>\n\t\t\t\t<\/div>\n\t\t\t\t\t<\/div>\n\t\t<\/div>\n\t\t\t\t\t<\/div>\n\t\t<\/section>\n\t\t\t\t<\/div>\n\t\t","protected":false},"excerpt":{"rendered":"<p>Equipo de prueba para aisladores de subestaci\u00f3n Con el equipo de prueba para aisladores de subestaci\u00f3n, ahora es posible verificar de forma fiable los aisladores de los aparatos el\u00e9ctricos de alta tensi\u00f3n en subestaciones, incluso estando energizados, sin necesidad de interrumpir el suministro el\u00e9ctrico. Una falla en un aislador de una subestaci\u00f3n puede tener consecuencias [&hellip;]<\/p>\n","protected":false},"author":1,"featured_media":0,"parent":0,"menu_order":0,"comment_status":"closed","ping_status":"closed","template":"","meta":{"footnotes":""},"class_list":["post-11140","page","type-page","status-publish","hentry"],"_links":{"self":[{"href":"https:\/\/positronpower.com\/es\/wp-json\/wp\/v2\/pages\/11140","targetHints":{"allow":["GET"]}}],"collection":[{"href":"https:\/\/positronpower.com\/es\/wp-json\/wp\/v2\/pages"}],"about":[{"href":"https:\/\/positronpower.com\/es\/wp-json\/wp\/v2\/types\/page"}],"author":[{"embeddable":true,"href":"https:\/\/positronpower.com\/es\/wp-json\/wp\/v2\/users\/1"}],"replies":[{"embeddable":true,"href":"https:\/\/positronpower.com\/es\/wp-json\/wp\/v2\/comments?post=11140"}],"version-history":[{"count":11,"href":"https:\/\/positronpower.com\/es\/wp-json\/wp\/v2\/pages\/11140\/revisions"}],"predecessor-version":[{"id":11678,"href":"https:\/\/positronpower.com\/es\/wp-json\/wp\/v2\/pages\/11140\/revisions\/11678"}],"wp:attachment":[{"href":"https:\/\/positronpower.com\/es\/wp-json\/wp\/v2\/media?parent=11140"}],"curies":[{"name":"wp","href":"https:\/\/api.w.org\/{rel}","templated":true}]}}