{"id":10728,"date":"2025-07-22T18:27:37","date_gmt":"2025-07-22T18:27:37","guid":{"rendered":"https:\/\/positronpower.com\/declaration-de-confidentialite-de-la-division-de-positron-power\/"},"modified":"2025-11-26T20:43:30","modified_gmt":"2025-11-26T20:43:30","slug":"declaration-de-confidentialite-de-la-division-de-positron-power","status":"publish","type":"page","link":"https:\/\/positronpower.com\/fr\/declaration-de-confidentialite-de-la-division-de-positron-power\/","title":{"rendered":"D\u00e9claration de confidentialit\u00e9 de la division de Positron Power"},"content":{"rendered":"\t\t<div data-elementor-type=\"wp-page\" data-elementor-id=\"10728\" class=\"elementor elementor-10728 elementor-10637\" data-elementor-post-type=\"page\">\n\t\t\t\t<div class=\"elementor-element elementor-element-f451310 e-flex e-con-boxed e-con e-parent\" data-id=\"f451310\" data-element_type=\"container\" data-e-type=\"container\">\n\t\t\t\t\t<div class=\"e-con-inner\">\n\t\t\t\t<div class=\"elementor-element elementor-element-79bc621 elementor-widget elementor-widget-heading\" data-id=\"79bc621\" data-element_type=\"widget\" data-e-type=\"widget\" data-widget_type=\"heading.default\">\n\t\t\t\t<div class=\"elementor-widget-container\">\n\t\t\t\t\t<h2 class=\"elementor-heading-title elementor-size-default\">D\u00e9claration de confidentialit\u00e9 de la division de Positron Power<\/h2>\t\t\t\t<\/div>\n\t\t\t\t<\/div>\n\t\t\t\t<div class=\"elementor-element elementor-element-e389ad8 elementor-widget elementor-widget-text-editor\" data-id=\"e389ad8\" data-element_type=\"widget\" data-e-type=\"widget\" data-widget_type=\"text-editor.default\">\n\t\t\t\t<div class=\"elementor-widget-container\">\n\t\t\t\t\t\t\t\t\t<p>Derni\u00e8re mise \u00e0 jour : 21 juillet 2025<\/p><p>Votre vie priv\u00e9e est importante pour nous. La pr\u00e9sente d\u00e9claration de confidentialit\u00e9 explique les donn\u00e9es personnelles que la division de Positron Power traite, comment elle les traite et \u00e0 quelles fins.<\/p><p>La division \u00c9nergie de Positron offre une vaste gamme de produits, y compris des produits serveur utilis\u00e9s pour aider \u00e0 exploiter des entreprises dans le monde entier. Les r\u00e9f\u00e9rences aux produits de la division de Positron Power dans la pr\u00e9sente d\u00e9claration comprennent les services, les sites Web, les applications, les logiciels, les serveurs et les appareils de la division \u00c9nergie de Positron.<\/p><p>Veuillez lire les d\u00e9tails sp\u00e9cifiques au produit dans la pr\u00e9sente d\u00e9claration de confidentialit\u00e9, qui fournissent des informations pertinentes suppl\u00e9mentaires. La pr\u00e9sente d\u00e9claration s&rsquo;applique aux interactions que la division de Positron Power a avec vous et aux produits de la division de Positron Power \u00e9num\u00e9r\u00e9s ci-dessous, ainsi qu&rsquo;\u00e0 d&rsquo;autres produits de la division \u00c9nergie de Positron qui affichent la pr\u00e9sente d\u00e9claration.<\/p><p><strong>Donn\u00e9es personnelles que nous recueillons<\/strong><\/p><p>La division de Positron Power recueille des donn\u00e9es aupr\u00e8s de vous, par le biais de nos interactions avec vous et par le biais de nos produits. Vous fournissez certaines de ces donn\u00e9es directement, et nous en obtenons certaines en recueillant des donn\u00e9es sur vos interactions, votre utilisation et vos exp\u00e9riences avec nos produits. Les donn\u00e9es que nous recueillons d\u00e9pendent du contexte de vos interactions avec la division de Positron Power et des choix que vous faites, y compris vos param\u00e8tres de confidentialit\u00e9 et les produits et fonctionnalit\u00e9s que vous utilisez. Nous obtenons \u00e9galement des donn\u00e9es vous concernant aupr\u00e8s des soci\u00e9t\u00e9s affili\u00e9es, des filiales et des tiers de la division \u00c9nergie de Positron.<\/p><p>Comment nous utilisons les donn\u00e9es personnelles<\/p><p>La division \u00c9nergie de Positron utilise les donn\u00e9es que nous recueillons pour vous offrir des exp\u00e9riences riches et interactives. En particulier, nous utilisons les donn\u00e9es pour :<\/p><ul><li>Fournir nos produits, ce qui comprend la mise \u00e0 jour, la s\u00e9curisation et le d\u00e9pannage, ainsi que la fourniture d&rsquo;assistance. Cela comprend \u00e9galement le partage de donn\u00e9es, lorsque cela est n\u00e9cessaire pour fournir le service ou effectuer les transactions que vous demandez.<\/li><li>Am\u00e9liorer et d\u00e9velopper nos produits.<\/li><li>Personnaliser nos produits et faire des recommandations.<\/li><li>Faire de la publicit\u00e9 et du marketing aupr\u00e8s de vous, ce qui comprend l&rsquo;envoi de communications promotionnelles, le ciblage de la publicit\u00e9 et la pr\u00e9sentation d&rsquo;offres pertinentes.<\/li><\/ul><p>Nous utilisons \u00e9galement les donn\u00e9es pour exploiter notre entreprise, ce qui comprend l&rsquo;analyse de nos performances, le respect de nos obligations l\u00e9gales, le d\u00e9veloppement de notre personnel et la r\u00e9alisation de recherches.<\/p><p>Dans la poursuite de ces objectifs, nous combinons les donn\u00e9es que nous recueillons dans diff\u00e9rents contextes (par exemple, \u00e0 partir de votre utilisation de deux produits de la division de Positron Power) ou que nous obtenons de tiers pour vous offrir une exp\u00e9rience plus transparente, coh\u00e9rente et personnalis\u00e9e, pour prendre des d\u00e9cisions commerciales \u00e9clair\u00e9es et \u00e0 d&rsquo;autres fins l\u00e9gitimes.<\/p><p><strong>Raisons pour lesquelles nous partageons des donn\u00e9es personnelles<\/strong><\/p><p>Nous partageons vos donn\u00e9es personnelles avec votre consentement ou pour effectuer toute transaction ou fournir tout produit que vous avez demand\u00e9 ou autoris\u00e9. Nous partageons \u00e9galement des donn\u00e9es avec les soci\u00e9t\u00e9s affili\u00e9es et filiales contr\u00f4l\u00e9es par Positron Access Solutions Corp. ; avec des fournisseurs travaillant en notre nom ; lorsque la loi l&rsquo;exige ou pour r\u00e9pondre \u00e0 une proc\u00e9dure judiciaire ; pour prot\u00e9ger nos clients ; pour prot\u00e9ger des vies ; pour maintenir la s\u00e9curit\u00e9 de nos produits ; et pour prot\u00e9ger les droits et la propri\u00e9t\u00e9 de la division de Positron Power et de ses clients.<\/p><p><strong>Comment acc\u00e9der \u00e0 vos donn\u00e9es personnelles et les contr\u00f4ler<\/strong><\/p><p>Vous pouvez \u00e9galement faire des choix concernant la collecte et l&rsquo;utilisation de vos donn\u00e9es par la division de Positron Power. Vous pouvez contr\u00f4ler vos donn\u00e9es personnelles que la division de Positron Power a obtenues et exercer vos droits en mati\u00e8re de protection des donn\u00e9es en contactant la division de Positron Power ou en utilisant divers outils que nous fournissons. Dans certains cas, votre capacit\u00e9 \u00e0 acc\u00e9der \u00e0 vos donn\u00e9es personnelles ou \u00e0 les contr\u00f4ler sera limit\u00e9e, comme l&rsquo;exige ou le permet la loi applicable. La fa\u00e7on dont vous pouvez acc\u00e9der \u00e0 vos donn\u00e9es personnelles ou les contr\u00f4ler d\u00e9pendra \u00e9galement des produits que vous utilisez. Par exemple, vous pouvez :<\/p><ul><li>Contr\u00f4ler l&rsquo;utilisation de vos donn\u00e9es pour la publicit\u00e9 personnalis\u00e9e de Positron Access Solutions Corp.<\/li><li>Choisir si vous souhaitez recevoir des courriels promotionnels, des messages SMS, des appels t\u00e9l\u00e9phoniques et du courrier postal de Positron Access Solutions Corp.<\/li><\/ul><p><strong>Cookies et technologies similaires<\/strong><\/p><p>Les cookies sont de petits fichiers texte plac\u00e9s sur votre appareil pour stocker des donn\u00e9es qui peuvent \u00eatre r\u00e9cup\u00e9r\u00e9es par un serveur Web dans le domaine qui a plac\u00e9 le cookie. Nous utilisons des cookies et des technologies similaires pour stocker et honorer vos pr\u00e9f\u00e9rences et param\u00e8tres, vous permettre de vous connecter, fournir de la publicit\u00e9 bas\u00e9e sur les int\u00e9r\u00eats, lutter contre la fraude, analyser les performances de nos produits et remplir d&rsquo;autres objectifs l\u00e9gitimes.<\/p><p>Les cookies tiers peuvent inclure : des cookies de m\u00e9dias sociaux con\u00e7us pour vous montrer des publicit\u00e9s et du contenu en fonction de vos profils de m\u00e9dias sociaux et de vos activit\u00e9s sur nos sites Web ; des cookies d&rsquo;analyse pour mieux comprendre comment vous et les autres utilisez nos sites Web afin que nous puissions les am\u00e9liorer, et afin que les tiers puissent am\u00e9liorer leurs propres produits et services ; des cookies publicitaires pour vous montrer des publicit\u00e9s qui vous sont pertinentes ; et des cookies requis utilis\u00e9s pour effectuer des fonctions essentielles du site Web. Lorsque cela est requis, nous obtenons votre consentement avant de placer ou d&rsquo;utiliser des cookies optionnels qui ne sont pas (i) strictement n\u00e9cessaires pour fournir le site Web ; ou (ii) dans le but de faciliter une communication.<\/p><p><strong>Produits fournis par votre organisation<\/strong> \u2013 avis aux utilisateurs finaux<\/p><p>Si vous utilisez un produit de la division \u00c9nergie de Positron avec un compte fourni par une organisation \u00e0 laquelle vous \u00eates affili\u00e9, comme votre compte de travail ou scolaire, cette organisation peut :<\/p><ul><li>Contr\u00f4ler et administrer votre produit et compte de produit de la division de Positron Power, y compris contr\u00f4ler les param\u00e8tres li\u00e9s \u00e0 la confidentialit\u00e9 du produit ou du compte de produit.<\/li><li>Acc\u00e9der \u00e0 vos donn\u00e9es et les traiter, y compris les donn\u00e9es d&rsquo;interaction, les donn\u00e9es de diagnostic et le contenu de vos communications et fichiers associ\u00e9s \u00e0 votre produit et \u00e0 vos comptes de produit de la division de Positron Power.<\/li><\/ul><p><strong>Compte du portail de la division de Positron Power.<\/strong><\/p><p>Avec un compte de la division \u00c9nergie de Positron, vous pouvez vous connecter aux produits de la division de Positron Power, ainsi qu&rsquo;\u00e0 ceux de certains partenaires de la division de Positron Power. Les donn\u00e9es personnelles associ\u00e9es \u00e0 votre compte de la division de Positron Power comprennent les informations d&rsquo;identification, le nom et les coordonn\u00e9es, les donn\u00e9es de paiement, les donn\u00e9es d&rsquo;appareil et d&rsquo;utilisation, vos contacts, des informations sur vos activit\u00e9s, ainsi que vos int\u00e9r\u00eats et favoris. La connexion \u00e0 votre compte de la division de Positron Power permet la personnalisation et des exp\u00e9riences coh\u00e9rentes sur tous les produits et appareils, vous permet d&rsquo;utiliser le stockage de donn\u00e9es en nuage, vous permet d&rsquo;effectuer des paiements \u00e0 l&rsquo;aide d&rsquo;instruments de paiement stock\u00e9s dans votre compte de la division de Positron Power et active d&rsquo;autres fonctionnalit\u00e9s.<\/p><p>Si vous vous connectez \u00e0 un service offert par un tiers avec votre compte de la division de Positron Power, vous partagerez avec ce tiers les donn\u00e9es de compte requises par ce service.<\/p>\t\t\t\t\t\t\t\t<\/div>\n\t\t\t\t<\/div>\n\t\t\t\t\t<\/div>\n\t\t\t\t<\/div>\n\t\t\t\t<\/div>\n\t\t","protected":false},"excerpt":{"rendered":"<p>D\u00e9claration de confidentialit\u00e9 de la division de Positron Power Derni\u00e8re mise \u00e0 jour : 21 juillet 2025 Votre vie priv\u00e9e est importante pour nous. La pr\u00e9sente d\u00e9claration de confidentialit\u00e9 explique les donn\u00e9es personnelles que la division de Positron Power traite, comment elle les traite et \u00e0 quelles fins. La division \u00c9nergie de Positron offre une [&hellip;]<\/p>\n","protected":false},"author":1,"featured_media":0,"parent":0,"menu_order":0,"comment_status":"closed","ping_status":"closed","template":"","meta":{"footnotes":""},"class_list":["post-10728","page","type-page","status-publish","hentry"],"_links":{"self":[{"href":"https:\/\/positronpower.com\/fr\/wp-json\/wp\/v2\/pages\/10728","targetHints":{"allow":["GET"]}}],"collection":[{"href":"https:\/\/positronpower.com\/fr\/wp-json\/wp\/v2\/pages"}],"about":[{"href":"https:\/\/positronpower.com\/fr\/wp-json\/wp\/v2\/types\/page"}],"author":[{"embeddable":true,"href":"https:\/\/positronpower.com\/fr\/wp-json\/wp\/v2\/users\/1"}],"replies":[{"embeddable":true,"href":"https:\/\/positronpower.com\/fr\/wp-json\/wp\/v2\/comments?post=10728"}],"version-history":[{"count":5,"href":"https:\/\/positronpower.com\/fr\/wp-json\/wp\/v2\/pages\/10728\/revisions"}],"predecessor-version":[{"id":11647,"href":"https:\/\/positronpower.com\/fr\/wp-json\/wp\/v2\/pages\/10728\/revisions\/11647"}],"wp:attachment":[{"href":"https:\/\/positronpower.com\/fr\/wp-json\/wp\/v2\/media?parent=10728"}],"curies":[{"name":"wp","href":"https:\/\/api.w.org\/{rel}","templated":true}]}}