{"id":10748,"date":"2020-12-01T12:19:14","date_gmt":"2020-12-01T12:19:14","guid":{"rendered":"https:\/\/positronpower.com\/a-propos\/"},"modified":"2025-11-26T19:17:47","modified_gmt":"2025-11-26T19:17:47","slug":"a-propos","status":"publish","type":"page","link":"https:\/\/positronpower.com\/fr\/a-propos\/","title":{"rendered":"\u00c0 propos"},"content":{"rendered":"\t\t<div data-elementor-type=\"wp-page\" data-elementor-id=\"10748\" class=\"elementor elementor-10748 elementor-1443\" data-elementor-post-type=\"page\">\n\t\t\t\t\t\t<section class=\"elementor-section elementor-top-section elementor-element elementor-element-5cadc1e elementor-section-boxed elementor-section-height-default elementor-section-height-default\" data-id=\"5cadc1e\" data-element_type=\"section\" data-e-type=\"section\" data-settings=\"{&quot;background_background&quot;:&quot;classic&quot;}\">\n\t\t\t\t\t\t\t<div class=\"elementor-background-overlay\"><\/div>\n\t\t\t\t\t\t\t<div class=\"elementor-container elementor-column-gap-default\">\n\t\t\t\t\t<div class=\"elementor-column elementor-col-50 elementor-top-column elementor-element elementor-element-8bbd047\" data-id=\"8bbd047\" data-element_type=\"column\" data-e-type=\"column\">\n\t\t\t<div class=\"elementor-widget-wrap elementor-element-populated\">\n\t\t\t\t\t\t<div class=\"elementor-element elementor-element-156a04d elementor-widget elementor-widget-heading\" data-id=\"156a04d\" data-element_type=\"widget\" data-e-type=\"widget\" data-widget_type=\"heading.default\">\n\t\t\t\t<div class=\"elementor-widget-container\">\n\t\t\t\t\t<h1 class=\"elementor-heading-title elementor-size-default\">Positron Power<\/h1>\t\t\t\t<\/div>\n\t\t\t\t<\/div>\n\t\t\t\t\t<\/div>\n\t\t<\/div>\n\t\t\t\t<div class=\"elementor-column elementor-col-50 elementor-top-column elementor-element elementor-element-9e371d3 elementor-hidden-tablet elementor-hidden-phone\" data-id=\"9e371d3\" data-element_type=\"column\" data-e-type=\"column\">\n\t\t\t<div class=\"elementor-widget-wrap\">\n\t\t\t\t\t\t\t<\/div>\n\t\t<\/div>\n\t\t\t\t\t<\/div>\n\t\t<\/section>\n\t\t\t\t<section class=\"elementor-section elementor-top-section elementor-element elementor-element-93a58b2 elementor-section-boxed elementor-section-height-default elementor-section-height-default\" data-id=\"93a58b2\" data-element_type=\"section\" data-e-type=\"section\">\n\t\t\t\t\t\t<div class=\"elementor-container elementor-column-gap-default\">\n\t\t\t\t\t<div class=\"elementor-column elementor-col-50 elementor-top-column elementor-element elementor-element-ab63f84 elementor-invisible\" data-id=\"ab63f84\" data-element_type=\"column\" data-e-type=\"column\" data-settings=\"{&quot;animation&quot;:&quot;fadeIn&quot;,&quot;animation_delay&quot;:300}\">\n\t\t\t<div class=\"elementor-widget-wrap elementor-element-populated\">\n\t\t\t\t\t\t<div class=\"elementor-element elementor-element-1ee1dcf elementor-widget elementor-widget-heading\" data-id=\"1ee1dcf\" data-element_type=\"widget\" data-e-type=\"widget\" data-widget_type=\"heading.default\">\n\t\t\t\t<div class=\"elementor-widget-container\">\n\t\t\t\t\t<h3 class=\"elementor-heading-title elementor-size-default\">Positron Inc.<\/h3>\t\t\t\t<\/div>\n\t\t\t\t<\/div>\n\t\t\t\t<div class=\"elementor-element elementor-element-3c45338 elementor-widget elementor-widget-text-editor\" data-id=\"3c45338\" data-element_type=\"widget\" data-e-type=\"widget\" data-widget_type=\"text-editor.default\">\n\t\t\t\t<div class=\"elementor-widget-container\">\n\t\t\t\t\t\t\t\t\t<p>Fond\u00e9e en 1970, Positron Inc est une soci\u00e9t\u00e9 de portefeuille et d&rsquo;exploitation qui fournit des services financiers, marketing et op\u00e9rationnels \u00e0 ses filiales, notamment <strong>Positron Power<\/strong>, <strong>Positron Access Solutions<\/strong> et <strong>Positron Investments<\/strong>.<\/p><p>Les clients de Positron comprennent la plupart des op\u00e9rateurs de niveau 1 d&rsquo;Am\u00e9rique du Nord, ainsi que 200 autres op\u00e9rateurs et 150 compagnies d&rsquo;\u00e9lectricit\u00e9. Positron Inc. et ses filiales ont leur si\u00e8ge social \u00e0 Montr\u00e9al, au Canada, avec des bureaux aux \u00c9tats-Unis et en Am\u00e9rique latine, ainsi que des revendeurs et des agents en Europe et en Asie.<\/p>\t\t\t\t\t\t\t\t<\/div>\n\t\t\t\t<\/div>\n\t\t\t\t\t<\/div>\n\t\t<\/div>\n\t\t\t\t<div class=\"elementor-column elementor-col-50 elementor-top-column elementor-element elementor-element-3674554\" data-id=\"3674554\" data-element_type=\"column\" data-e-type=\"column\">\n\t\t\t<div class=\"elementor-widget-wrap elementor-element-populated\">\n\t\t\t\t\t\t<div class=\"elementor-element elementor-element-6bfcdc7 elementor-widget elementor-widget-image\" data-id=\"6bfcdc7\" data-element_type=\"widget\" data-e-type=\"widget\" data-widget_type=\"image.default\">\n\t\t\t\t<div class=\"elementor-widget-container\">\n\t\t\t\t\t\t\t\t\t\t\t\t\t\t\t<img fetchpriority=\"high\" decoding=\"async\" width=\"800\" height=\"604\" src=\"https:\/\/positronpower.com\/wp-content\/uploads\/2021\/11\/Positron-Building1_fb-e1637682538386.jpg\" class=\"attachment-large size-large wp-image-10744\" alt=\"\" srcset=\"https:\/\/positronpower.com\/wp-content\/uploads\/2021\/11\/Positron-Building1_fb-e1637682538386.jpg 868w, https:\/\/positronpower.com\/wp-content\/uploads\/2021\/11\/Positron-Building1_fb-e1637682538386-300x226.jpg 300w, https:\/\/positronpower.com\/wp-content\/uploads\/2021\/11\/Positron-Building1_fb-e1637682538386-768x580.jpg 768w\" sizes=\"(max-width: 800px) 100vw, 800px\" \/>\t\t\t\t\t\t\t\t\t\t\t\t\t\t\t<\/div>\n\t\t\t\t<\/div>\n\t\t\t\t\t<\/div>\n\t\t<\/div>\n\t\t\t\t\t<\/div>\n\t\t<\/section>\n\t\t\t\t<section class=\"elementor-section elementor-top-section elementor-element elementor-element-d55a11f elementor-reverse-tablet elementor-reverse-mobile elementor-section-boxed elementor-section-height-default elementor-section-height-default\" data-id=\"d55a11f\" data-element_type=\"section\" data-e-type=\"section\">\n\t\t\t\t\t\t<div class=\"elementor-container elementor-column-gap-default\">\n\t\t\t\t\t<div class=\"elementor-column elementor-col-50 elementor-top-column elementor-element elementor-element-25e72ac\" data-id=\"25e72ac\" data-element_type=\"column\" data-e-type=\"column\">\n\t\t\t<div class=\"elementor-widget-wrap elementor-element-populated\">\n\t\t\t\t\t\t<div class=\"elementor-element elementor-element-de7c0bc elementor-widget elementor-widget-image\" data-id=\"de7c0bc\" data-element_type=\"widget\" data-e-type=\"widget\" data-widget_type=\"image.default\">\n\t\t\t\t<div class=\"elementor-widget-container\">\n\t\t\t\t\t\t\t\t\t\t\t\t\t\t\t<img decoding=\"async\" width=\"1157\" height=\"710\" src=\"https:\/\/positronpower.com\/wp-content\/uploads\/2025\/02\/PIDTeleline-Cabinets.png\" class=\"attachment-full size-full wp-image-10745\" alt=\"\" srcset=\"https:\/\/positronpower.com\/wp-content\/uploads\/2025\/02\/PIDTeleline-Cabinets.png 1157w, https:\/\/positronpower.com\/wp-content\/uploads\/2025\/02\/PIDTeleline-Cabinets-300x184.png 300w, https:\/\/positronpower.com\/wp-content\/uploads\/2025\/02\/PIDTeleline-Cabinets-1024x628.png 1024w, https:\/\/positronpower.com\/wp-content\/uploads\/2025\/02\/PIDTeleline-Cabinets-768x471.png 768w\" sizes=\"(max-width: 1157px) 100vw, 1157px\" \/>\t\t\t\t\t\t\t\t\t\t\t\t\t\t\t<\/div>\n\t\t\t\t<\/div>\n\t\t\t\t\t<\/div>\n\t\t<\/div>\n\t\t\t\t<div class=\"elementor-column elementor-col-50 elementor-top-column elementor-element elementor-element-84c5d1a elementor-invisible\" data-id=\"84c5d1a\" data-element_type=\"column\" data-e-type=\"column\" data-settings=\"{&quot;animation&quot;:&quot;fadeIn&quot;,&quot;animation_delay&quot;:300}\">\n\t\t\t<div class=\"elementor-widget-wrap elementor-element-populated\">\n\t\t\t\t\t\t<div class=\"elementor-element elementor-element-ef05dc6 elementor-widget elementor-widget-heading\" data-id=\"ef05dc6\" data-element_type=\"widget\" data-e-type=\"widget\" data-widget_type=\"heading.default\">\n\t\t\t\t<div class=\"elementor-widget-container\">\n\t\t\t\t\t<h3 class=\"elementor-heading-title elementor-size-default\">Positron Power<\/h3>\t\t\t\t<\/div>\n\t\t\t\t<\/div>\n\t\t\t\t<div class=\"elementor-element elementor-element-72aca07 elementor-widget elementor-widget-text-editor\" data-id=\"72aca07\" data-element_type=\"widget\" data-e-type=\"widget\" data-widget_type=\"text-editor.default\">\n\t\t\t\t<div class=\"elementor-widget-container\">\n\t\t\t\t\t\t\t\t\t<p>Positron Power est une filiale de Positron Inc fond\u00e9e en 1970 avec son si\u00e8ge social \u00e0 Montr\u00e9al, au Canada. Positron Power d\u00e9veloppe et fabrique des produits de pointe pour les compagnies d&rsquo;\u00e9lectricit\u00e9 \u00e0 Montr\u00e9al, avec un support disponible dans le monde entier.<br> <br>Les testeurs de Positron sont utiliser par les compagnie d&rsquo;\u00e9lectricit\u00e9 pour v\u00e9rifier les isolateurs sous tension sur les lignes de transmission et sur les \u00e9quipements dans les sous-stations . Les testeurs de Positron pouvant pr\u00e9venir les pannes de courant, les dommages aux \u00e9quipements et les dangers pour le personnel. Ils servent \u00e9galement d&rsquo;outils de maintenance pr\u00e9ventive et de tests de s\u00e9curit\u00e9 pour garantir des conditions s\u00fbres pour le personnel travaillant dans des environnements \u00e0 haute tension.<br>Positron fournit \u00e9galement des produits d&rsquo;isolation et de protection haute tension pour prot\u00e9ger les \u00e9quipements de communication et du personnel dans les sous-stations et autres installations \u00e0 haute tension.<\/p><p>D&rsquo;autres produits incluent l&rsquo;alimentation isol\u00e9e dans des environnements \u00e0 haute tension.<\/p>\t\t\t\t\t\t\t\t<\/div>\n\t\t\t\t<\/div>\n\t\t\t\t\t<\/div>\n\t\t<\/div>\n\t\t\t\t\t<\/div>\n\t\t<\/section>\n\t\t\t\t<section class=\"elementor-section elementor-top-section elementor-element elementor-element-8ba4e47 elementor-reverse-tablet elementor-reverse-mobile elementor-section-boxed elementor-section-height-default elementor-section-height-default\" data-id=\"8ba4e47\" data-element_type=\"section\" data-e-type=\"section\">\n\t\t\t\t\t\t<div class=\"elementor-container elementor-column-gap-default\">\n\t\t\t\t\t<div class=\"elementor-column elementor-col-50 elementor-top-column elementor-element elementor-element-e8a8428 elementor-invisible\" data-id=\"e8a8428\" data-element_type=\"column\" data-e-type=\"column\" data-settings=\"{&quot;animation&quot;:&quot;fadeIn&quot;,&quot;animation_delay&quot;:300}\">\n\t\t\t<div class=\"elementor-widget-wrap elementor-element-populated\">\n\t\t\t\t\t\t<div class=\"elementor-element elementor-element-8e4862b elementor-widget elementor-widget-heading\" data-id=\"8e4862b\" data-element_type=\"widget\" data-e-type=\"widget\" data-widget_type=\"heading.default\">\n\t\t\t\t<div class=\"elementor-widget-container\">\n\t\t\t\t\t<h3 class=\"elementor-heading-title elementor-size-default\">Positron Access Solutions Corp.<\/h3>\t\t\t\t<\/div>\n\t\t\t\t<\/div>\n\t\t\t\t<div class=\"elementor-element elementor-element-fcfa886 elementor-widget elementor-widget-text-editor\" data-id=\"fcfa886\" data-element_type=\"widget\" data-e-type=\"widget\" data-widget_type=\"text-editor.default\">\n\t\t\t\t<div class=\"elementor-widget-container\">\n\t\t\t\t\t\t\t\t\t<p>Positron Access Solutions Corp. est une soci\u00e9t\u00e9 s\u0153ur filiale.<\/p><p>Positron Access se sp\u00e9cialise dans les produits de t\u00e9l\u00e9communications de qualit\u00e9 op\u00e9rateur qui permettent une bande passante sym\u00e9trique g\u00e9r\u00e9e de l&rsquo;ordre du gigabit aux r\u00e9sidents dans les immeubles r\u00e9sidentiels (MDU) et multi-locataires (MTU), les \u00e9tablissements h\u00f4teliers et de sant\u00e9, sur le c\u00e2blage t\u00e9l\u00e9phonique existant ou le c\u00e2ble coaxial, <strong>sans rec\u00e2blage, sans perturbation.<\/strong><\/p><p>www.positronaccess.com<\/p>\t\t\t\t\t\t\t\t<\/div>\n\t\t\t\t<\/div>\n\t\t\t\t\t<\/div>\n\t\t<\/div>\n\t\t\t\t<div class=\"elementor-column elementor-col-50 elementor-top-column elementor-element elementor-element-cd50afa\" data-id=\"cd50afa\" data-element_type=\"column\" data-e-type=\"column\">\n\t\t\t<div class=\"elementor-widget-wrap elementor-element-populated\">\n\t\t\t\t\t\t<div class=\"elementor-element elementor-element-89955ba elementor-widget elementor-widget-image\" data-id=\"89955ba\" data-element_type=\"widget\" data-e-type=\"widget\" data-widget_type=\"image.default\">\n\t\t\t\t<div class=\"elementor-widget-container\">\n\t\t\t\t\t\t\t\t\t\t\t\t\t\t\t<img decoding=\"async\" width=\"1079\" height=\"720\" src=\"https:\/\/positronpower.com\/wp-content\/uploads\/2025\/07\/PAS-img-Power-web.png\" class=\"attachment-full size-full wp-image-10746\" alt=\"\" srcset=\"https:\/\/positronpower.com\/wp-content\/uploads\/2025\/07\/PAS-img-Power-web.png 1079w, https:\/\/positronpower.com\/wp-content\/uploads\/2025\/07\/PAS-img-Power-web-300x200.png 300w, https:\/\/positronpower.com\/wp-content\/uploads\/2025\/07\/PAS-img-Power-web-1024x683.png 1024w, https:\/\/positronpower.com\/wp-content\/uploads\/2025\/07\/PAS-img-Power-web-768x512.png 768w\" sizes=\"(max-width: 1079px) 100vw, 1079px\" \/>\t\t\t\t\t\t\t\t\t\t\t\t\t\t\t<\/div>\n\t\t\t\t<\/div>\n\t\t\t\t\t<\/div>\n\t\t<\/div>\n\t\t\t\t\t<\/div>\n\t\t<\/section>\n\t\t\t\t<\/div>\n\t\t","protected":false},"excerpt":{"rendered":"<p>Positron Power Positron Inc. Fond\u00e9e en 1970, Positron Inc est une soci\u00e9t\u00e9 de portefeuille et d&rsquo;exploitation qui fournit des services financiers, marketing et op\u00e9rationnels \u00e0 ses filiales, notamment Positron Power, Positron Access Solutions et Positron Investments. Les clients de Positron comprennent la plupart des op\u00e9rateurs de niveau 1 d&rsquo;Am\u00e9rique du Nord, ainsi que 200 autres [&hellip;]<\/p>\n","protected":false},"author":1,"featured_media":0,"parent":0,"menu_order":0,"comment_status":"closed","ping_status":"closed","template":"","meta":{"footnotes":""},"class_list":["post-10748","page","type-page","status-publish","hentry"],"_links":{"self":[{"href":"https:\/\/positronpower.com\/fr\/wp-json\/wp\/v2\/pages\/10748","targetHints":{"allow":["GET"]}}],"collection":[{"href":"https:\/\/positronpower.com\/fr\/wp-json\/wp\/v2\/pages"}],"about":[{"href":"https:\/\/positronpower.com\/fr\/wp-json\/wp\/v2\/types\/page"}],"author":[{"embeddable":true,"href":"https:\/\/positronpower.com\/fr\/wp-json\/wp\/v2\/users\/1"}],"replies":[{"embeddable":true,"href":"https:\/\/positronpower.com\/fr\/wp-json\/wp\/v2\/comments?post=10748"}],"version-history":[{"count":5,"href":"https:\/\/positronpower.com\/fr\/wp-json\/wp\/v2\/pages\/10748\/revisions"}],"predecessor-version":[{"id":11599,"href":"https:\/\/positronpower.com\/fr\/wp-json\/wp\/v2\/pages\/10748\/revisions\/11599"}],"wp:attachment":[{"href":"https:\/\/positronpower.com\/fr\/wp-json\/wp\/v2\/media?parent=10748"}],"curies":[{"name":"wp","href":"https:\/\/api.w.org\/{rel}","templated":true}]}}