{"id":10921,"date":"2024-04-23T16:49:27","date_gmt":"2024-04-23T16:49:27","guid":{"rendered":"https:\/\/positronpower.com\/testeur-de-disque-en-porcelaine\/"},"modified":"2025-11-26T20:34:09","modified_gmt":"2025-11-26T20:34:09","slug":"testeur-de-disque-en-porcelaine","status":"publish","type":"page","link":"https:\/\/positronpower.com\/fr\/testeur-de-disque-en-porcelaine\/","title":{"rendered":"Testeur de disque en porcelaine"},"content":{"rendered":"\t\t<div data-elementor-type=\"wp-page\" data-elementor-id=\"10921\" class=\"elementor elementor-10921 elementor-5442\" data-elementor-post-type=\"page\">\n\t\t\t\t\t\t<section class=\"elementor-section elementor-top-section elementor-element elementor-element-5470588 linebottom elementor-section-height-min-height elementor-section-items-bottom elementor-section-boxed elementor-section-height-default\" data-id=\"5470588\" data-element_type=\"section\" data-e-type=\"section\" data-settings=\"{&quot;background_background&quot;:&quot;slideshow&quot;,&quot;background_slideshow_gallery&quot;:[{&quot;id&quot;:10920,&quot;url&quot;:&quot;https:\\\/\\\/positronpower.com\\\/wp-content\\\/uploads\\\/2025\\\/03\\\/Porcelain_PID_Test_Field_OK02.jpg&quot;}],&quot;background_slideshow_loop&quot;:&quot;yes&quot;,&quot;background_slideshow_slide_duration&quot;:5000,&quot;background_slideshow_slide_transition&quot;:&quot;fade&quot;,&quot;background_slideshow_transition_duration&quot;:500}\">\n\t\t\t\t\t\t<div class=\"elementor-container elementor-column-gap-default\">\n\t\t\t\t\t<div class=\"elementor-column elementor-col-100 elementor-top-column elementor-element elementor-element-123f5f0\" data-id=\"123f5f0\" data-element_type=\"column\" data-e-type=\"column\">\n\t\t\t<div class=\"elementor-widget-wrap\">\n\t\t\t\t\t\t\t<\/div>\n\t\t<\/div>\n\t\t\t\t\t<\/div>\n\t\t<\/section>\n\t\t<div class=\"elementor-element elementor-element-c9064ea e-flex e-con-boxed e-con e-parent\" data-id=\"c9064ea\" data-element_type=\"container\" data-e-type=\"container\">\n\t\t\t\t\t<div class=\"e-con-inner\">\n\t\t\t\t<div class=\"elementor-element elementor-element-965de2b elementor-widget elementor-widget-heading\" data-id=\"965de2b\" data-element_type=\"widget\" data-e-type=\"widget\" data-widget_type=\"heading.default\">\n\t\t\t\t<div class=\"elementor-widget-container\">\n\t\t\t\t\t<h2 class=\"elementor-heading-title elementor-size-default\">Testeur de disque en porcelaine<\/h2>\t\t\t\t<\/div>\n\t\t\t\t<\/div>\n\t\t\t\t\t<\/div>\n\t\t\t\t<\/div>\n\t\t\t\t<section class=\"elementor-section elementor-top-section elementor-element elementor-element-e82176e elementor-section-boxed elementor-section-height-default elementor-section-height-default\" data-id=\"e82176e\" data-element_type=\"section\" data-e-type=\"section\">\n\t\t\t\t\t\t<div class=\"elementor-container elementor-column-gap-default\">\n\t\t\t\t\t<div class=\"elementor-column elementor-col-66 elementor-top-column elementor-element elementor-element-c5220e8\" data-id=\"c5220e8\" data-element_type=\"column\" data-e-type=\"column\">\n\t\t\t<div class=\"elementor-widget-wrap elementor-element-populated\">\n\t\t\t\t\t\t<section class=\"elementor-section elementor-inner-section elementor-element elementor-element-32386c2 elementor-section-boxed elementor-section-height-default elementor-section-height-default\" data-id=\"32386c2\" data-element_type=\"section\" data-e-type=\"section\">\n\t\t\t\t\t\t<div class=\"elementor-container elementor-column-gap-default\">\n\t\t\t\t\t<div class=\"elementor-column elementor-col-100 elementor-inner-column elementor-element elementor-element-386cb83\" data-id=\"386cb83\" data-element_type=\"column\" data-e-type=\"column\">\n\t\t\t<div class=\"elementor-widget-wrap elementor-element-populated\">\n\t\t\t\t\t\t<div class=\"elementor-element elementor-element-0d743cb elementor-widget elementor-widget-text-editor\" data-id=\"0d743cb\" data-element_type=\"widget\" data-e-type=\"widget\" data-widget_type=\"text-editor.default\">\n\t\t\t\t<div class=\"elementor-widget-container\">\n\t\t\t\t\t\t\t\t\t<div class=\"col-md-5 col-sm-6\"><div class=\"col-md-5 col-sm-6\"><h5><strong>Le testeur de disque en porcelaine est utilis\u00e9 pour tester les disques individuels dans une cha\u00eene d&rsquo;isolateurs basse tension sur des lignes de transmission et de distribution sous tension.<\/strong><\/h5><p>La technologie \u00e9prouv\u00e9e de champ \u00e9lectrique de Positron assure une fiabilit\u00e9 \u00e0 100 % dans la d\u00e9tection s\u00fbre de tout d\u00e9faut conducteur. Vous saurez instantan\u00e9ment s&rsquo;il est s\u00e9curitaire de travailler \u00e0 proximit\u00e9 et si un entretien ou une r\u00e9paration est n\u00e9cessaire.<\/p><p>Le testeur d&rsquo;isolateur \u00e0 disque en porcelaine mod\u00e8le #3782651U est \u00e9quip\u00e9 d&rsquo;un ensemble d&rsquo;actionnement \u00e0 interrupteur \u00e0 pression \u00e0 haute di\u00e9lectrique qui \u00e9tablit un contact physique non conducteur avec les isolateurs \u00e0 disque en porcelaine.<\/p><p>Ce testeur indique les disques d\u00e9fectueux par un signal sonore et visuel sans n\u00e9cessiter d&rsquo;appareil externe.<\/p><\/div><\/div>\t\t\t\t\t\t\t\t<\/div>\n\t\t\t\t<\/div>\n\t\t\t\t\t<\/div>\n\t\t<\/div>\n\t\t\t\t\t<\/div>\n\t\t<\/section>\n\t\t\t\t<div class=\"elementor-element elementor-element-d29aeda elementor-widget elementor-widget-text-editor\" data-id=\"d29aeda\" data-element_type=\"widget\" data-e-type=\"widget\" data-widget_type=\"text-editor.default\">\n\t\t\t\t<div class=\"elementor-widget-container\">\n\t\t\t\t\t\t\t\t\t<ul><li><strong>S\u00fbr \u00e0 utiliser :<\/strong> Aucun contact \u00e9lectrique avec les parties m\u00e9talliques du disque en porcelaine<\/li><li>C&rsquo;est un outil compl\u00e8tement s\u00fbr pour signaler une cha\u00eene d&rsquo;isolateurs en porcelaine dangereuse<\/li><li>Un avertisseur sonore fournit un avertissement audible si l&rsquo;isolateur est d\u00e9fectueux<\/li><li>Peut \u00eatre utilis\u00e9 sur des lignes sous tension de <strong>25 kV<\/strong> \u00e0 <strong>1 000 kV<\/strong> et plus de 3 disques<\/li><li>Fixation universelle pour perche isolante<\/li><li>Livr\u00e9 avec mallette de transport robuste<\/li><\/ul>\t\t\t\t\t\t\t\t<\/div>\n\t\t\t\t<\/div>\n\t\t\t\t<div class=\"elementor-element elementor-element-b8365e9 elementor-widget elementor-widget-text-editor\" data-id=\"b8365e9\" data-element_type=\"widget\" data-e-type=\"widget\" data-widget_type=\"text-editor.default\">\n\t\t\t\t<div class=\"elementor-widget-container\">\n\t\t\t\t\t\t\t\t\t<div class=\"col-md-12 col-sm-12\"><h5 class=\"black h4\"><strong>Caract\u00e9ristiques<\/strong><\/h5><ul class=\"left-span\"><li>Tr\u00e8s l\u00e9ger : 1,7 lb (0,77 kg)<\/li><li>Compact 11&Prime; x 5&Prime; x 2&Prime; (27 cm x 12 cm x 5 cm)<\/li><li>Fonctionne avec des tensions allant jusqu&rsquo;\u00e0 1 000 kV, et plus de 3 disques<\/li><li>Disponible en versions 50 Hz et 60 Hz<\/li><li>Plage de temp\u00e9rature de fonctionnement : -30 \u00b0C \u00e0 +50 \u00b0C (-25 \u00b0F \u00e0 +125 \u00b0F)<\/li><li>Adaptateur de charge avec indicateur LED de charge compl\u00e8te<\/li><li>Aliment\u00e9 par une batterie NiCad, qui peut durer plusieurs jours de tests selon l&rsquo;utilisation<\/li><li>Capacit\u00e9 de t\u00e9l\u00e9chargement \u00e0 distance<\/li><li>Fonctionnalit\u00e9s optionnelles : Stockage des r\u00e9sultats de donn\u00e9es, adaptateur Bluetooth (100 m\u00e8tres), ordinateur portable\/PC<\/li><\/ul><h5><strong>Options disponibles :<\/strong><\/h5><ul class=\"left-span\"><li>Testeur d&rsquo;isolateur \u00e0 disque en porcelaine, 50 Hz 3782651U\/50<\/li><li>Testeur d&rsquo;isolateur \u00e0 disque en porcelaine, 60 Hz 3782651U\/60<\/li><\/ul><\/div>\t\t\t\t\t\t\t\t<\/div>\n\t\t\t\t<\/div>\n\t\t\t\t<div class=\"elementor-element elementor-element-9f67f74 elementor-widget elementor-widget-Table\" data-id=\"9f67f74\" data-element_type=\"widget\" data-e-type=\"widget\" data-widget_type=\"Table.default\">\n\t\t\t\t<div class=\"elementor-widget-container\">\n\t\t\t\t\t\t\t<table class=\"tafe-table \">\n\t\t\t<thead  class=\"tafe-table-header\">\n\t\t\t\t<tr>\n\t\t\t\t\t<th class=\"elementor-inline-editing elementor-repeater-item-e5e9b80\"   >PRODUCT NUMBER<\/th><th class=\"elementor-inline-editing elementor-repeater-item-7592a15\"   >DESCRIPTION<\/th><th class=\"elementor-inline-editing elementor-repeater-item-dd14538\"   >DOWNLOAD<\/th>\t\t\t\t<\/tr>\n\t\t\t<\/thead>\n\t\t\t\t\t\t<tbody class=\"tafe-table-body\">\n\t\t\t\t<tr>\n\t\t\t\t\t<td data-label=\"PRODUCT NUMBER\"   class=\"elementor-repeater-item-1c8cdd1 td-content-type-default\" >3782651U\/50<br>3782651U\/60<\/td><td data-label=\"DESCRIPTION\"   class=\"elementor-repeater-item-022b12d td-content-type-default\" >Porcelain Disc Tester<\/td><td data-label=\"DOWNLOAD\"   class=\"elementor-repeater-item-752483e td-content-type-default\" >\n<a style=\"padding:5px 20px;background:#680006;color:white;border: 0;width:250px\" href=\"https:\/\/dqx.kur.mybluehost.me\/wp-content\/uploads\/2024\/11\/Brochure-Porcelain-Disc-Tester.pdf\" target=\"_blank\" rel=\"noopener\">Specification \/ Datasheet<\/a><\/td>\t\t\t\t<\/tr>\n\t\t\t<\/tbody>\n\t\t<\/table>\n\t\t\n\t\t\t\t\t\t<\/div>\n\t\t\t\t<\/div>\n\t\t\t\t\t<\/div>\n\t\t<\/div>\n\t\t\t\t<div class=\"elementor-column elementor-col-33 elementor-top-column elementor-element elementor-element-54fbfb2\" data-id=\"54fbfb2\" data-element_type=\"column\" data-e-type=\"column\">\n\t\t\t<div class=\"elementor-widget-wrap elementor-element-populated\">\n\t\t\t\t\t\t<div class=\"elementor-element elementor-element-5e9ae1d elementor-pagination-position-outside elementor-widget elementor-widget-image-carousel\" data-id=\"5e9ae1d\" data-element_type=\"widget\" data-e-type=\"widget\" data-settings=\"{&quot;slides_to_show&quot;:&quot;1&quot;,&quot;navigation&quot;:&quot;dots&quot;,&quot;autoplay&quot;:&quot;yes&quot;,&quot;pause_on_hover&quot;:&quot;yes&quot;,&quot;pause_on_interaction&quot;:&quot;yes&quot;,&quot;autoplay_speed&quot;:5000,&quot;infinite&quot;:&quot;yes&quot;,&quot;effect&quot;:&quot;slide&quot;,&quot;speed&quot;:500}\" data-widget_type=\"image-carousel.default\">\n\t\t\t\t<div class=\"elementor-widget-container\">\n\t\t\t\t\t\t\t<div class=\"elementor-image-carousel-wrapper swiper\" role=\"region\" aria-roledescription=\"carousel\" aria-label=\"Image Carousel\" dir=\"ltr\">\n\t\t\t<div class=\"elementor-image-carousel swiper-wrapper\" aria-live=\"off\">\n\t\t\t\t\t\t\t\t<div class=\"swiper-slide\" role=\"group\" aria-roledescription=\"slide\" aria-label=\"1 sur 3\"><figure class=\"swiper-slide-inner\"><img decoding=\"async\" class=\"swiper-slide-image\" src=\"https:\/\/positronpower.com\/wp-content\/uploads\/2024\/02\/3782651P-1.jpg\" alt=\"3782651P-1\" \/><\/figure><\/div><div class=\"swiper-slide\" role=\"group\" aria-roledescription=\"slide\" aria-label=\"2 sur 3\"><figure class=\"swiper-slide-inner\"><img decoding=\"async\" class=\"swiper-slide-image\" src=\"https:\/\/positronpower.com\/wp-content\/uploads\/2024\/02\/3782651P-2.jpg\" alt=\"3782651P-2\" \/><\/figure><\/div><div class=\"swiper-slide\" role=\"group\" aria-roledescription=\"slide\" aria-label=\"3 sur 3\"><figure class=\"swiper-slide-inner\"><img decoding=\"async\" class=\"swiper-slide-image\" src=\"https:\/\/positronpower.com\/wp-content\/uploads\/2025\/03\/Porcelain-Disc-Case-Sliders.png\" alt=\"Porcelaine-disque-Mallette-curseurs\" \/><\/figure><\/div>\t\t\t<\/div>\n\t\t\t\t\t\t\t\n\t\t\t\t\t\t\t\t\t<div class=\"swiper-pagination\"><\/div>\n\t\t\t\t\t\t\t\t\t<\/div>\n\t\t\t\t\t\t<\/div>\n\t\t\t\t<\/div>\n\t\t\t\t<div class=\"elementor-element elementor-element-475c5ee elementor-widget elementor-widget-heading\" data-id=\"475c5ee\" data-element_type=\"widget\" data-e-type=\"widget\" data-widget_type=\"heading.default\">\n\t\t\t\t<div class=\"elementor-widget-container\">\n\t\t\t\t\t<h5 class=\"elementor-heading-title elementor-size-default\">Testeurs d'isolateurs Positron<\/h5>\t\t\t\t<\/div>\n\t\t\t\t<\/div>\n\t\t\t\t<div class=\"elementor-element elementor-element-48493c8 elementor-nav-menu--dropdown-tablet elementor-nav-menu__text-align-aside elementor-nav-menu--toggle elementor-nav-menu--burger elementor-widget elementor-widget-nav-menu\" data-id=\"48493c8\" data-element_type=\"widget\" data-e-type=\"widget\" data-settings=\"{&quot;layout&quot;:&quot;vertical&quot;,&quot;submenu_icon&quot;:{&quot;value&quot;:&quot;&lt;i class=\\&quot;fas fa-caret-down\\&quot; aria-hidden=\\&quot;true\\&quot;&gt;&lt;\\\/i&gt;&quot;,&quot;library&quot;:&quot;fa-solid&quot;},&quot;toggle&quot;:&quot;burger&quot;}\" data-widget_type=\"nav-menu.default\">\n\t\t\t\t<div class=\"elementor-widget-container\">\n\t\t\t\t\t\t\t\t<nav aria-label=\"Menu\" class=\"elementor-nav-menu--main elementor-nav-menu__container elementor-nav-menu--layout-vertical e--pointer-background e--animation-fade\">\n\t\t\t\t<ul id=\"menu-1-48493c8\" class=\"elementor-nav-menu sm-vertical\"><li class=\"menu-item menu-item-type-post_type menu-item-object-page menu-item-3263\"><a href=\"https:\/\/positronpower.com\/porcelain-insulator-tester\/\" class=\"elementor-item\">Testeur d&rsquo;isolateurs en porcelaine<\/a><\/li>\n<li class=\"menu-item menu-item-type-post_type menu-item-object-page menu-item-3262\"><a href=\"https:\/\/positronpower.com\/composite-insulator-tester\/\" class=\"elementor-item\">Testeur d&rsquo;isolateurs composites<\/a><\/li>\n<li class=\"menu-item menu-item-type-post_type menu-item-object-page menu-item-5447\"><a href=\"https:\/\/positronpower.com\/porcelain-disc-tester\/\" class=\"elementor-item\">Testeur de disque en porcelaine<\/a><\/li>\n<li class=\"menu-item menu-item-type-post_type menu-item-object-page menu-item-9398\"><a href=\"https:\/\/positronpower.com\/substation-insulator-tester\/\" class=\"elementor-item\">Testeur d&rsquo;isolateurs de sous-station<\/a><\/li>\n<li class=\"menu-item menu-item-type-post_type menu-item-object-page menu-item-3825\"><a href=\"https:\/\/positronpower.com\/positron-drone-tester\/\" class=\"elementor-item\">Testeur de drone Positron<\/a><\/li>\n<li class=\"menu-item menu-item-type-post_type menu-item-object-page menu-item-3265\"><a href=\"https:\/\/positronpower.com\/insulator-tester-tablet-laptop\/\" class=\"elementor-item\">Tablette\/ordinateur portable pour testeur d&rsquo;isolateurs<\/a><\/li>\n<\/ul>\t\t\t<\/nav>\n\t\t\t\t\t<div class=\"elementor-menu-toggle\" role=\"button\" tabindex=\"0\" aria-label=\"Permuter le menu\" aria-expanded=\"false\">\n\t\t\t<i aria-hidden=\"true\" role=\"presentation\" class=\"elementor-menu-toggle__icon--open eicon-menu-bar\"><\/i><i aria-hidden=\"true\" role=\"presentation\" class=\"elementor-menu-toggle__icon--close eicon-close\"><\/i>\t\t<\/div>\n\t\t\t\t\t<nav class=\"elementor-nav-menu--dropdown elementor-nav-menu__container\" aria-hidden=\"true\">\n\t\t\t\t<ul id=\"menu-2-48493c8\" class=\"elementor-nav-menu sm-vertical\"><li class=\"menu-item menu-item-type-post_type menu-item-object-page menu-item-3263\"><a href=\"https:\/\/positronpower.com\/porcelain-insulator-tester\/\" class=\"elementor-item\" tabindex=\"-1\">Testeur d&rsquo;isolateurs en porcelaine<\/a><\/li>\n<li class=\"menu-item menu-item-type-post_type menu-item-object-page menu-item-3262\"><a href=\"https:\/\/positronpower.com\/composite-insulator-tester\/\" class=\"elementor-item\" tabindex=\"-1\">Testeur d&rsquo;isolateurs composites<\/a><\/li>\n<li class=\"menu-item menu-item-type-post_type menu-item-object-page menu-item-5447\"><a href=\"https:\/\/positronpower.com\/porcelain-disc-tester\/\" class=\"elementor-item\" tabindex=\"-1\">Testeur de disque en porcelaine<\/a><\/li>\n<li class=\"menu-item menu-item-type-post_type menu-item-object-page menu-item-9398\"><a href=\"https:\/\/positronpower.com\/substation-insulator-tester\/\" class=\"elementor-item\" tabindex=\"-1\">Testeur d&rsquo;isolateurs de sous-station<\/a><\/li>\n<li class=\"menu-item menu-item-type-post_type menu-item-object-page menu-item-3825\"><a href=\"https:\/\/positronpower.com\/positron-drone-tester\/\" class=\"elementor-item\" tabindex=\"-1\">Testeur de drone Positron<\/a><\/li>\n<li class=\"menu-item menu-item-type-post_type menu-item-object-page menu-item-3265\"><a href=\"https:\/\/positronpower.com\/insulator-tester-tablet-laptop\/\" class=\"elementor-item\" tabindex=\"-1\">Tablette\/ordinateur portable pour testeur d&rsquo;isolateurs<\/a><\/li>\n<\/ul>\t\t\t<\/nav>\n\t\t\t\t\t\t<\/div>\n\t\t\t\t<\/div>\n\t\t\t\t\t<\/div>\n\t\t<\/div>\n\t\t\t\t\t<\/div>\n\t\t<\/section>\n\t\t\t\t<\/div>\n\t\t","protected":false},"excerpt":{"rendered":"<p>Testeur de disque en porcelaine Le testeur de disque en porcelaine est utilis\u00e9 pour tester les disques individuels dans une cha\u00eene d&rsquo;isolateurs basse tension sur des lignes de transmission et de distribution sous tension. La technologie \u00e9prouv\u00e9e de champ \u00e9lectrique de Positron assure une fiabilit\u00e9 \u00e0 100 % dans la d\u00e9tection s\u00fbre de tout d\u00e9faut [&hellip;]<\/p>\n","protected":false},"author":1,"featured_media":0,"parent":0,"menu_order":0,"comment_status":"closed","ping_status":"closed","template":"","meta":{"footnotes":""},"class_list":["post-10921","page","type-page","status-publish","hentry"],"_links":{"self":[{"href":"https:\/\/positronpower.com\/fr\/wp-json\/wp\/v2\/pages\/10921","targetHints":{"allow":["GET"]}}],"collection":[{"href":"https:\/\/positronpower.com\/fr\/wp-json\/wp\/v2\/pages"}],"about":[{"href":"https:\/\/positronpower.com\/fr\/wp-json\/wp\/v2\/types\/page"}],"author":[{"embeddable":true,"href":"https:\/\/positronpower.com\/fr\/wp-json\/wp\/v2\/users\/1"}],"replies":[{"embeddable":true,"href":"https:\/\/positronpower.com\/fr\/wp-json\/wp\/v2\/comments?post=10921"}],"version-history":[{"count":3,"href":"https:\/\/positronpower.com\/fr\/wp-json\/wp\/v2\/pages\/10921\/revisions"}],"predecessor-version":[{"id":11627,"href":"https:\/\/positronpower.com\/fr\/wp-json\/wp\/v2\/pages\/10921\/revisions\/11627"}],"wp:attachment":[{"href":"https:\/\/positronpower.com\/fr\/wp-json\/wp\/v2\/media?parent=10921"}],"curies":[{"name":"wp","href":"https:\/\/api.w.org\/{rel}","templated":true}]}}