{"id":11035,"date":"2025-07-22T17:46:02","date_gmt":"2025-07-22T17:46:02","guid":{"rendered":"https:\/\/positronpower.com\/conditions-dutilisation\/"},"modified":"2025-11-26T20:49:03","modified_gmt":"2025-11-26T20:49:03","slug":"conditions-dutilisation","status":"publish","type":"page","link":"https:\/\/positronpower.com\/fr\/conditions-dutilisation\/","title":{"rendered":"Conditions d&rsquo;utilisation"},"content":{"rendered":"\t\t<div data-elementor-type=\"wp-page\" data-elementor-id=\"11035\" class=\"elementor elementor-11035 elementor-10625\" data-elementor-post-type=\"page\">\n\t\t\t\t<div class=\"elementor-element elementor-element-f451310 e-flex e-con-boxed e-con e-parent\" data-id=\"f451310\" data-element_type=\"container\" data-e-type=\"container\">\n\t\t\t\t\t<div class=\"e-con-inner\">\n\t\t\t\t<div class=\"elementor-element elementor-element-79bc621 elementor-widget elementor-widget-heading\" data-id=\"79bc621\" data-element_type=\"widget\" data-e-type=\"widget\" data-widget_type=\"heading.default\">\n\t\t\t\t<div class=\"elementor-widget-container\">\n\t\t\t\t\t<h2 class=\"elementor-heading-title elementor-size-default\">Conditions d'utilisation<\/h2>\t\t\t\t<\/div>\n\t\t\t\t<\/div>\n\t\t\t\t<div class=\"elementor-element elementor-element-e389ad8 elementor-widget elementor-widget-text-editor\" data-id=\"e389ad8\" data-element_type=\"widget\" data-e-type=\"widget\" data-widget_type=\"text-editor.default\">\n\t\t\t\t<div class=\"elementor-widget-container\">\n\t\t\t\t\t\t\t\t\t<p>Derni\u00e8re mise \u00e0 jour : 21 juillet 2025<\/p><p>Bienvenue sur le site Web de Positron Power Division (\u00ab Site Web \u00bb). Veuillez lire attentivement les pr\u00e9sentes Conditions d&rsquo;utilisation (\u00ab Conditions \u00bb), car elles r\u00e9gissent votre utilisation de notre Site Web. En acc\u00e9dant \u00e0 notre Site Web ou en l&rsquo;utilisant, vous acceptez les pr\u00e9sentes Conditions.  <\/p><ol><li><strong> Informations sur l&rsquo;entreprise<\/strong><\/li><\/ol><ul><li>Positron Access Solutions Corp.<\/li><li>Adresse : 5101, rue Buchan, bureau 220, Montr\u00e9al (Qu\u00e9bec) H4P 2R9, Canada<\/li><li>T\u00e9l\u00e9phone : +1 (514) 345-2220<\/li><li>Courriel: <strong><span style=\"color: #800000;\"><a style=\"color: #800000;\" href=\"mailto:scarbonaro@positronpower.com\">scarbonaro@positronpower.com<\/a><\/span><\/strong><\/li><li>Tech Support: 1-888-577-5254<\/li><li>T\u00e9l\u00e9phone international : +1 (514) 345-2220 poste 1<\/li><li>Courriel du service d&rsquo;assistance : <strong><span style=\"color: #800000;\"><a style=\"color: #800000;\" href=\"mailto:customerservice@positronpower.com\">customerservice@positronpower.com<\/a><\/span><\/strong><\/li><li>Fond\u00e9e en 1970.<\/li><\/ul><ol start=\"2\"><li><strong> Utilisation du Site Web<\/strong><\/li><\/ol><p>Vous acceptez d&rsquo;utiliser le Site Web uniquement \u00e0 des fins licites et conform\u00e9ment aux pr\u00e9sentes Conditions.<\/p><ol start=\"3\"><li><strong> Propri\u00e9t\u00e9 intellectuelle<\/strong><\/li><\/ol><p>L\u2019ensemble du contenu, des logos, des marques de commerce et des \u00e9l\u00e9ments pr\u00e9sents sur le site Web sont la propri\u00e9t\u00e9 de Positron Power Division ou font l\u2019objet d\u2019une licence accord\u00e9e \u00e0 cette derni\u00e8re et sont prot\u00e9g\u00e9s par les lois applicables en mati\u00e8re de propri\u00e9t\u00e9 intellectuelle.<\/p><ol start=\"4\"><li><strong> Limitation de responsabilit\u00e9<\/strong><\/li><\/ol><p>Nous ne garantissons pas que le site Web sera accessible sans interruption, sans erreur et exempt de virus. Nous d\u00e9clinons toute responsabilit\u00e9 pour les dommages r\u00e9sultant de votre utilisation du site Web. <\/p><ol start=\"5\"><li><strong> Modifications des conditions d\u2019utilisation<\/strong><\/li><\/ol><p>Nous pouvons mettre \u00e0 jour les pr\u00e9sentes conditions d\u2019utilisation p\u00e9riodiquement. La poursuite de l\u2019utilisation du site Web apr\u00e8s modification vaut acceptation de ces modifications. <\/p><ol start=\"6\"><li><strong> Contactez-nous<\/strong><\/li><\/ol><p>Pour toute question concernant les pr\u00e9sentes conditions d\u2019utilisation, veuillez nous contacter \u00e0 l\u2019adresse <strong><span style=\"color: #800000;\"><a style=\"color: #800000;\" href=\"mailto:customerservice@positronpower.com\">customerservice@positronpower.com<\/a><\/span> ou par t\u00e9l\u00e9phone au<\/strong> 1-888-577-5254<\/p>\t\t\t\t\t\t\t\t<\/div>\n\t\t\t\t<\/div>\n\t\t\t\t\t<\/div>\n\t\t\t\t<\/div>\n\t\t\t\t<\/div>\n\t\t","protected":false},"excerpt":{"rendered":"<p>Conditions d&rsquo;utilisation Derni\u00e8re mise \u00e0 jour : 21 juillet 2025 Bienvenue sur le site Web de Positron Power Division (\u00ab Site Web \u00bb). Veuillez lire attentivement les pr\u00e9sentes Conditions d&rsquo;utilisation (\u00ab Conditions \u00bb), car elles r\u00e9gissent votre utilisation de notre Site Web. En acc\u00e9dant \u00e0 notre Site Web ou en l&rsquo;utilisant, vous acceptez les pr\u00e9sentes [&hellip;]<\/p>\n","protected":false},"author":1,"featured_media":0,"parent":0,"menu_order":0,"comment_status":"closed","ping_status":"closed","template":"","meta":{"footnotes":""},"class_list":["post-11035","page","type-page","status-publish","hentry"],"_links":{"self":[{"href":"https:\/\/positronpower.com\/fr\/wp-json\/wp\/v2\/pages\/11035","targetHints":{"allow":["GET"]}}],"collection":[{"href":"https:\/\/positronpower.com\/fr\/wp-json\/wp\/v2\/pages"}],"about":[{"href":"https:\/\/positronpower.com\/fr\/wp-json\/wp\/v2\/types\/page"}],"author":[{"embeddable":true,"href":"https:\/\/positronpower.com\/fr\/wp-json\/wp\/v2\/users\/1"}],"replies":[{"embeddable":true,"href":"https:\/\/positronpower.com\/fr\/wp-json\/wp\/v2\/comments?post=11035"}],"version-history":[{"count":3,"href":"https:\/\/positronpower.com\/fr\/wp-json\/wp\/v2\/pages\/11035\/revisions"}],"predecessor-version":[{"id":11666,"href":"https:\/\/positronpower.com\/fr\/wp-json\/wp\/v2\/pages\/11035\/revisions\/11666"}],"wp:attachment":[{"href":"https:\/\/positronpower.com\/fr\/wp-json\/wp\/v2\/media?parent=11035"}],"curies":[{"name":"wp","href":"https:\/\/api.w.org\/{rel}","templated":true}]}}