{"id":11077,"date":"2024-10-31T19:07:19","date_gmt":"2024-10-31T19:07:19","guid":{"rendered":"https:\/\/positronpower.com\/pourquoi-lisolation-la-protection-haute-tension-est-elle-importante\/"},"modified":"2025-11-27T15:55:42","modified_gmt":"2025-11-27T15:55:42","slug":"pourquoi-lisolation-la-protection-haute-tension-est-elle-importante","status":"publish","type":"page","link":"https:\/\/positronpower.com\/fr\/pourquoi-lisolation-la-protection-haute-tension-est-elle-importante\/","title":{"rendered":"Pourquoi l&rsquo;isolation\/la protection haute tension est-elle importante ?"},"content":{"rendered":"\t\t<div data-elementor-type=\"wp-page\" data-elementor-id=\"11077\" class=\"elementor elementor-11077 elementor-6875\" data-elementor-post-type=\"page\">\n\t\t\t\t<div class=\"elementor-element elementor-element-04cfb51 e-con-full e-flex e-con e-parent\" data-id=\"04cfb51\" data-element_type=\"container\" data-e-type=\"container\" data-settings=\"{&quot;background_background&quot;:&quot;classic&quot;}\">\n\t\t<div class=\"elementor-element elementor-element-ec40863 e-con-full e-flex e-con e-child\" data-id=\"ec40863\" data-element_type=\"container\" data-e-type=\"container\" data-settings=\"{&quot;background_background&quot;:&quot;classic&quot;}\">\n\t\t\t\t<\/div>\n\t\t\t\t<\/div>\n\t\t<div class=\"elementor-element elementor-element-382f934 e-flex e-con-boxed e-con e-parent\" data-id=\"382f934\" data-element_type=\"container\" data-e-type=\"container\" data-settings=\"{&quot;background_background&quot;:&quot;classic&quot;}\">\n\t\t\t\t\t<div class=\"e-con-inner\">\n\t\t<div class=\"elementor-element elementor-element-cc36b15 e-con-full e-flex e-con e-child\" data-id=\"cc36b15\" data-element_type=\"container\" data-e-type=\"container\">\n\t\t\t\t<div class=\"elementor-element elementor-element-a75878a elementor-widget elementor-widget-heading\" data-id=\"a75878a\" data-element_type=\"widget\" data-e-type=\"widget\" data-widget_type=\"heading.default\">\n\t\t\t\t<div class=\"elementor-widget-container\">\n\t\t\t\t\t<h2 class=\"elementor-heading-title elementor-size-default\">Pourquoi l'isolation\/la protection haute tension est-elle importante ?<\/h2>\t\t\t\t<\/div>\n\t\t\t\t<\/div>\n\t\t<div class=\"elementor-element elementor-element-858d571 e-grid e-con-full e-con e-child\" data-id=\"858d571\" data-element_type=\"container\" data-e-type=\"container\">\n\t\t\t\t<div class=\"elementor-element elementor-element-f69f535 elementor-widget elementor-widget-text-editor\" data-id=\"f69f535\" data-element_type=\"widget\" data-e-type=\"widget\" data-widget_type=\"text-editor.default\">\n\t\t\t\t<div class=\"elementor-widget-container\">\n\t\t\t\t\t\t\t\t\t<ul><li class=\"default\"><b>Pour garantir la s\u00e9curit\u00e9 du personnel <\/b><\/li><li class=\"default\"><b>Pour prot\u00e9ger les \u00e9quipements de t\u00e9l\u00e9communications contre les dommages<\/b><\/li><li><b>Pour isoler les circuits de t\u00e9l\u00e9communications des surtensions et des surintensit\u00e9s lors de : <\/b><ul><li class=\"default\">D\u00e9fauts de courant<\/li><li class=\"default\">Foudre<\/li><li class=\"default\">Induction \u00e9lectromagn\u00e9tique<\/li><\/ul><\/li><\/ul>\t\t\t\t\t\t\t\t<\/div>\n\t\t\t\t<\/div>\n\t\t\t\t<div class=\"elementor-element elementor-element-45cc71f elementor-widget elementor-widget-text-editor\" data-id=\"45cc71f\" data-element_type=\"widget\" data-e-type=\"widget\" data-widget_type=\"text-editor.default\">\n\t\t\t\t<div class=\"elementor-widget-container\">\n\t\t\t\t\t\t\t\t\t<ul><li><b>Pour assurer un service fiable aux circuits critiques utilis\u00e9s pour : <\/b><ul><li class=\"default\">Protection des r\u00e9seaux \u00e9lectriques (t\u00e9l\u00e9protection)<\/li><li class=\"default\">SCADA, surveillance des transformateurs, enregistrement num\u00e9rique des d\u00e9fauts (DFR)<\/li><li class=\"default\">Vid\u00e9osurveillance et s\u00e9curit\u00e9 (exigences CIP)<\/li><li class=\"default\">Circuits de t\u00e9l\u00e9communications des centres de contr\u00f4le<\/li><li class=\"default\">Services sans fil sur site<\/li><\/ul><\/li><\/ul>\t\t\t\t\t\t\t\t<\/div>\n\t\t\t\t<\/div>\n\t\t\t\t<\/div>\n\t\t<div class=\"elementor-element elementor-element-1e76905 e-con-full e-flex e-con e-child\" data-id=\"1e76905\" data-element_type=\"container\" data-e-type=\"container\">\n\t\t<div class=\"elementor-element elementor-element-a747e04 e-con-full e-flex e-con e-child\" data-id=\"a747e04\" data-element_type=\"container\" data-e-type=\"container\">\n\t\t<div class=\"elementor-element elementor-element-689481f e-grid e-con-full e-con e-child\" data-id=\"689481f\" data-element_type=\"container\" data-e-type=\"container\">\n\t\t\t\t<div class=\"elementor-element elementor-element-c19bec1 elementor-widget elementor-widget-text-editor\" data-id=\"c19bec1\" data-element_type=\"widget\" data-e-type=\"widget\" data-widget_type=\"text-editor.default\">\n\t\t\t\t<div class=\"elementor-widget-container\">\n\t\t\t\t\t\t\t\t\t<h4><strong>Surtension \u00e0 la terre<\/strong><\/h4><p>La norme IEEE 487 d\u00e9finit la surtension \u00e0 la terre (GPR) comme suit : lorsqu&rsquo;un d\u00e9faut \u00e0 la terre survient dans un r\u00e9seau \u00e9lectrique, tout ou partie du courant de d\u00e9faut retourne \u00e0 la terre par le biais du r\u00e9seau de terre et cr\u00e9e une diff\u00e9rence de potentiel entre le r\u00e9seau de terre et la terre distante. Une diff\u00e9rence de potentiel entre deux plans de terre connect\u00e9s par un conducteur (comme un circuit de communication filaire) g\u00e9n\u00e8re un courant. Ce courant de d\u00e9faut \u00e0 la terre endommage les \u00e9quipements raccord\u00e9s au conducteur.  <\/p><h4><strong>Communications avec protection d&rsquo;isolement <\/strong><\/h4><p>Si un c\u00e2ble conducteur p\u00e9n\u00e9trant dans un environnement haute tension est correctement isol\u00e9, le m\u00eame courant de d\u00e9faut \u00e0 la terre ne causera aucun dommage, car les deux plans de terre (c\u00f4t\u00e9 station et c\u00f4t\u00e9 central) sont totalement isol\u00e9s l&rsquo;un de l&rsquo;autre.<\/p>\t\t\t\t\t\t\t\t<\/div>\n\t\t\t\t<\/div>\n\t\t\t\t<div class=\"elementor-element elementor-element-19d37d6 elementor-widget elementor-widget-image\" data-id=\"19d37d6\" data-element_type=\"widget\" data-e-type=\"widget\" data-widget_type=\"image.default\">\n\t\t\t\t<div class=\"elementor-widget-container\">\n\t\t\t\t\t\t\t\t\t\t\t\t\t\t\t<img decoding=\"async\" src=\"https:\/\/positronpower.com\/wp-content\/uploads\/elementor\/thumbs\/Comm-W-Isolation-r10z5pus50btcaoxav7am9adws2tlu3d6rej66ehfg.jpg\" title=\"Comm-W-Isolation\" alt=\"Comm-W-Isolation\" loading=\"lazy\" \/>\t\t\t\t\t\t\t\t\t\t\t\t\t\t\t<\/div>\n\t\t\t\t<\/div>\n\t\t\t\t<\/div>\n\t\t\t\t<\/div>\n\t\t\t\t<div class=\"elementor-element elementor-element-5740b72 elementor-widget-divider--view-line elementor-widget elementor-widget-divider\" data-id=\"5740b72\" data-element_type=\"widget\" data-e-type=\"widget\" data-widget_type=\"divider.default\">\n\t\t\t\t<div class=\"elementor-widget-container\">\n\t\t\t\t\t\t\t<div class=\"elementor-divider\">\n\t\t\t<span class=\"elementor-divider-separator\">\n\t\t\t\t\t\t<\/span>\n\t\t<\/div>\n\t\t\t\t\t\t<\/div>\n\t\t\t\t<\/div>\n\t\t\t\t<div class=\"elementor-element elementor-element-73e2eb5 elementor-widget elementor-widget-heading\" data-id=\"73e2eb5\" data-element_type=\"widget\" data-e-type=\"widget\" data-widget_type=\"heading.default\">\n\t\t\t\t<div class=\"elementor-widget-container\">\n\t\t\t\t\t<h2 class=\"elementor-heading-title elementor-size-default\">Consid\u00e9rations g\u00e9n\u00e9rales de s\u00e9curit\u00e9<\/h2>\t\t\t\t<\/div>\n\t\t\t\t<\/div>\n\t\t\t\t<div class=\"elementor-element elementor-element-02e2a0d elementor-widget elementor-widget-text-editor\" data-id=\"02e2a0d\" data-element_type=\"widget\" data-e-type=\"widget\" data-widget_type=\"text-editor.default\">\n\t\t\t\t<div class=\"elementor-widget-container\">\n\t\t\t\t\t\t\t\t\t<ul><li>Des tensions dangereuses peuvent appara\u00eetre soudainement \u00e0 la suite de d\u00e9fauts d&rsquo;alimentation ou de coups de foudre (qui produisent une \u00e9l\u00e9vation transitoire du potentiel de terre).<\/li><li>Les objets conducteurs peuvent \u00eatre mis sous tension ou porter un potentiel dangereux qui, s&rsquo;ils ne sont pas correctement prot\u00e9g\u00e9s, peut causer des blessures graves.<\/li><li>La s\u00e9curit\u00e9 du personnel et la protection des \u00e9quipements n\u00e9cessitent :<ul><li>(1) La formation<\/li><li>(2) Conception appropri\u00e9e des installations<\/li><li>(3) Utilisation d&rsquo;\u00e9quipements de s\u00e9curit\u00e9 isol\u00e9s homologu\u00e9s et test\u00e9s<\/li><\/ul><\/li><li>Le port de chaussures \u00e0 semelles de caoutchouc, de gants en caoutchouc et de tapis di\u00e9lectriques (isolants) permet d&rsquo;isoler et de minimiser les potentiels de contact et de pas.<\/li><li>D\u00e9finitions :<ul><li>Le potentiel de contact est la diff\u00e9rence entre le gradient de potentiel sur lequel on se tient et le gradient de potentiel que l&rsquo;on touche. Une diff\u00e9rence significative de potentiel de contact peut \u00eatre dangereuse.<\/li><li><strong>Le potentiel<\/strong> de pas correspond \u00e0 la diff\u00e9rence de potentiel entre les deux pieds d&rsquo;une personne.<\/li><li><strong>GPR :<\/strong> \u00ab \u2026le produit de l&rsquo;imp\u00e9dance d&rsquo;une \u00e9lectrode de terre, par rapport \u00e0 la terre distante, et du courant qui la traverse.\u00bb Le GPR d&rsquo;une station totale est \u00e9gal au produit de l&rsquo;imp\u00e9dance du r\u00e9seau de terre de la station et de la fraction du courant de d\u00e9faut total qui le traverse. [Selon les normes IEEE 487 et 367]  <\/li><\/ul><\/li><\/ul>\t\t\t\t\t\t\t\t<\/div>\n\t\t\t\t<\/div>\n\t\t\t\t<div class=\"elementor-element elementor-element-c4c9f36 elementor-widget elementor-widget-heading\" data-id=\"c4c9f36\" data-element_type=\"widget\" data-e-type=\"widget\" data-widget_type=\"heading.default\">\n\t\t\t\t<div class=\"elementor-widget-container\">\n\t\t\t\t\t<h2 class=\"elementor-heading-title elementor-size-default\">Isolation des circuits de communication critiques : Les 5 W<\/h2>\t\t\t\t<\/div>\n\t\t\t\t<\/div>\n\t\t\t\t<div class=\"elementor-element elementor-element-ab7aead elementor-widget elementor-widget-text-editor\" data-id=\"ab7aead\" data-element_type=\"widget\" data-e-type=\"widget\" data-widget_type=\"text-editor.default\">\n\t\t\t\t<div class=\"elementor-widget-container\">\n\t\t\t\t\t\t\t\t\t<p><strong>Qui doit \u00eatre conscient de la n\u00e9cessit\u00e9 d&rsquo;isoler ?<\/strong><\/p><ul><li>Les installations utilisant des services de t\u00e9l\u00e9communications sur une ligne filaire en cuivre desservant une installation \u00e0 haute tension ou un environnement o\u00f9 un \u00e9v\u00e9nement GPR peut se produire.<br><br><\/li><\/ul><p><strong>Qu&rsquo;est-ce qu&rsquo;un \u00e9quipement d&rsquo;isolation ?<\/strong><\/p><ul><li>Un dispositif permettant le passage transparent des signaux de t\u00e9l\u00e9communications, tout en bloquant les surtensions ou les surintensit\u00e9s.<br><br><\/li><\/ul><p><strong>O\u00f9 l&rsquo;isolation doit-elle \u00eatre utilis\u00e9e ?<\/strong><\/p><ul><li>Centrales \u00e9lectriques, sous-stations, installations sans fil, parcs \u00e9oliens, tours de t\u00e9l\u00e9communications<br><br><\/li><\/ul><p><strong>Pourquoi isoler les circuits filaires en environnement haute tension ?<\/strong><\/p><ul><li>Pr\u00e9venir les blessures ou d\u00e9c\u00e8s du personnel, les dommages mat\u00e9riels et les pertes de communication.<br><br><\/li><\/ul><p><strong>Quand utiliser une protection d&rsquo;isolation ?<\/strong><\/p><ul><li>Tension de cr\u00eate asym\u00e9trique du plasma calcul\u00e9e sup\u00e9rieure \u00e0 1 000 V.<\/li><li>Service de classe A requis.<\/li><li>Risque de foudre ou de surtension sur le site o\u00f9 les services de communication sont requis.<\/li><li>Lorsque le service est fourni par c\u00e2ble.<\/li><\/ul>\t\t\t\t\t\t\t\t<\/div>\n\t\t\t\t<\/div>\n\t\t\t\t<div class=\"elementor-element elementor-element-8ab8d26 elementor-widget-divider--view-line elementor-widget elementor-widget-divider\" data-id=\"8ab8d26\" data-element_type=\"widget\" data-e-type=\"widget\" data-widget_type=\"divider.default\">\n\t\t\t\t<div class=\"elementor-widget-container\">\n\t\t\t\t\t\t\t<div class=\"elementor-divider\">\n\t\t\t<span class=\"elementor-divider-separator\">\n\t\t\t\t\t\t<\/span>\n\t\t<\/div>\n\t\t\t\t\t\t<\/div>\n\t\t\t\t<\/div>\n\t\t\t\t<\/div>\n\t\t\t\t<\/div>\n\t\t\t\t\t<\/div>\n\t\t\t\t<\/div>\n\t\t<div class=\"elementor-element elementor-element-8dc7480 e-flex e-con-boxed e-con e-parent\" data-id=\"8dc7480\" data-element_type=\"container\" data-e-type=\"container\">\n\t\t\t\t\t<div class=\"e-con-inner\">\n\t\t<div class=\"elementor-element elementor-element-7e79986 e-con-full e-flex e-con e-child\" data-id=\"7e79986\" data-element_type=\"container\" data-e-type=\"container\">\n\t\t\t\t<div class=\"elementor-element elementor-element-8c75eb4 elementor-widget elementor-widget-heading\" data-id=\"8c75eb4\" data-element_type=\"widget\" data-e-type=\"widget\" data-widget_type=\"heading.default\">\n\t\t\t\t<div class=\"elementor-widget-container\">\n\t\t\t\t\t<h2 class=\"elementor-heading-title elementor-size-default\">TeleLite<\/h2>\t\t\t\t<\/div>\n\t\t\t\t<\/div>\n\t\t\t\t<div class=\"elementor-element elementor-element-d7c4ebf elementor-widget elementor-widget-text-editor\" data-id=\"d7c4ebf\" data-element_type=\"widget\" data-e-type=\"widget\" data-widget_type=\"text-editor.default\">\n\t\t\t\t<div class=\"elementor-widget-container\">\n\t\t\t\t\t\t\t\t\t<p>Protection d&rsquo;isolation haute tension par liaison fibre optique entre la jonction fibre cuivre hors r\u00e9seau (CFJ) et l&rsquo;interface de l&rsquo;\u00e9quipement optique (OEI) dans la zone d&rsquo;influence. <\/p>\t\t\t\t\t\t\t\t<\/div>\n\t\t\t\t<\/div>\n\t\t\t\t<div class=\"elementor-element elementor-element-4c623e8 elementor-widget elementor-widget-image\" data-id=\"4c623e8\" data-element_type=\"widget\" data-e-type=\"widget\" data-widget_type=\"image.default\">\n\t\t\t\t<div class=\"elementor-widget-container\">\n\t\t\t\t\t\t\t\t\t\t\t\t\t\t\t<img decoding=\"async\" src=\"https:\/\/dqx.kur.mybluehost.me\/wp-content\/uploads\/2024\/11\/TeleLite-Diagram-OK.jpg\" title=\"\" alt=\"\" loading=\"lazy\" \/>\t\t\t\t\t\t\t\t\t\t\t\t\t\t\t<\/div>\n\t\t\t\t<\/div>\n\t\t\t\t<div class=\"elementor-element elementor-element-3bc8d60 elementor-align-center elementor-widget elementor-widget-button\" data-id=\"3bc8d60\" data-element_type=\"widget\" data-e-type=\"widget\" data-widget_type=\"button.default\">\n\t\t\t\t<div class=\"elementor-widget-container\">\n\t\t\t\t\t\t\t\t\t<div class=\"elementor-button-wrapper\">\n\t\t\t\t\t<a class=\"elementor-button elementor-button-link elementor-size-sm\" href=\"https:\/\/positronpower.com\/fr\/telelite\/\">\n\t\t\t\t\t\t<span class=\"elementor-button-content-wrapper\">\n\t\t\t\t\t\t\t\t\t<span class=\"elementor-button-text\">TeleLite<\/span>\n\t\t\t\t\t<\/span>\n\t\t\t\t\t<\/a>\n\t\t\t\t<\/div>\n\t\t\t\t\t\t\t\t<\/div>\n\t\t\t\t<\/div>\n\t\t\t\t<\/div>\n\t\t<div class=\"elementor-element elementor-element-5a364f5 e-con-full e-flex e-con e-child\" data-id=\"5a364f5\" data-element_type=\"container\" data-e-type=\"container\">\n\t\t\t\t<div class=\"elementor-element elementor-element-767dd59 elementor-widget elementor-widget-heading\" data-id=\"767dd59\" data-element_type=\"widget\" data-e-type=\"widget\" data-widget_type=\"heading.default\">\n\t\t\t\t<div class=\"elementor-widget-container\">\n\t\t\t\t\t<h2 class=\"elementor-heading-title elementor-size-default\">Isolateur Teleline<\/h2>\t\t\t\t<\/div>\n\t\t\t\t<\/div>\n\t\t\t\t<div class=\"elementor-element elementor-element-b9799d4 elementor-widget elementor-widget-text-editor\" data-id=\"b9799d4\" data-element_type=\"widget\" data-e-type=\"widget\" data-widget_type=\"text-editor.default\">\n\t\t\t\t<div class=\"elementor-widget-container\">\n\t\t\t\t\t\t\t\t\t<p>La protection d&rsquo;isolation est assur\u00e9e par un bo\u00eetier unique situ\u00e9 dans la zone d&rsquo;influence. Des cartes PC avec un entrefer de 70 kV cr\u00eate \/ 50 kV efficace isolent le c\u00f4t\u00e9 station du c\u00f4t\u00e9 central. <\/p>\t\t\t\t\t\t\t\t<\/div>\n\t\t\t\t<\/div>\n\t\t\t\t<div class=\"elementor-element elementor-element-c4182ef elementor-widget elementor-widget-image\" data-id=\"c4182ef\" data-element_type=\"widget\" data-e-type=\"widget\" data-widget_type=\"image.default\">\n\t\t\t\t<div class=\"elementor-widget-container\">\n\t\t\t\t\t\t\t\t\t\t\t\t\t\t\t<img decoding=\"async\" src=\"https:\/\/dqx.kur.mybluehost.me-content\/uploads\/2024\/11\/TeleLiNe-Diagram-OK-1.jpg\" title=\"\" alt=\"\" loading=\"lazy\" \/>\t\t\t\t\t\t\t\t\t\t\t\t\t\t\t<\/div>\n\t\t\t\t<\/div>\n\t\t\t\t<div class=\"elementor-element elementor-element-66e9c28 elementor-align-center elementor-widget elementor-widget-button\" data-id=\"66e9c28\" data-element_type=\"widget\" data-e-type=\"widget\" data-widget_type=\"button.default\">\n\t\t\t\t<div class=\"elementor-widget-container\">\n\t\t\t\t\t\t\t\t\t<div class=\"elementor-button-wrapper\">\n\t\t\t\t\t<a class=\"elementor-button elementor-button-link elementor-size-sm\" href=\"https:\/\/positronpower.com\/fr\/teleline\/\">\n\t\t\t\t\t\t<span class=\"elementor-button-content-wrapper\">\n\t\t\t\t\t\t\t\t\t<span class=\"elementor-button-text\">Teleline<\/span>\n\t\t\t\t\t<\/span>\n\t\t\t\t\t<\/a>\n\t\t\t\t<\/div>\n\t\t\t\t\t\t\t\t<\/div>\n\t\t\t\t<\/div>\n\t\t\t\t<\/div>\n\t\t\t\t\t<\/div>\n\t\t\t\t<\/div>\n\t\t\t\t<\/div>\n\t\t","protected":false},"excerpt":{"rendered":"<p>Pourquoi l&rsquo;isolation\/la protection haute tension est-elle importante ? Pour garantir la s\u00e9curit\u00e9 du personnel Pour prot\u00e9ger les \u00e9quipements de t\u00e9l\u00e9communications contre les dommages Pour isoler les circuits de t\u00e9l\u00e9communications des surtensions et des surintensit\u00e9s lors de : D\u00e9fauts de courant Foudre Induction \u00e9lectromagn\u00e9tique Pour assurer un service fiable aux circuits critiques utilis\u00e9s pour : Protection [&hellip;]<\/p>\n","protected":false},"author":1,"featured_media":0,"parent":0,"menu_order":0,"comment_status":"closed","ping_status":"closed","template":"","meta":{"footnotes":""},"class_list":["post-11077","page","type-page","status-publish","hentry"],"_links":{"self":[{"href":"https:\/\/positronpower.com\/fr\/wp-json\/wp\/v2\/pages\/11077","targetHints":{"allow":["GET"]}}],"collection":[{"href":"https:\/\/positronpower.com\/fr\/wp-json\/wp\/v2\/pages"}],"about":[{"href":"https:\/\/positronpower.com\/fr\/wp-json\/wp\/v2\/types\/page"}],"author":[{"embeddable":true,"href":"https:\/\/positronpower.com\/fr\/wp-json\/wp\/v2\/users\/1"}],"replies":[{"embeddable":true,"href":"https:\/\/positronpower.com\/fr\/wp-json\/wp\/v2\/comments?post=11077"}],"version-history":[{"count":8,"href":"https:\/\/positronpower.com\/fr\/wp-json\/wp\/v2\/pages\/11077\/revisions"}],"predecessor-version":[{"id":11715,"href":"https:\/\/positronpower.com\/fr\/wp-json\/wp\/v2\/pages\/11077\/revisions\/11715"}],"wp:attachment":[{"href":"https:\/\/positronpower.com\/fr\/wp-json\/wp\/v2\/media?parent=11077"}],"curies":[{"name":"wp","href":"https:\/\/api.w.org\/{rel}","templated":true}]}}