{"id":11095,"date":"2024-11-11T14:13:48","date_gmt":"2024-11-11T14:13:48","guid":{"rendered":"https:\/\/positronpower.com\/alimentation-isolee-a-distance-en-courant-alternatif-ou-continu\/"},"modified":"2025-11-27T15:17:33","modified_gmt":"2025-11-27T15:17:33","slug":"alimentation-isolee-a-distance-en-courant-alternatif-ou-continu","status":"publish","type":"page","link":"https:\/\/positronpower.com\/fr\/alimentation-isolee-a-distance-en-courant-alternatif-ou-continu\/","title":{"rendered":"Alimentation isol\u00e9e \u00e0 distance en courant alternatif ou continu"},"content":{"rendered":"\t\t<div data-elementor-type=\"wp-page\" data-elementor-id=\"11095\" class=\"elementor elementor-11095 elementor-7360\" data-elementor-post-type=\"page\">\n\t\t\t\t<div class=\"elementor-element elementor-element-04cfb51 e-con-full e-flex e-con e-parent\" data-id=\"04cfb51\" data-element_type=\"container\" data-e-type=\"container\" data-settings=\"{&quot;background_background&quot;:&quot;classic&quot;}\">\n\t\t<div class=\"elementor-element elementor-element-ec40863 e-con-full e-flex e-con e-child\" data-id=\"ec40863\" data-element_type=\"container\" data-e-type=\"container\" data-settings=\"{&quot;background_background&quot;:&quot;classic&quot;}\">\n\t\t\t\t<\/div>\n\t\t\t\t<\/div>\n\t\t<div class=\"elementor-element elementor-element-382f934 e-flex e-con-boxed e-con e-parent\" data-id=\"382f934\" data-element_type=\"container\" data-e-type=\"container\" data-settings=\"{&quot;background_background&quot;:&quot;classic&quot;}\">\n\t\t\t\t\t<div class=\"e-con-inner\">\n\t\t<div class=\"elementor-element elementor-element-cc36b15 e-flex e-con-boxed e-con e-child\" data-id=\"cc36b15\" data-element_type=\"container\" data-e-type=\"container\">\n\t\t\t\t\t<div class=\"e-con-inner\">\n\t\t\t\t<div class=\"elementor-element elementor-element-a75878a elementor-widget elementor-widget-heading\" data-id=\"a75878a\" data-element_type=\"widget\" data-e-type=\"widget\" data-widget_type=\"heading.default\">\n\t\t\t\t<div class=\"elementor-widget-container\">\n\t\t\t\t\t<h2 class=\"elementor-heading-title elementor-size-default\">Alimentation isol\u00e9e \u00e0 distance en courant alternatif ou continu<\/h2>\t\t\t\t<\/div>\n\t\t\t\t<\/div>\n\t\t\t\t<div class=\"elementor-element elementor-element-4dbc1fc elementor-widget elementor-widget-heading\" data-id=\"4dbc1fc\" data-element_type=\"widget\" data-e-type=\"widget\" data-widget_type=\"heading.default\">\n\t\t\t\t<div class=\"elementor-widget-container\">\n\t\t\t\t\t<h3 class=\"elementor-heading-title elementor-size-default\">L'isolateur de puissance Positron fournit une source d'alimentation isol\u00e9e haute tension de 24 Vcc ou 48 Vcc.<\/h3>\t\t\t\t<\/div>\n\t\t\t\t<\/div>\n\t\t\t\t<div class=\"elementor-element elementor-element-45cc71f elementor-widget elementor-widget-text-editor\" data-id=\"45cc71f\" data-element_type=\"widget\" data-e-type=\"widget\" data-widget_type=\"text-editor.default\">\n\t\t\t\t<div class=\"elementor-widget-container\">\n\t\t\t\t\t\t\t\t\t<p>Cette technologie permet aux entreprises d&rsquo;acheminer en toute s\u00e9curit\u00e9 une alimentation flottante de 120 Vca ou de 129 Vcc ou 48 Vcc (batterie de station) vers n&rsquo;importe quel point d&rsquo;un poste \u00e9lectrique, ind\u00e9pendamment du potentiel de terre local. Il se compose d&rsquo;une unit\u00e9 d&rsquo;entr\u00e9e et d&rsquo;une unit\u00e9 de sortie adapt\u00e9es, chacune dot\u00e9e d&rsquo;une barri\u00e8re d&rsquo;isolation de 50 kV efficaces. Un c\u00e2ble \u00e0 haute rigidit\u00e9 di\u00e9lectrique reliant les unit\u00e9s d&rsquo;entr\u00e9e assure la transmission de l&rsquo;alimentation isol\u00e9e via l&rsquo;unit\u00e9 de sortie.  <\/p><p>\u00c0 la pointe de la technologie en mati\u00e8re d&rsquo;isolation haute tension et d&rsquo;\u00e9lectronique de puissance, le syst\u00e8me d&rsquo;isolateur de puissance Positron fournit une source d&rsquo;alimentation isol\u00e9e pour alimenter des dispositifs distants.<\/p>\t\t\t\t\t\t\t\t<\/div>\n\t\t\t\t<\/div>\n\t\t\t\t<div class=\"elementor-element elementor-element-8bf4e93 elementor-widget elementor-widget-heading\" data-id=\"8bf4e93\" data-element_type=\"widget\" data-e-type=\"widget\" data-widget_type=\"heading.default\">\n\t\t\t\t<div class=\"elementor-widget-container\">\n\t\t\t\t\t<h4 class=\"elementor-heading-title elementor-size-default\">Applications pour l'alimentation de dispositifs distants<\/h4>\t\t\t\t<\/div>\n\t\t\t\t<\/div>\n\t\t\t\t<div class=\"elementor-element elementor-element-c61b5a0 elementor-widget elementor-widget-text-editor\" data-id=\"c61b5a0\" data-element_type=\"widget\" data-e-type=\"widget\" data-widget_type=\"text-editor.default\">\n\t\t\t\t<div class=\"elementor-widget-container\">\n\t\t\t\t\t\t\t\t\t<ul><li>Jonction fibre-fibre GPON (FFJ)<\/li><li>Jonction fibre-cuivre (CFJ) \u00e0 l&rsquo;int\u00e9rieur ou \u00e0 l&rsquo;ext\u00e9rieur de la zone d&rsquo;influence (ZOI) du poste de transformation<\/li><li>R\u00e9cepteur sans fil du poste de transformation dans le poste de commutation<\/li><li>Cam\u00e9ras de surveillance<\/li><li>Syst\u00e8mes d&rsquo;alarme<\/li><li>\u00c9clairage<br><br><\/li><\/ul><p>Cette technologie peut \u00e9galement servir \u00e0 la protection contre la foudre dans d&rsquo;autres applications, comme l&rsquo;alimentation de s\u00e9curit\u00e9 de haut-parleurs distants lors de concerts en plein air. La technologie Power Isolator de Positron fournit une source d&rsquo;alimentation ind\u00e9pendante de toute r\u00e9f\u00e9rence \u00e0 la terre. Il en r\u00e9sulte une alimentation insensible aux surtensions soudaines.  <\/p><p>Log\u00e9s dans deux bo\u00eetiers en fibre de verre de 30,5 x 35,5 x 15 cm (norme NEMA 4X), chaque bo\u00eetier renferme une \u00e9lectronique de conversion de puissance sophistiqu\u00e9e associ\u00e9e aux transformateurs d&rsquo;isolement haute tension exclusifs de Positron. Ces bo\u00eetiers peuvent \u00eatre s\u00e9par\u00e9s par des centaines de m\u00e8tres de conducteurs en cuivre de calibre 18 AWG.<\/p><p>Une isolation de 50 kVrms (continue) est obtenue lorsque les conducteurs \u00e9lectriques de calibre 18 AWG sont isol\u00e9s par les transformateurs d&rsquo;isolement haute tension du syst\u00e8me. Pour une isolation haute tension optimale, les conducteurs de calibre 18 AWG doivent \u00eatre install\u00e9s dans une gaine PVC Schedule 80 entre les unit\u00e9s d&rsquo;entr\u00e9e et de sortie de l&rsquo;isolateur. La distance entre les unit\u00e9s d&rsquo;entr\u00e9e et de sortie peut varier de 90 cm \u00e0 plus de 600 m.  <\/p>\t\t\t\t\t\t\t\t<\/div>\n\t\t\t\t<\/div>\n\t\t\t\t<div class=\"elementor-element elementor-element-4c623e8 elementor-widget elementor-widget-image\" data-id=\"4c623e8\" data-element_type=\"widget\" data-e-type=\"widget\" data-widget_type=\"image.default\">\n\t\t\t\t<div class=\"elementor-widget-container\">\n\t\t\t\t\t\t\t\t\t\t\t\t\t\t\t<img fetchpriority=\"high\" decoding=\"async\" width=\"1500\" height=\"456\" src=\"https:\/\/positronpower.com\/wp-content\/uploads\/2025\/07\/Power-Isolator-Diagram.jpg\" class=\"attachment-full size-full wp-image-11094\" alt=\"\" srcset=\"https:\/\/positronpower.com\/wp-content\/uploads\/2025\/07\/Power-Isolator-Diagram.jpg 1500w, https:\/\/positronpower.com\/wp-content\/uploads\/2025\/07\/Power-Isolator-Diagram-300x91.jpg 300w, https:\/\/positronpower.com\/wp-content\/uploads\/2025\/07\/Power-Isolator-Diagram-1024x311.jpg 1024w, https:\/\/positronpower.com\/wp-content\/uploads\/2025\/07\/Power-Isolator-Diagram-768x233.jpg 768w\" sizes=\"(max-width: 1500px) 100vw, 1500px\" \/>\t\t\t\t\t\t\t\t\t\t\t\t\t\t\t<\/div>\n\t\t\t\t<\/div>\n\t\t\t\t\t<\/div>\n\t\t\t\t<\/div>\n\t\t\t\t\t<\/div>\n\t\t\t\t<\/div>\n\t\t<div class=\"elementor-element elementor-element-8dc7480 e-flex e-con-boxed e-con e-parent\" data-id=\"8dc7480\" data-element_type=\"container\" data-e-type=\"container\">\n\t\t\t\t\t<div class=\"e-con-inner\">\n\t\t<div class=\"elementor-element elementor-element-7e79986 e-con-full e-flex e-con e-child\" data-id=\"7e79986\" data-element_type=\"container\" data-e-type=\"container\">\n\t\t\t\t<div class=\"elementor-element elementor-element-8620633 elementor-widget elementor-widget-text-editor\" data-id=\"8620633\" data-element_type=\"widget\" data-e-type=\"widget\" data-widget_type=\"text-editor.default\">\n\t\t\t\t<div class=\"elementor-widget-container\">\n\t\t\t\t\t\t\t\t\t<p>L&rsquo;isolateur de puissance Positron s\u00e9rie 100 peut fournir une puissance de 100 W \u00e0 48 Vcc, totalement isol\u00e9e de toute influence haute tension ou de la terre. Il peut \u00eatre aliment\u00e9 par une source de 120 Vca ou par une prise flottante. Avec une alimentation de 48 Vcc \/ 129 Vcc provenant d&rsquo;une batterie de sous-station, vous pouvez fournir une puissance de sortie de 100 W \u00e0 48 Vcc en tout point, ind\u00e9pendamment du potentiel de terre local. <\/p><p>L&rsquo;isolateur de puissance standard de la s\u00e9rie 100 convient \u00e0 l&rsquo;alimentation isol\u00e9e d&rsquo;une jonction cuivre-fibre (CFJ) d&rsquo;une installation d&rsquo;isolation de communications haute tension \u00e0 fibre hybride, ou d&rsquo;une jonction fibre-fibre (FFI) enti\u00e8rement di\u00e9lectrique, situ\u00e9e \u00e0 l&rsquo;int\u00e9rieur ou \u00e0 l&rsquo;ext\u00e9rieur de la zone d&rsquo;influence d&rsquo;une centrale \u00e9lectrique. D&rsquo;autres mod\u00e8les sont disponibles sur mesure pour des puissances de sortie sup\u00e9rieures (200 W, 300 W, etc.), avec diff\u00e9rentes tensions d&rsquo;entr\u00e9e et fournissant diff\u00e9rentes tensions de sortie, en mode r\u00e9gul\u00e9 ou non r\u00e9gul\u00e9.  <\/p>\t\t\t\t\t\t\t\t<\/div>\n\t\t\t\t<\/div>\n\t\t\t\t<div class=\"elementor-element elementor-element-330387e elementor-widget elementor-widget-Table\" data-id=\"330387e\" data-element_type=\"widget\" data-e-type=\"widget\" data-widget_type=\"Table.default\">\n\t\t\t\t<div class=\"elementor-widget-container\">\n\t\t\t\t\t\t\t<table class=\"tafe-table \">\n\t\t\t<thead  class=\"tafe-table-header\">\n\t\t\t\t<tr>\n\t\t\t\t\t<th class=\"elementor-inline-editing elementor-repeater-item-41d55c1\"   >PRODUCT NUMBER<\/th><th class=\"elementor-inline-editing elementor-repeater-item-96458c7\"   >DESCRIPTION<\/th><th class=\"elementor-inline-editing elementor-repeater-item-bc1bf7d\"   >PRODUCT PICTURE<\/th><th class=\"elementor-inline-editing elementor-repeater-item-1bbb270\"   >TECH SPECS \/ MANUALS<\/th>\t\t\t\t<\/tr>\n\t\t\t<\/thead>\n\t\t\t\t\t\t<tbody class=\"tafe-table-body\">\n\t\t\t\t<tr>\n\t\t\t\t\t<td data-label=\"PRODUCT NUMBER\" colSpan=\"4\"  class=\"elementor-repeater-item-e74df23 td-content-type-default\" ><strong>Remote AC or DC Isolated Powering<\/strong><\/td><\/tr><tr><td data-label=\"PRODUCT NUMBER\"   class=\"elementor-repeater-item-e83273b td-content-type-default\" >755610<\/td><td data-label=\"DESCRIPTION\"   class=\"elementor-repeater-item-e7130db td-content-type-default\" >Output Unit<\/td><td data-label=\"PRODUCT PICTURE\"  rowSpan=\"1\" class=\"elementor-repeater-item-b6381dd td-content-type-default\" ><img decoding=\"async\" style=\"width:200px\" src=\"https:\/\/dqx.kur.mybluehost.me\/wp-content\/uploads\/2025\/07\/725610-ok.jpg\" alt=\"Teleline 3-card shelf\"><\/td><td data-label=\"TECH SPECS \/ MANUALS\"  rowSpan=\"2\" class=\"elementor-repeater-item-b184ede td-content-type-default\" ><a class=\"elementor-button elementor-size-sm\" style=\"color: white;font-weight: bold\" href=\"https:\/\/dqx.kur.mybluehost.me\/wp-content\/uploads\/2024\/11\/925W725610-03E.pdf\" target=\"_blank\" rel=\"noopener\">DOWNLOAD<\/a><\/td><\/tr><tr><td data-label=\"PRODUCT NUMBER\"   class=\"elementor-repeater-item-aa6b81f td-content-type-default\" >755611<\/td><td data-label=\"DESCRIPTION\"   class=\"elementor-repeater-item-cd2d2da td-content-type-default\" >Input Unit<\/td><td data-label=\"PRODUCT PICTURE\"  rowSpan=\"1\" class=\"elementor-repeater-item-fdecf10 td-content-type-default\" ><img decoding=\"async\" style=\"width:200px\" src=\"https:\/\/dqx.kur.mybluehost.me\/wp-content\/uploads\/2025\/07\/725611-ok.jpg\" alt=\"Teleline 3-card shelf\"><\/td>\t\t\t\t<\/tr>\n\t\t\t<\/tbody>\n\t\t<\/table>\n\t\t\n\t\t\t\t\t\t<\/div>\n\t\t\t\t<\/div>\n\t\t\t\t<\/div>\n\t\t\t\t\t<\/div>\n\t\t\t\t<\/div>\n\t\t\t\t<\/div>\n\t\t","protected":false},"excerpt":{"rendered":"<p>Alimentation isol\u00e9e \u00e0 distance en courant alternatif ou continu L&rsquo;isolateur de puissance Positron fournit une source d&rsquo;alimentation isol\u00e9e haute tension de 24 Vcc ou 48 Vcc. Cette technologie permet aux entreprises d&rsquo;acheminer en toute s\u00e9curit\u00e9 une alimentation flottante de 120 Vca ou de 129 Vcc ou 48 Vcc (batterie de station) vers n&rsquo;importe quel point [&hellip;]<\/p>\n","protected":false},"author":1,"featured_media":0,"parent":0,"menu_order":0,"comment_status":"closed","ping_status":"closed","template":"","meta":{"footnotes":""},"class_list":["post-11095","page","type-page","status-publish","hentry"],"_links":{"self":[{"href":"https:\/\/positronpower.com\/fr\/wp-json\/wp\/v2\/pages\/11095","targetHints":{"allow":["GET"]}}],"collection":[{"href":"https:\/\/positronpower.com\/fr\/wp-json\/wp\/v2\/pages"}],"about":[{"href":"https:\/\/positronpower.com\/fr\/wp-json\/wp\/v2\/types\/page"}],"author":[{"embeddable":true,"href":"https:\/\/positronpower.com\/fr\/wp-json\/wp\/v2\/users\/1"}],"replies":[{"embeddable":true,"href":"https:\/\/positronpower.com\/fr\/wp-json\/wp\/v2\/comments?post=11095"}],"version-history":[{"count":5,"href":"https:\/\/positronpower.com\/fr\/wp-json\/wp\/v2\/pages\/11095\/revisions"}],"predecessor-version":[{"id":11683,"href":"https:\/\/positronpower.com\/fr\/wp-json\/wp\/v2\/pages\/11095\/revisions\/11683"}],"wp:attachment":[{"href":"https:\/\/positronpower.com\/fr\/wp-json\/wp\/v2\/media?parent=11095"}],"curies":[{"name":"wp","href":"https:\/\/api.w.org\/{rel}","templated":true}]}}