{"id":11134,"date":"2022-03-01T16:16:59","date_gmt":"2022-03-01T16:16:59","guid":{"rendered":"https:\/\/positronpower.com\/testeur-disolateurs-de-sous-station\/"},"modified":"2025-11-26T20:47:23","modified_gmt":"2025-11-26T20:47:23","slug":"testeur-disolateurs-de-sous-station","status":"publish","type":"page","link":"https:\/\/positronpower.com\/fr\/testeur-disolateurs-de-sous-station\/","title":{"rendered":"Testeur d&rsquo;isolateurs de sous-station"},"content":{"rendered":"\t\t<div data-elementor-type=\"wp-page\" data-elementor-id=\"11134\" class=\"elementor elementor-11134 elementor-2914\" data-elementor-post-type=\"page\">\n\t\t\t\t\t\t<section class=\"elementor-section elementor-top-section elementor-element elementor-element-5470588 linebottom elementor-section-height-min-height elementor-section-items-bottom elementor-section-boxed elementor-section-height-default\" data-id=\"5470588\" data-element_type=\"section\" data-e-type=\"section\" data-settings=\"{&quot;background_background&quot;:&quot;slideshow&quot;,&quot;background_slideshow_gallery&quot;:[{&quot;id&quot;:11133,&quot;url&quot;:&quot;https:\\\/\\\/positronpower.com\\\/wp-content\\\/uploads\\\/2025\\\/03\\\/Universal-Skies-Fileld-Test.jpg&quot;}],&quot;background_slideshow_loop&quot;:&quot;yes&quot;,&quot;background_slideshow_slide_duration&quot;:5000,&quot;background_slideshow_slide_transition&quot;:&quot;fade&quot;,&quot;background_slideshow_transition_duration&quot;:500}\">\n\t\t\t\t\t\t<div class=\"elementor-container elementor-column-gap-default\">\n\t\t\t\t\t<div class=\"elementor-column elementor-col-100 elementor-top-column elementor-element elementor-element-c10e2bb\" data-id=\"c10e2bb\" data-element_type=\"column\" data-e-type=\"column\">\n\t\t\t<div class=\"elementor-widget-wrap\">\n\t\t\t\t\t\t\t<\/div>\n\t\t<\/div>\n\t\t\t\t\t<\/div>\n\t\t<\/section>\n\t\t<div class=\"elementor-element elementor-element-092eb7d e-flex e-con-boxed e-con e-parent\" data-id=\"092eb7d\" data-element_type=\"container\" data-e-type=\"container\">\n\t\t\t\t\t<div class=\"e-con-inner\">\n\t\t\t\t<div class=\"elementor-element elementor-element-9c36c69 elementor-widget elementor-widget-heading\" data-id=\"9c36c69\" data-element_type=\"widget\" data-e-type=\"widget\" data-widget_type=\"heading.default\">\n\t\t\t\t<div class=\"elementor-widget-container\">\n\t\t\t\t\t<h2 class=\"elementor-heading-title elementor-size-default\">Testeur d'isolateurs de sous-station<\/h2>\t\t\t\t<\/div>\n\t\t\t\t<\/div>\n\t\t\t\t\t<\/div>\n\t\t\t\t<\/div>\n\t\t\t\t<section class=\"elementor-section elementor-top-section elementor-element elementor-element-e82176e elementor-section-boxed elementor-section-height-default elementor-section-height-default\" data-id=\"e82176e\" data-element_type=\"section\" data-e-type=\"section\">\n\t\t\t\t\t\t<div class=\"elementor-container elementor-column-gap-default\">\n\t\t\t\t\t<div class=\"elementor-column elementor-col-66 elementor-top-column elementor-element elementor-element-c5220e8\" data-id=\"c5220e8\" data-element_type=\"column\" data-e-type=\"column\">\n\t\t\t<div class=\"elementor-widget-wrap elementor-element-populated\">\n\t\t\t\t\t\t<section class=\"elementor-section elementor-inner-section elementor-element elementor-element-32386c2 elementor-section-boxed elementor-section-height-default elementor-section-height-default\" data-id=\"32386c2\" data-element_type=\"section\" data-e-type=\"section\">\n\t\t\t\t\t\t<div class=\"elementor-container elementor-column-gap-default\">\n\t\t\t\t\t<div class=\"elementor-column elementor-col-100 elementor-inner-column elementor-element elementor-element-386cb83\" data-id=\"386cb83\" data-element_type=\"column\" data-e-type=\"column\">\n\t\t\t<div class=\"elementor-widget-wrap elementor-element-populated\">\n\t\t\t\t\t\t<div class=\"elementor-element elementor-element-0d743cb elementor-widget elementor-widget-text-editor\" data-id=\"0d743cb\" data-element_type=\"widget\" data-e-type=\"widget\" data-widget_type=\"text-editor.default\">\n\t\t\t\t<div class=\"elementor-widget-container\">\n\t\t\t\t\t\t\t\t\t<div class=\"col-md-5 col-sm-6\"><div class=\"col-md-5 col-sm-6\"><h5><span style=\"color: #000000;\"><strong>Gr\u00e2ce au testeur d&rsquo;isolateurs de sous-station, les isolateurs des appareils \u00e9lectriques haute tension des sous-stations peuvent d\u00e9sormais \u00eatre test\u00e9s sous tension de mani\u00e8re fiable, sans coupure de courant.<\/strong><\/span><\/h5><p>La d\u00e9faillance d&rsquo;une travers\u00e9e isolante dans une sous-station peut avoir des cons\u00e9quences catastrophiques. Par exemple, la d\u00e9faillance d&rsquo;une travers\u00e9e isolante de transformateur peut entra\u00eener une explosion, la destruction du transformateur (entra\u00eenant des millions de dollars de pertes), une interruption de service importante (coupure de courant) jusqu&rsquo;\u00e0 l&rsquo;obtention d&rsquo;une pi\u00e8ce de rechange, ainsi qu&rsquo;un danger pour les autres \u00e9quipements et le personnel. <\/p><p>Le testeur d&rsquo;isolateurs de sous-station a \u00e9t\u00e9 sp\u00e9cialement con\u00e7u pour tester l&rsquo;int\u00e9grit\u00e9 des isolateurs et des travers\u00e9es isolantes de toutes formes et de toutes tailles pr\u00e9sents dans les sous-stations. Il utilise la technologie \u00e9prouv\u00e9e de champ \u00e9lectrique de Positron pour d\u00e9tecter tout d\u00e9faut de conduction sans couper l&rsquo;alimentation des isolateurs\/traverses isolantes ni des appareils auxquels ils sont raccord\u00e9s. Il permet \u00e0 l&rsquo;utilisateur de tester un isolateur ou une travers\u00e9e isolante en moins d&rsquo;une minute afin de d\u00e9terminer s&rsquo;il pr\u00e9sente des d\u00e9fauts de conduction, des conditions dangereuses et s&rsquo;il est possible d&rsquo;intervenir en toute s\u00e9curit\u00e9 \u00e0 proximit\u00e9 ou si une maintenance est n\u00e9cessaire.  <\/p><\/div><\/div>\t\t\t\t\t\t\t\t<\/div>\n\t\t\t\t<\/div>\n\t\t\t\t\t<\/div>\n\t\t<\/div>\n\t\t\t\t\t<\/div>\n\t\t<\/section>\n\t\t\t\t<div class=\"elementor-element elementor-element-d29aeda elementor-widget elementor-widget-text-editor\" data-id=\"d29aeda\" data-element_type=\"widget\" data-e-type=\"widget\" data-widget_type=\"text-editor.default\">\n\t\t\t\t<div class=\"elementor-widget-container\">\n\t\t\t\t\t\t\t\t\t<ul class=\"left-span\"><li>Used on all types of substation insulators (Porcelain, Composite)<\/li><li>Id\u00e9al pour les environnements de sous-station de toutes formes et dimensions, y compris les isolateurs coniques, les travers\u00e9es, les poteaux de station et les parafoudres.<\/li><li>Con\u00e7u pour la s\u00e9curit\u00e9 de l&rsquo;op\u00e9rateur (aucun contact \u00e9lectrique avec les parties m\u00e9talliques de l&rsquo;isolateur, les raccords ou la ligne haute tension).<\/li><li>Construction l\u00e9g\u00e8re et robuste.<\/li><\/ul>\t\t\t\t\t\t\t\t<\/div>\n\t\t\t\t<\/div>\n\t\t\t\t<div class=\"elementor-element elementor-element-b8365e9 elementor-widget elementor-widget-text-editor\" data-id=\"b8365e9\" data-element_type=\"widget\" data-e-type=\"widget\" data-widget_type=\"text-editor.default\">\n\t\t\t\t<div class=\"elementor-widget-container\">\n\t\t\t\t\t\t\t\t\t<div class=\"col-md-12 col-sm-12\"><h5 class=\"black h4\"><strong>Caract\u00e9ristiques<\/strong><\/h5><ul><li>Technologie \u00e0 microprocesseur.<\/li><li>Compatible avec les perches isolantes et les \u00e9quipements de terrain standard.<\/li><li>Teste les isolateurs en porcelaine, composites, les poteaux de station et autres (voir fiche technique).<\/li><li>Les mesures sont effectu\u00e9es automatiquement sur chaque cloche d&rsquo;isolateur en porcelaine ou jupe d&rsquo;isolateur composite, le d\u00e9clenchement des mesures s&rsquo;effectue en d\u00e9pla\u00e7ant l&rsquo;appareil de test le long de l&rsquo;isolateur\/traverse test\u00e9.<\/li><li>L\u00e9ger et robuste.<\/li><li>Mallette de transport renforc\u00e9e.<\/li><li>Compatible avec tablette\/ordinateur portable.<br><br><\/li><\/ul><p><strong>Remarque :<\/strong> Le testeur de sous-station utilise la m\u00eame technologie fiable de d\u00e9tection des d\u00e9fauts de champ \u00e9lectrique que les testeurs pour isolateurs en porcelaine et composites. Testeurs d&rsquo;isolateurs Positron. L&rsquo;affichage pr\u00e9sente les d\u00e9fauts diff\u00e9remment des autres testeurs Positron. Une formation est n\u00e9cessaire pour interpr\u00e9ter les r\u00e9sultats. Cependant, la pr\u00e9vention des d\u00e9faillances dans un poste de transformation justifie largement la formation requise et la n\u00e9cessit\u00e9 de d\u00e9connecter l&rsquo;\u00e9quipement du r\u00e9seau et de tester les travers\u00e9es hors tension.   <\/p><p><strong>Options disponibles :<\/strong><\/p><ul><li>Testeur d&rsquo;isolateurs de poste, 50 Hz 3782652U\/50<\/li><li>Testeur d&rsquo;isolateurs de poste, 60 Hz 3782652U\/60<\/li><\/ul><\/div>\t\t\t\t\t\t\t\t<\/div>\n\t\t\t\t<\/div>\n\t\t\t\t<div class=\"elementor-element elementor-element-9f67f74 elementor-widget elementor-widget-Table\" data-id=\"9f67f74\" data-element_type=\"widget\" data-e-type=\"widget\" data-widget_type=\"Table.default\">\n\t\t\t\t<div class=\"elementor-widget-container\">\n\t\t\t\t\t\t\t<table class=\"tafe-table \">\n\t\t\t<thead  class=\"tafe-table-header\">\n\t\t\t\t<tr>\n\t\t\t\t\t<th class=\"elementor-inline-editing elementor-repeater-item-e5e9b80\"   >PRODUCT NUMBER<\/th><th class=\"elementor-inline-editing elementor-repeater-item-7592a15\"   >DESCRIPTION<\/th><th class=\"elementor-inline-editing elementor-repeater-item-dd14538\"   >DOWNLOAD<\/th>\t\t\t\t<\/tr>\n\t\t\t<\/thead>\n\t\t\t\t\t\t<tbody class=\"tafe-table-body\">\n\t\t\t\t<tr>\n\t\t\t\t\t<td data-label=\"PRODUCT NUMBER\"   class=\"elementor-repeater-item-1c8cdd1 td-content-type-default\" >3782652U\/50<br>3782652U\/60<\/td><td data-label=\"DESCRIPTION\"   class=\"elementor-repeater-item-022b12d td-content-type-default\" >Substation Insulator Tester<\/td><td data-label=\"DOWNLOAD\"   class=\"elementor-repeater-item-752483e td-content-type-default\" >\n<a style=\"padding:5px 20px;background:#680006;color:white;border: 0;width:250px\" href=\"https:\/\/dqx.kur.mybluehost.me\/wp-content\/uploads\/2024\/09\/PID-Substation-Insulator-Tester.pdf\" target=\"_blank\" rel=\"noopener\">Specification \/ Datasheet<\/a><\/td>\t\t\t\t<\/tr>\n\t\t\t<\/tbody>\n\t\t<\/table>\n\t\t\n\t\t\t\t\t\t<\/div>\n\t\t\t\t<\/div>\n\t\t\t\t\t<\/div>\n\t\t<\/div>\n\t\t\t\t<div class=\"elementor-column elementor-col-33 elementor-top-column elementor-element elementor-element-54fbfb2\" data-id=\"54fbfb2\" data-element_type=\"column\" data-e-type=\"column\">\n\t\t\t<div class=\"elementor-widget-wrap elementor-element-populated\">\n\t\t\t\t\t\t<div class=\"elementor-element elementor-element-5e9ae1d elementor-pagination-position-outside elementor-widget elementor-widget-image-carousel\" data-id=\"5e9ae1d\" data-element_type=\"widget\" data-e-type=\"widget\" data-settings=\"{&quot;slides_to_show&quot;:&quot;1&quot;,&quot;navigation&quot;:&quot;dots&quot;,&quot;autoplay&quot;:&quot;yes&quot;,&quot;pause_on_hover&quot;:&quot;yes&quot;,&quot;pause_on_interaction&quot;:&quot;yes&quot;,&quot;autoplay_speed&quot;:5000,&quot;infinite&quot;:&quot;yes&quot;,&quot;effect&quot;:&quot;slide&quot;,&quot;speed&quot;:500}\" data-widget_type=\"image-carousel.default\">\n\t\t\t\t<div class=\"elementor-widget-container\">\n\t\t\t\t\t\t\t<div class=\"elementor-image-carousel-wrapper swiper\" role=\"region\" aria-roledescription=\"carousel\" aria-label=\"Image Carousel\" dir=\"ltr\">\n\t\t\t<div class=\"elementor-image-carousel swiper-wrapper\" aria-live=\"off\">\n\t\t\t\t\t\t\t\t<div class=\"swiper-slide\" role=\"group\" aria-roledescription=\"slide\" aria-label=\"1 sur 4\"><figure class=\"swiper-slide-inner\"><img decoding=\"async\" class=\"swiper-slide-image\" src=\"https:\/\/positronpower.com\/wp-content\/uploads\/2024\/04\/3782652U-2.jpg\" alt=\"3782652U-2\" \/><\/figure><\/div><div class=\"swiper-slide\" role=\"group\" aria-roledescription=\"slide\" aria-label=\"2 sur 4\"><figure class=\"swiper-slide-inner\"><img decoding=\"async\" class=\"swiper-slide-image\" src=\"https:\/\/positronpower.com\/wp-content\/uploads\/2024\/04\/3782652U-3.jpg\" alt=\"3782652U-3\" \/><\/figure><\/div><div class=\"swiper-slide\" role=\"group\" aria-roledescription=\"slide\" aria-label=\"3 sur 4\"><figure class=\"swiper-slide-inner\"><img decoding=\"async\" class=\"swiper-slide-image\" src=\"https:\/\/positronpower.com\/wp-content\/uploads\/2025\/03\/tablet-Composite.jpg\" alt=\"tablet-composite\" \/><\/figure><\/div><div class=\"swiper-slide\" role=\"group\" aria-roledescription=\"slide\" aria-label=\"4 sur 4\"><figure class=\"swiper-slide-inner\"><img decoding=\"async\" class=\"swiper-slide-image\" src=\"https:\/\/positronpower.com\/wp-content\/uploads\/2025\/03\/Substation-Case-Sliders.png\" alt=\"Substation-Case-Sliders\" \/><\/figure><\/div>\t\t\t<\/div>\n\t\t\t\t\t\t\t\n\t\t\t\t\t\t\t\t\t<div class=\"swiper-pagination\"><\/div>\n\t\t\t\t\t\t\t\t\t<\/div>\n\t\t\t\t\t\t<\/div>\n\t\t\t\t<\/div>\n\t\t\t\t<div class=\"elementor-element elementor-element-475c5ee elementor-widget elementor-widget-heading\" data-id=\"475c5ee\" data-element_type=\"widget\" data-e-type=\"widget\" data-widget_type=\"heading.default\">\n\t\t\t\t<div class=\"elementor-widget-container\">\n\t\t\t\t\t<h5 class=\"elementor-heading-title elementor-size-default\">Testeurs d'isolateurs Positron<\/h5>\t\t\t\t<\/div>\n\t\t\t\t<\/div>\n\t\t\t\t<div class=\"elementor-element elementor-element-48493c8 elementor-nav-menu--dropdown-tablet elementor-nav-menu__text-align-aside elementor-nav-menu--toggle elementor-nav-menu--burger elementor-widget elementor-widget-nav-menu\" data-id=\"48493c8\" data-element_type=\"widget\" data-e-type=\"widget\" data-settings=\"{&quot;layout&quot;:&quot;vertical&quot;,&quot;submenu_icon&quot;:{&quot;value&quot;:&quot;&lt;i class=\\&quot;fas fa-caret-down\\&quot; aria-hidden=\\&quot;true\\&quot;&gt;&lt;\\\/i&gt;&quot;,&quot;library&quot;:&quot;fa-solid&quot;},&quot;toggle&quot;:&quot;burger&quot;}\" data-widget_type=\"nav-menu.default\">\n\t\t\t\t<div class=\"elementor-widget-container\">\n\t\t\t\t\t\t\t\t<nav aria-label=\"Menu\" class=\"elementor-nav-menu--main elementor-nav-menu__container elementor-nav-menu--layout-vertical e--pointer-background e--animation-fade\">\n\t\t\t\t<ul id=\"menu-1-48493c8\" class=\"elementor-nav-menu sm-vertical\"><li class=\"menu-item menu-item-type-post_type menu-item-object-page menu-item-3263\"><a href=\"https:\/\/positronpower.com\/porcelain-insulator-tester\/\" class=\"elementor-item\">Testeur d&rsquo;isolateurs en porcelaine<\/a><\/li>\n<li class=\"menu-item menu-item-type-post_type menu-item-object-page menu-item-3262\"><a href=\"https:\/\/positronpower.com\/composite-insulator-tester\/\" class=\"elementor-item\">Testeur d&rsquo;isolateurs composites<\/a><\/li>\n<li class=\"menu-item menu-item-type-post_type menu-item-object-page menu-item-5447\"><a href=\"https:\/\/positronpower.com\/porcelain-disc-tester\/\" class=\"elementor-item\">Testeur de disque en porcelaine<\/a><\/li>\n<li class=\"menu-item menu-item-type-post_type menu-item-object-page menu-item-9398\"><a href=\"https:\/\/positronpower.com\/substation-insulator-tester\/\" class=\"elementor-item\">Testeur d&rsquo;isolateurs de sous-station<\/a><\/li>\n<li class=\"menu-item menu-item-type-post_type menu-item-object-page menu-item-3825\"><a href=\"https:\/\/positronpower.com\/positron-drone-tester\/\" class=\"elementor-item\">Testeur de drone Positron<\/a><\/li>\n<li class=\"menu-item menu-item-type-post_type menu-item-object-page menu-item-3265\"><a href=\"https:\/\/positronpower.com\/insulator-tester-tablet-laptop\/\" class=\"elementor-item\">Tablette\/ordinateur portable pour testeur d&rsquo;isolateurs<\/a><\/li>\n<\/ul>\t\t\t<\/nav>\n\t\t\t\t\t<div class=\"elementor-menu-toggle\" role=\"button\" tabindex=\"0\" aria-label=\"Permuter le menu\" aria-expanded=\"false\">\n\t\t\t<i aria-hidden=\"true\" role=\"presentation\" class=\"elementor-menu-toggle__icon--open eicon-menu-bar\"><\/i><i aria-hidden=\"true\" role=\"presentation\" class=\"elementor-menu-toggle__icon--close eicon-close\"><\/i>\t\t<\/div>\n\t\t\t\t\t<nav class=\"elementor-nav-menu--dropdown elementor-nav-menu__container\" aria-hidden=\"true\">\n\t\t\t\t<ul id=\"menu-2-48493c8\" class=\"elementor-nav-menu sm-vertical\"><li class=\"menu-item menu-item-type-post_type menu-item-object-page menu-item-3263\"><a href=\"https:\/\/positronpower.com\/porcelain-insulator-tester\/\" class=\"elementor-item\" tabindex=\"-1\">Testeur d&rsquo;isolateurs en porcelaine<\/a><\/li>\n<li class=\"menu-item menu-item-type-post_type menu-item-object-page menu-item-3262\"><a href=\"https:\/\/positronpower.com\/composite-insulator-tester\/\" class=\"elementor-item\" tabindex=\"-1\">Testeur d&rsquo;isolateurs composites<\/a><\/li>\n<li class=\"menu-item menu-item-type-post_type menu-item-object-page menu-item-5447\"><a href=\"https:\/\/positronpower.com\/porcelain-disc-tester\/\" class=\"elementor-item\" tabindex=\"-1\">Testeur de disque en porcelaine<\/a><\/li>\n<li class=\"menu-item menu-item-type-post_type menu-item-object-page menu-item-9398\"><a href=\"https:\/\/positronpower.com\/substation-insulator-tester\/\" class=\"elementor-item\" tabindex=\"-1\">Testeur d&rsquo;isolateurs de sous-station<\/a><\/li>\n<li class=\"menu-item menu-item-type-post_type menu-item-object-page menu-item-3825\"><a href=\"https:\/\/positronpower.com\/positron-drone-tester\/\" class=\"elementor-item\" tabindex=\"-1\">Testeur de drone Positron<\/a><\/li>\n<li class=\"menu-item menu-item-type-post_type menu-item-object-page menu-item-3265\"><a href=\"https:\/\/positronpower.com\/insulator-tester-tablet-laptop\/\" class=\"elementor-item\" tabindex=\"-1\">Tablette\/ordinateur portable pour testeur d&rsquo;isolateurs<\/a><\/li>\n<\/ul>\t\t\t<\/nav>\n\t\t\t\t\t\t<\/div>\n\t\t\t\t<\/div>\n\t\t\t\t\t<\/div>\n\t\t<\/div>\n\t\t\t\t\t<\/div>\n\t\t<\/section>\n\t\t\t\t<\/div>\n\t\t","protected":false},"excerpt":{"rendered":"<p>Testeur d&rsquo;isolateurs de sous-station Gr\u00e2ce au testeur d&rsquo;isolateurs de sous-station, les isolateurs des appareils \u00e9lectriques haute tension des sous-stations peuvent d\u00e9sormais \u00eatre test\u00e9s sous tension de mani\u00e8re fiable, sans coupure de courant. La d\u00e9faillance d&rsquo;une travers\u00e9e isolante dans une sous-station peut avoir des cons\u00e9quences catastrophiques. Par exemple, la d\u00e9faillance d&rsquo;une travers\u00e9e isolante de transformateur peut [&hellip;]<\/p>\n","protected":false},"author":1,"featured_media":0,"parent":0,"menu_order":0,"comment_status":"closed","ping_status":"closed","template":"","meta":{"footnotes":""},"class_list":["post-11134","page","type-page","status-publish","hentry"],"_links":{"self":[{"href":"https:\/\/positronpower.com\/fr\/wp-json\/wp\/v2\/pages\/11134","targetHints":{"allow":["GET"]}}],"collection":[{"href":"https:\/\/positronpower.com\/fr\/wp-json\/wp\/v2\/pages"}],"about":[{"href":"https:\/\/positronpower.com\/fr\/wp-json\/wp\/v2\/types\/page"}],"author":[{"embeddable":true,"href":"https:\/\/positronpower.com\/fr\/wp-json\/wp\/v2\/users\/1"}],"replies":[{"embeddable":true,"href":"https:\/\/positronpower.com\/fr\/wp-json\/wp\/v2\/comments?post=11134"}],"version-history":[{"count":3,"href":"https:\/\/positronpower.com\/fr\/wp-json\/wp\/v2\/pages\/11134\/revisions"}],"predecessor-version":[{"id":11658,"href":"https:\/\/positronpower.com\/fr\/wp-json\/wp\/v2\/pages\/11134\/revisions\/11658"}],"wp:attachment":[{"href":"https:\/\/positronpower.com\/fr\/wp-json\/wp\/v2\/media?parent=11134"}],"curies":[{"name":"wp","href":"https:\/\/api.w.org\/{rel}","templated":true}]}}